{"id":5062,"date":"2025-01-23T10:40:46","date_gmt":"2025-01-23T09:40:46","guid":{"rendered":"https:\/\/gebirgsverein1880ev.de\/nasze-stowarzyszenie\/"},"modified":"2025-02-04T22:46:02","modified_gmt":"2025-02-04T21:46:02","slug":"nasze-stowarzyszenie","status":"publish","type":"page","link":"https:\/\/gebirgsverein1880ev.de\/pl\/nasze-stowarzyszenie\/","title":{"rendered":"Nasze stowarzyszenie"},"content":{"rendered":"\t\t<div data-elementor-type=\"wp-page\" data-elementor-id=\"5062\" class=\"elementor elementor-5062 elementor-4421\">\n\t\t\t\t<div class=\"elementor-element elementor-element-65ea780 e-flex e-con-boxed e-con e-parent\" data-id=\"65ea780\" data-element_type=\"container\" data-settings=\"{&quot;background_background&quot;:&quot;classic&quot;}\">\n\t\t\t\t\t<div class=\"e-con-inner\">\n\t\t\t\t<div class=\"elementor-element elementor-element-677d3e1 elementor-widget elementor-widget-heading\" data-id=\"677d3e1\" data-element_type=\"widget\" data-widget_type=\"heading.default\">\n\t\t\t\t<div class=\"elementor-widget-container\">\n\t\t\t\t\t<h1 class=\"elementor-heading-title elementor-size-default\">Nasze stowarzyszenie<\/h1>\t\t\t\t<\/div>\n\t\t\t\t<\/div>\n\t\t\t\t\t<\/div>\n\t\t\t\t<\/div>\n\t\t<div class=\"elementor-element elementor-element-bce4519 e-flex e-con-boxed e-con e-parent\" data-id=\"bce4519\" data-element_type=\"container\" data-settings=\"{&quot;background_background&quot;:&quot;classic&quot;}\">\n\t\t\t\t\t<div class=\"e-con-inner\">\n\t\t<div class=\"elementor-element elementor-element-c99db6b e-con-full e-flex e-con e-child\" data-id=\"c99db6b\" data-element_type=\"container\">\n\t\t\t\t<div class=\"elementor-element elementor-element-bebc299 elementor-widget-mobile__width-inherit elementor-widget elementor-widget-image\" data-id=\"bebc299\" data-element_type=\"widget\" data-widget_type=\"image.default\">\n\t\t\t\t<div class=\"elementor-widget-container\">\n\t\t\t\t\t\t\t\t\t\t\t\t\t\t\t<img fetchpriority=\"high\" decoding=\"async\" width=\"1532\" height=\"2048\" src=\"https:\/\/gebirgsverein1880ev.de\/wp-content\/uploads\/jonsdorfer-gebirgsverein-tradition-musik.jpg\" class=\"attachment-full size-full wp-image-4918\" alt=\"\" srcset=\"https:\/\/gebirgsverein1880ev.de\/wp-content\/uploads\/jonsdorfer-gebirgsverein-tradition-musik.jpg 1532w, https:\/\/gebirgsverein1880ev.de\/wp-content\/uploads\/jonsdorfer-gebirgsverein-tradition-musik-224x300.jpg 224w, https:\/\/gebirgsverein1880ev.de\/wp-content\/uploads\/jonsdorfer-gebirgsverein-tradition-musik-766x1024.jpg 766w, https:\/\/gebirgsverein1880ev.de\/wp-content\/uploads\/jonsdorfer-gebirgsverein-tradition-musik-768x1027.jpg 768w, https:\/\/gebirgsverein1880ev.de\/wp-content\/uploads\/jonsdorfer-gebirgsverein-tradition-musik-1149x1536.jpg 1149w\" sizes=\"(max-width: 1532px) 100vw, 1532px\" \/>\t\t\t\t\t\t\t\t\t\t\t\t\t\t\t<\/div>\n\t\t\t\t<\/div>\n\t\t\t\t<\/div>\n\t\t<div class=\"elementor-element elementor-element-be28ad9 e-con-full e-flex e-con e-child\" data-id=\"be28ad9\" data-element_type=\"container\">\n\t\t\t\t<div class=\"elementor-element elementor-element-2d2077d elementor-widget elementor-widget-heading\" data-id=\"2d2077d\" data-element_type=\"widget\" data-widget_type=\"heading.default\">\n\t\t\t\t<div class=\"elementor-widget-container\">\n\t\t\t\t\t<h2 class=\"elementor-heading-title elementor-size-default\">Historia klubu<\/h2>\t\t\t\t<\/div>\n\t\t\t\t<\/div>\n\t\t\t\t<div class=\"elementor-element elementor-element-bdc375d elementor-widget elementor-widget-text-editor\" data-id=\"bdc375d\" data-element_type=\"widget\" data-widget_type=\"text-editor.default\">\n\t\t\t\t<div class=\"elementor-widget-container\">\n\t\t\t\t\t\t\t\t\t<p>W dniu 30 marca 2001 r. <strong>Jonsdorfer Gebirgsverein 1880 e. V.<\/strong> zosta\u0142 ponownie za\u0142o\u017cony zgodnie z tradycj\u0105 starego klubu g\u00f3rskiego.<\/p>\n\t\t\t\t\t\t\t\t<\/div>\n\t\t\t\t<\/div>\n\t\t\t\t<div class=\"elementor-element elementor-element-2f829ad elementor-widget elementor-widget-text-editor\" data-id=\"2f829ad\" data-element_type=\"widget\" data-widget_type=\"text-editor.default\">\n\t\t\t\t<div class=\"elementor-widget-container\">\n\t\t\t\t\t\t\t\t\t<p>Stowarzyszenie czuje si\u0119 zwi\u0105zane z dawnym klubem g\u00f3rskim i postrzega siebie jako jego nast\u0119pc\u0119. Od momentu za\u0142o\u017cenia stowarzyszenie nieustannie pracuje nad zachowaniem kopalni pokazowej &#8222;Schwarzes Loch&#8221;, ku\u017ani Steenbruchschmiede, obserwatorium i domu klubowego. Wi\u0105za\u0142o si\u0119 to z niezliczonymi godzinami wolontariatu. Stowarzyszenie czuje si\u0119 r\u00f3wnie\u017c odpowiedzialne za utrzymanie i bezpiecze\u0144stwo szlak\u00f3w turystycznych.<\/p>\n\t\t\t\t\t\t\t\t<\/div>\n\t\t\t\t<\/div>\n\t\t\t\t<\/div>\n\t\t\t\t\t<\/div>\n\t\t\t\t<\/div>\n\t\t<div class=\"elementor-element elementor-element-75ac858 e-flex e-con-boxed e-con e-parent\" data-id=\"75ac858\" data-element_type=\"container\" data-settings=\"{&quot;background_background&quot;:&quot;classic&quot;}\">\n\t\t\t\t\t<div class=\"e-con-inner\">\n\t\t\t\t<div class=\"elementor-element elementor-element-08d1584 elementor-view-default elementor-widget elementor-widget-icon\" data-id=\"08d1584\" data-element_type=\"widget\" data-widget_type=\"icon.default\">\n\t\t\t\t<div class=\"elementor-widget-container\">\n\t\t\t\t\t\t\t<div class=\"elementor-icon-wrapper\">\n\t\t\t<div class=\"elementor-icon\">\n\t\t\t<svg aria-hidden=\"true\" class=\"e-font-icon-svg e-fas-quote-right\" viewBox=\"0 0 512 512\" xmlns=\"http:\/\/www.w3.org\/2000\/svg\"><path d=\"M464 32H336c-26.5 0-48 21.5-48 48v128c0 26.5 21.5 48 48 48h80v64c0 35.3-28.7 64-64 64h-8c-13.3 0-24 10.7-24 24v48c0 13.3 10.7 24 24 24h8c88.4 0 160-71.6 160-160V80c0-26.5-21.5-48-48-48zm-288 0H48C21.5 32 0 53.5 0 80v128c0 26.5 21.5 48 48 48h80v64c0 35.3-28.7 64-64 64h-8c-13.3 0-24 10.7-24 24v48c0 13.3 10.7 24 24 24h8c88.4 0 160-71.6 160-160V80c0-26.5-21.5-48-48-48z\"><\/path><\/svg>\t\t\t<\/div>\n\t\t<\/div>\n\t\t\t\t\t\t<\/div>\n\t\t\t\t<\/div>\n\t\t\t\t<div class=\"elementor-element elementor-element-adac524 elementor-widget elementor-widget-heading\" data-id=\"adac524\" data-element_type=\"widget\" data-widget_type=\"heading.default\">\n\t\t\t\t<div class=\"elementor-widget-container\">\n\t\t\t\t\t<h2 class=\"elementor-heading-title elementor-size-default\">Koncentruje si\u0119 na utrzymaniu kopalni pokazowej \"Schwarzes Loch\" z przylegaj\u0105c\u0105 do niej ku\u017ani\u0105 kamienio\u0142omow\u0105 i dzia\u0142aniem \"Obserwatorium Jonsdorf\". Oferujemy r\u00f3wnie\u017c w\u0119dr\u00f3wki z przewodnikiem po kamienio\u0142omach m\u0142y\u0144skich Jonsdorf z wizytami w kopalni pokazowej, ku\u017ani Steenbruch, \u015bcie\u017cce przyrodniczej i skalnym mie\u015bcie Jonsdorf.<\/h2>\t\t\t\t<\/div>\n\t\t\t\t<\/div>\n\t\t\t\t<div class=\"elementor-element elementor-element-2b3f74d elementor-widget elementor-widget-image\" data-id=\"2b3f74d\" data-element_type=\"widget\" data-widget_type=\"image.default\">\n\t\t\t\t<div class=\"elementor-widget-container\">\n\t\t\t\t\t\t\t\t\t\t\t\t\t\t\t<img decoding=\"async\" width=\"1024\" height=\"576\" src=\"https:\/\/gebirgsverein1880ev.de\/wp-content\/uploads\/steinbruch-schmiede-kulturdenkmal-jonsdorf-1024x576.png\" class=\"attachment-large size-large wp-image-4921\" alt=\"\" srcset=\"https:\/\/gebirgsverein1880ev.de\/wp-content\/uploads\/steinbruch-schmiede-kulturdenkmal-jonsdorf-1024x576.png 1024w, https:\/\/gebirgsverein1880ev.de\/wp-content\/uploads\/steinbruch-schmiede-kulturdenkmal-jonsdorf-300x169.png 300w, https:\/\/gebirgsverein1880ev.de\/wp-content\/uploads\/steinbruch-schmiede-kulturdenkmal-jonsdorf-768x432.png 768w, https:\/\/gebirgsverein1880ev.de\/wp-content\/uploads\/steinbruch-schmiede-kulturdenkmal-jonsdorf-1536x864.png 1536w, https:\/\/gebirgsverein1880ev.de\/wp-content\/uploads\/steinbruch-schmiede-kulturdenkmal-jonsdorf.png 1820w\" sizes=\"(max-width: 1024px) 100vw, 1024px\" \/>\t\t\t\t\t\t\t\t\t\t\t\t\t\t\t<\/div>\n\t\t\t\t<\/div>\n\t\t\t\t\t<\/div>\n\t\t\t\t<\/div>\n\t\t<div class=\"elementor-element elementor-element-f76432c e-flex e-con-boxed e-con e-parent\" data-id=\"f76432c\" data-element_type=\"container\" data-settings=\"{&quot;background_background&quot;:&quot;classic&quot;}\">\n\t\t\t\t\t<div class=\"e-con-inner\">\n\t\t<div class=\"elementor-element elementor-element-bf1ec79 e-con-full e-flex e-con e-child\" data-id=\"bf1ec79\" data-element_type=\"container\">\n\t\t\t\t<div class=\"elementor-element elementor-element-5d523d1 elementor-widget elementor-widget-heading\" data-id=\"5d523d1\" data-element_type=\"widget\" data-widget_type=\"heading.default\">\n\t\t\t\t<div class=\"elementor-widget-container\">\n\t\t\t\t\t<h2 class=\"elementor-heading-title elementor-size-default\">Wspieramy ochron\u0119 krajobrazu i przyrody  <\/h2>\t\t\t\t<\/div>\n\t\t\t\t<\/div>\n\t\t\t\t<div class=\"elementor-element elementor-element-fd7d2e3 elementor-widget elementor-widget-text-editor\" data-id=\"fd7d2e3\" data-element_type=\"widget\" data-widget_type=\"text-editor.default\">\n\t\t\t\t<div class=\"elementor-widget-container\">\n\t\t\t\t\t\t\t\t\t<p>Stowarzyszenie jest zaanga\u017cowane w realizacj\u0119 cel\u00f3w ochrony krajobrazu i przyrody. Pomieszczenia klubu znajduj\u0105 si\u0119 na terenie posesji &#8222;An der Sternwarte 6&#8221;.<\/p>\n<p>Innym obszarem naszej dzia\u0142alno\u015bci s\u0105 spotkania towarzyskie. Osi\u0105gamy to poprzez imprezy dla dzieci i klub\u00f3w, wsp\u00f3lne wycieczki, wieczory bowlingowe, wyk\u0142ady na r\u00f3\u017cne tematy i wiele wi\u0119cej.<\/p>\n\t\t\t\t\t\t\t\t<\/div>\n\t\t\t\t<\/div>\n\t\t\t\t<div class=\"elementor-element elementor-element-873272b elementor-widget elementor-widget-text-editor\" data-id=\"873272b\" data-element_type=\"widget\" data-widget_type=\"text-editor.default\">\n\t\t\t\t<div class=\"elementor-widget-container\">\n\t\t\t\t\t\t\t\t\t<p><strong>Jeste\u015b ciekawy? Zawsze ch\u0119tnie witamy nowych cz\u0142onk\u00f3w i zainteresowane strony. Mo\u017cesz do\u0142\u0105czy\u0107 za 2,50 \u20ac\/miesi\u0105c. &#8222;Przyjd\u017a i spr\u00f3buj&#8221; nic nie kosztuje. \ud83d\ude42<\/strong><\/p>\n\t\t\t\t\t\t\t\t<\/div>\n\t\t\t\t<\/div>\n\t\t\t\t<div class=\"elementor-element elementor-element-c48e0ce elementor-widget elementor-widget-spacer\" data-id=\"c48e0ce\" data-element_type=\"widget\" data-widget_type=\"spacer.default\">\n\t\t\t\t<div class=\"elementor-widget-container\">\n\t\t\t\t\t\t\t<div class=\"elementor-spacer\">\n\t\t\t<div class=\"elementor-spacer-inner\"><\/div>\n\t\t<\/div>\n\t\t\t\t\t\t<\/div>\n\t\t\t\t<\/div>\n\t\t\t\t<\/div>\n\t\t<div class=\"elementor-element elementor-element-1847e26 e-con-full e-flex e-con e-child\" data-id=\"1847e26\" data-element_type=\"container\">\n\t\t\t\t<div class=\"elementor-element elementor-element-6cb1e90 elementor-widget-mobile__width-inherit elementor-widget elementor-widget-image\" data-id=\"6cb1e90\" data-element_type=\"widget\" data-widget_type=\"image.default\">\n\t\t\t\t<div class=\"elementor-widget-container\">\n\t\t\t\t\t\t\t\t\t\t\t\t\t\t\t<img decoding=\"async\" width=\"1820\" height=\"1024\" src=\"https:\/\/gebirgsverein1880ev.de\/wp-content\/uploads\/jonsdorf-gebirge-foto-felsen.png\" class=\"attachment-full size-full wp-image-4924\" alt=\"\" srcset=\"https:\/\/gebirgsverein1880ev.de\/wp-content\/uploads\/jonsdorf-gebirge-foto-felsen.png 1820w, https:\/\/gebirgsverein1880ev.de\/wp-content\/uploads\/jonsdorf-gebirge-foto-felsen-300x169.png 300w, https:\/\/gebirgsverein1880ev.de\/wp-content\/uploads\/jonsdorf-gebirge-foto-felsen-1024x576.png 1024w, https:\/\/gebirgsverein1880ev.de\/wp-content\/uploads\/jonsdorf-gebirge-foto-felsen-768x432.png 768w, https:\/\/gebirgsverein1880ev.de\/wp-content\/uploads\/jonsdorf-gebirge-foto-felsen-1536x864.png 1536w\" sizes=\"(max-width: 1820px) 100vw, 1820px\" \/>\t\t\t\t\t\t\t\t\t\t\t\t\t\t\t<\/div>\n\t\t\t\t<\/div>\n\t\t\t\t<\/div>\n\t\t\t\t\t<\/div>\n\t\t\t\t<\/div>\n\t\t\t\t<\/div>\n\t\t","protected":false},"excerpt":{"rendered":"<p>Nasze stowarzyszenie Historia klubu W dniu 30 marca 2001 r. Jonsdorfer Gebirgsverein 1880 e. V. zosta\u0142 ponownie za\u0142o\u017cony zgodnie z tradycj\u0105 starego klubu g\u00f3rskiego. Stowarzyszenie czuje si\u0119 zwi\u0105zane z dawnym klubem g\u00f3rskim i postrzega siebie jako jego nast\u0119pc\u0119. Od momentu za\u0142o\u017cenia stowarzyszenie nieustannie pracuje nad zachowaniem kopalni pokazowej &#8222;Schwarzes Loch&#8221;, ku\u017ani Steenbruchschmiede, obserwatorium i domu [&hellip;]<\/p>\n","protected":false},"author":1,"featured_media":0,"parent":0,"menu_order":0,"comment_status":"closed","ping_status":"closed","template":"","meta":{"site-sidebar-layout":"no-sidebar","site-content-layout":"page-builder","ast-site-content-layout":"full-width-container","site-content-style":"unboxed","site-sidebar-style":"unboxed","ast-global-header-display":"","ast-banner-title-visibility":"","ast-main-header-display":"","ast-hfb-above-header-display":"","ast-hfb-below-header-display":"","ast-hfb-mobile-header-display":"","site-post-title":"disabled","ast-breadcrumbs-content":"","ast-featured-img":"disabled","footer-sml-layout":"","theme-transparent-header-meta":"enabled","adv-header-id-meta":"","stick-header-meta":"","header-above-stick-meta":"","header-main-stick-meta":"","header-below-stick-meta":"","astra-migrate-meta-layouts":"default","ast-page-background-enabled":"default","ast-page-background-meta":{"desktop":{"background-color":"var(--ast-global-color-4)","background-image":"","background-repeat":"repeat","background-position":"center center","background-size":"auto","background-attachment":"scroll","background-type":"","background-media":"","overlay-type":"","overlay-color":"","overlay-opacity":"","overlay-gradient":""},"tablet":{"background-color":"","background-image":"","background-repeat":"repeat","background-position":"center center","background-size":"auto","background-attachment":"scroll","background-type":"","background-media":"","overlay-type":"","overlay-color":"","overlay-opacity":"","overlay-gradient":""},"mobile":{"background-color":"","background-image":"","background-repeat":"repeat","background-position":"center center","background-size":"auto","background-attachment":"scroll","background-type":"","background-media":"","overlay-type":"","overlay-color":"","overlay-opacity":"","overlay-gradient":""}},"ast-content-background-meta":{"desktop":{"background-color":"var(--ast-global-color-5)","background-image":"","background-repeat":"repeat","background-position":"center center","background-size":"auto","background-attachment":"scroll","background-type":"","background-media":"","overlay-type":"","overlay-color":"","overlay-opacity":"","overlay-gradient":""},"tablet":{"background-color":"var(--ast-global-color-5)","background-image":"","background-repeat":"repeat","background-position":"center center","background-size":"auto","background-attachment":"scroll","background-type":"","background-media":"","overlay-type":"","overlay-color":"","overlay-opacity":"","overlay-gradient":""},"mobile":{"background-color":"var(--ast-global-color-5)","background-image":"","background-repeat":"repeat","background-position":"center center","background-size":"auto","background-attachment":"scroll","background-type":"","background-media":"","overlay-type":"","overlay-color":"","overlay-opacity":"","overlay-gradient":""}},"footnotes":""},"class_list":["post-5062","page","type-page","status-publish","hentry"],"yoast_head":"<!-- This site is optimized with the Yoast SEO plugin v24.5 - https:\/\/yoast.com\/wordpress\/plugins\/seo\/ -->\n<title>Nasze stowarzyszenie | Jonsdorfer Gebirgsverein 1880 e.V.<\/title>\n<meta name=\"description\" content=\"Witamy - Jonsdorfer Gebirgsverein 1880 e.V. \u2713Informacje o naszym stowarzyszeniu \u2713Historia stowarzyszenia \u25bb Dowiedz si\u0119 wi\u0119cej ju\u017c teraz\" \/>\n<meta name=\"robots\" content=\"index, follow, max-snippet:-1, max-image-preview:large, max-video-preview:-1\" \/>\n<link rel=\"canonical\" href=\"https:\/\/gebirgsverein1880ev.de\/pl\/nasze-stowarzyszenie\/\" \/>\n<meta property=\"og:locale\" content=\"pl_PL\" \/>\n<meta property=\"og:type\" content=\"article\" \/>\n<meta property=\"og:title\" content=\"Nasze stowarzyszenie | Jonsdorfer Gebirgsverein 1880 e.V.\" \/>\n<meta property=\"og:description\" content=\"Witamy - Jonsdorfer Gebirgsverein 1880 e.V. \u2713Informacje o naszym stowarzyszeniu \u2713Historia stowarzyszenia \u25bb Dowiedz si\u0119 wi\u0119cej ju\u017c teraz\" \/>\n<meta property=\"og:url\" content=\"https:\/\/gebirgsverein1880ev.de\/pl\/nasze-stowarzyszenie\/\" \/>\n<meta property=\"og:site_name\" content=\"Jonsdorfer Gebirgsverein 1880 e.V.\" \/>\n<meta property=\"article:publisher\" content=\"https:\/\/www.facebook.com\/muehlsteinbrecher\/\" \/>\n<meta property=\"article:modified_time\" content=\"2025-02-04T21:46:02+00:00\" \/>\n<meta property=\"og:image\" content=\"https:\/\/gebirgsverein1880ev.de\/wp-content\/uploads\/jonsdorfer-gebirgsverein-tradition-musik.jpg\" \/>\n\t<meta property=\"og:image:width\" content=\"1532\" \/>\n\t<meta property=\"og:image:height\" content=\"2048\" \/>\n\t<meta property=\"og:image:type\" content=\"image\/jpeg\" \/>\n<meta name=\"twitter:card\" content=\"summary_large_image\" \/>\n<meta name=\"twitter:label1\" content=\"Szacowany czas czytania\" \/>\n\t<meta name=\"twitter:data1\" content=\"1 minuta\" \/>\n<script type=\"application\/ld+json\" class=\"yoast-schema-graph\">{\"@context\":\"https:\/\/schema.org\",\"@graph\":[{\"@type\":\"WebPage\",\"@id\":\"https:\/\/gebirgsverein1880ev.de\/pl\/nasze-stowarzyszenie\/\",\"url\":\"https:\/\/gebirgsverein1880ev.de\/pl\/nasze-stowarzyszenie\/\",\"name\":\"Nasze stowarzyszenie | Jonsdorfer Gebirgsverein 1880 e.V.\",\"isPartOf\":{\"@id\":\"https:\/\/gebirgsverein1880ev.de\/pl\/#website\"},\"primaryImageOfPage\":{\"@id\":\"https:\/\/gebirgsverein1880ev.de\/pl\/nasze-stowarzyszenie\/#primaryimage\"},\"image\":{\"@id\":\"https:\/\/gebirgsverein1880ev.de\/pl\/nasze-stowarzyszenie\/#primaryimage\"},\"thumbnailUrl\":\"https:\/\/gebirgsverein1880ev.de\/wp-content\/uploads\/jonsdorfer-gebirgsverein-tradition-musik.jpg\",\"datePublished\":\"2025-01-23T09:40:46+00:00\",\"dateModified\":\"2025-02-04T21:46:02+00:00\",\"description\":\"Witamy - Jonsdorfer Gebirgsverein 1880 e.V. \u2713Informacje o naszym stowarzyszeniu \u2713Historia stowarzyszenia \u25bb Dowiedz si\u0119 wi\u0119cej ju\u017c teraz\",\"breadcrumb\":{\"@id\":\"https:\/\/gebirgsverein1880ev.de\/pl\/nasze-stowarzyszenie\/#breadcrumb\"},\"inLanguage\":\"pl-PL\",\"potentialAction\":[{\"@type\":\"ReadAction\",\"target\":[\"https:\/\/gebirgsverein1880ev.de\/pl\/nasze-stowarzyszenie\/\"]}]},{\"@type\":\"ImageObject\",\"inLanguage\":\"pl-PL\",\"@id\":\"https:\/\/gebirgsverein1880ev.de\/pl\/nasze-stowarzyszenie\/#primaryimage\",\"url\":\"https:\/\/gebirgsverein1880ev.de\/wp-content\/uploads\/jonsdorfer-gebirgsverein-tradition-musik.jpg\",\"contentUrl\":\"https:\/\/gebirgsverein1880ev.de\/wp-content\/uploads\/jonsdorfer-gebirgsverein-tradition-musik.jpg\"},{\"@type\":\"BreadcrumbList\",\"@id\":\"https:\/\/gebirgsverein1880ev.de\/pl\/nasze-stowarzyszenie\/#breadcrumb\",\"itemListElement\":[{\"@type\":\"ListItem\",\"position\":1,\"name\":\"Startseite\",\"item\":\"https:\/\/gebirgsverein1880ev.de\/pl\/\"},{\"@type\":\"ListItem\",\"position\":2,\"name\":\"Nasze stowarzyszenie\"}]},{\"@type\":\"WebSite\",\"@id\":\"https:\/\/gebirgsverein1880ev.de\/pl\/#website\",\"url\":\"https:\/\/gebirgsverein1880ev.de\/pl\/\",\"name\":\"Jonsdorfer Gebirgsverein 1880 e.V.\",\"description\":\"\",\"publisher\":{\"@id\":\"https:\/\/gebirgsverein1880ev.de\/pl\/#organization\"},\"potentialAction\":[{\"@type\":\"SearchAction\",\"target\":{\"@type\":\"EntryPoint\",\"urlTemplate\":\"https:\/\/gebirgsverein1880ev.de\/pl\/?s={search_term_string}\"},\"query-input\":{\"@type\":\"PropertyValueSpecification\",\"valueRequired\":true,\"valueName\":\"search_term_string\"}}],\"inLanguage\":\"pl-PL\"},{\"@type\":\"Organization\",\"@id\":\"https:\/\/gebirgsverein1880ev.de\/pl\/#organization\",\"name\":\"Jonsdorfer Gebirgsverein 1880 e.V.\",\"url\":\"https:\/\/gebirgsverein1880ev.de\/pl\/\",\"logo\":{\"@type\":\"ImageObject\",\"inLanguage\":\"pl-PL\",\"@id\":\"https:\/\/gebirgsverein1880ev.de\/pl\/#\/schema\/logo\/image\/\",\"url\":\"https:\/\/gebirgsverein1880ev.de\/wp-content\/uploads\/logo_gebirgsverein.png\",\"contentUrl\":\"https:\/\/gebirgsverein1880ev.de\/wp-content\/uploads\/logo_gebirgsverein.png\",\"width\":283,\"height\":184,\"caption\":\"Jonsdorfer Gebirgsverein 1880 e.V.\"},\"image\":{\"@id\":\"https:\/\/gebirgsverein1880ev.de\/pl\/#\/schema\/logo\/image\/\"},\"sameAs\":[\"https:\/\/www.facebook.com\/muehlsteinbrecher\/\"]}]}<\/script>\n<!-- \/ Yoast SEO plugin. -->","yoast_head_json":{"title":"Nasze stowarzyszenie | Jonsdorfer Gebirgsverein 1880 e.V.","description":"Witamy - Jonsdorfer Gebirgsverein 1880 e.V. \u2713Informacje o naszym stowarzyszeniu \u2713Historia stowarzyszenia \u25bb Dowiedz si\u0119 wi\u0119cej ju\u017c teraz","robots":{"index":"index","follow":"follow","max-snippet":"max-snippet:-1","max-image-preview":"max-image-preview:large","max-video-preview":"max-video-preview:-1"},"canonical":"https:\/\/gebirgsverein1880ev.de\/pl\/nasze-stowarzyszenie\/","og_locale":"pl_PL","og_type":"article","og_title":"Nasze stowarzyszenie | Jonsdorfer Gebirgsverein 1880 e.V.","og_description":"Witamy - Jonsdorfer Gebirgsverein 1880 e.V. \u2713Informacje o naszym stowarzyszeniu \u2713Historia stowarzyszenia \u25bb Dowiedz si\u0119 wi\u0119cej ju\u017c teraz","og_url":"https:\/\/gebirgsverein1880ev.de\/pl\/nasze-stowarzyszenie\/","og_site_name":"Jonsdorfer Gebirgsverein 1880 e.V.","article_publisher":"https:\/\/www.facebook.com\/muehlsteinbrecher\/","article_modified_time":"2025-02-04T21:46:02+00:00","og_image":[{"width":1532,"height":2048,"url":"https:\/\/gebirgsverein1880ev.de\/wp-content\/uploads\/jonsdorfer-gebirgsverein-tradition-musik.jpg","type":"image\/jpeg"}],"twitter_card":"summary_large_image","twitter_misc":{"Szacowany czas czytania":"1 minuta"},"schema":{"@context":"https:\/\/schema.org","@graph":[{"@type":"WebPage","@id":"https:\/\/gebirgsverein1880ev.de\/pl\/nasze-stowarzyszenie\/","url":"https:\/\/gebirgsverein1880ev.de\/pl\/nasze-stowarzyszenie\/","name":"Nasze stowarzyszenie | Jonsdorfer Gebirgsverein 1880 e.V.","isPartOf":{"@id":"https:\/\/gebirgsverein1880ev.de\/pl\/#website"},"primaryImageOfPage":{"@id":"https:\/\/gebirgsverein1880ev.de\/pl\/nasze-stowarzyszenie\/#primaryimage"},"image":{"@id":"https:\/\/gebirgsverein1880ev.de\/pl\/nasze-stowarzyszenie\/#primaryimage"},"thumbnailUrl":"https:\/\/gebirgsverein1880ev.de\/wp-content\/uploads\/jonsdorfer-gebirgsverein-tradition-musik.jpg","datePublished":"2025-01-23T09:40:46+00:00","dateModified":"2025-02-04T21:46:02+00:00","description":"Witamy - Jonsdorfer Gebirgsverein 1880 e.V. \u2713Informacje o naszym stowarzyszeniu \u2713Historia stowarzyszenia \u25bb Dowiedz si\u0119 wi\u0119cej ju\u017c teraz","breadcrumb":{"@id":"https:\/\/gebirgsverein1880ev.de\/pl\/nasze-stowarzyszenie\/#breadcrumb"},"inLanguage":"pl-PL","potentialAction":[{"@type":"ReadAction","target":["https:\/\/gebirgsverein1880ev.de\/pl\/nasze-stowarzyszenie\/"]}]},{"@type":"ImageObject","inLanguage":"pl-PL","@id":"https:\/\/gebirgsverein1880ev.de\/pl\/nasze-stowarzyszenie\/#primaryimage","url":"https:\/\/gebirgsverein1880ev.de\/wp-content\/uploads\/jonsdorfer-gebirgsverein-tradition-musik.jpg","contentUrl":"https:\/\/gebirgsverein1880ev.de\/wp-content\/uploads\/jonsdorfer-gebirgsverein-tradition-musik.jpg"},{"@type":"BreadcrumbList","@id":"https:\/\/gebirgsverein1880ev.de\/pl\/nasze-stowarzyszenie\/#breadcrumb","itemListElement":[{"@type":"ListItem","position":1,"name":"Startseite","item":"https:\/\/gebirgsverein1880ev.de\/pl\/"},{"@type":"ListItem","position":2,"name":"Nasze stowarzyszenie"}]},{"@type":"WebSite","@id":"https:\/\/gebirgsverein1880ev.de\/pl\/#website","url":"https:\/\/gebirgsverein1880ev.de\/pl\/","name":"Jonsdorfer Gebirgsverein 1880 e.V.","description":"","publisher":{"@id":"https:\/\/gebirgsverein1880ev.de\/pl\/#organization"},"potentialAction":[{"@type":"SearchAction","target":{"@type":"EntryPoint","urlTemplate":"https:\/\/gebirgsverein1880ev.de\/pl\/?s={search_term_string}"},"query-input":{"@type":"PropertyValueSpecification","valueRequired":true,"valueName":"search_term_string"}}],"inLanguage":"pl-PL"},{"@type":"Organization","@id":"https:\/\/gebirgsverein1880ev.de\/pl\/#organization","name":"Jonsdorfer Gebirgsverein 1880 e.V.","url":"https:\/\/gebirgsverein1880ev.de\/pl\/","logo":{"@type":"ImageObject","inLanguage":"pl-PL","@id":"https:\/\/gebirgsverein1880ev.de\/pl\/#\/schema\/logo\/image\/","url":"https:\/\/gebirgsverein1880ev.de\/wp-content\/uploads\/logo_gebirgsverein.png","contentUrl":"https:\/\/gebirgsverein1880ev.de\/wp-content\/uploads\/logo_gebirgsverein.png","width":283,"height":184,"caption":"Jonsdorfer Gebirgsverein 1880 e.V."},"image":{"@id":"https:\/\/gebirgsverein1880ev.de\/pl\/#\/schema\/logo\/image\/"},"sameAs":["https:\/\/www.facebook.com\/muehlsteinbrecher\/"]}]}},"_links":{"self":[{"href":"https:\/\/gebirgsverein1880ev.de\/pl\/wp-json\/wp\/v2\/pages\/5062","targetHints":{"allow":["GET"]}}],"collection":[{"href":"https:\/\/gebirgsverein1880ev.de\/pl\/wp-json\/wp\/v2\/pages"}],"about":[{"href":"https:\/\/gebirgsverein1880ev.de\/pl\/wp-json\/wp\/v2\/types\/page"}],"author":[{"embeddable":true,"href":"https:\/\/gebirgsverein1880ev.de\/pl\/wp-json\/wp\/v2\/users\/1"}],"replies":[{"embeddable":true,"href":"https:\/\/gebirgsverein1880ev.de\/pl\/wp-json\/wp\/v2\/comments?post=5062"}],"version-history":[{"count":3,"href":"https:\/\/gebirgsverein1880ev.de\/pl\/wp-json\/wp\/v2\/pages\/5062\/revisions"}],"predecessor-version":[{"id":5287,"href":"https:\/\/gebirgsverein1880ev.de\/pl\/wp-json\/wp\/v2\/pages\/5062\/revisions\/5287"}],"wp:attachment":[{"href":"https:\/\/gebirgsverein1880ev.de\/pl\/wp-json\/wp\/v2\/media?parent=5062"}],"curies":[{"name":"wp","href":"https:\/\/api.w.org\/{rel}","templated":true}]}}