{"id":5060,"date":"2025-01-23T10:54:50","date_gmt":"2025-01-23T09:54:50","guid":{"rendered":"https:\/\/gebirgsverein1880ev.de\/siedziba-klubu\/"},"modified":"2025-02-04T22:48:21","modified_gmt":"2025-02-04T21:48:21","slug":"siedziba-klubu","status":"publish","type":"page","link":"https:\/\/gebirgsverein1880ev.de\/pl\/siedziba-klubu\/","title":{"rendered":"Siedziba klubu"},"content":{"rendered":"\t\t<div data-elementor-type=\"wp-page\" data-elementor-id=\"5060\" class=\"elementor elementor-5060 elementor-4450\">\n\t\t\t\t<div class=\"elementor-element elementor-element-00ca1bd e-flex e-con-boxed e-con e-parent\" data-id=\"00ca1bd\" data-element_type=\"container\" data-settings=\"{&quot;background_background&quot;:&quot;classic&quot;}\">\n\t\t\t\t\t<div class=\"e-con-inner\">\n\t\t\t\t<div class=\"elementor-element elementor-element-a446ff5 elementor-widget elementor-widget-heading\" data-id=\"a446ff5\" data-element_type=\"widget\" data-widget_type=\"heading.default\">\n\t\t\t\t<div class=\"elementor-widget-container\">\n\t\t\t\t\t<h1 class=\"elementor-heading-title elementor-size-default\">Siedziba klubu<\/h1>\t\t\t\t<\/div>\n\t\t\t\t<\/div>\n\t\t\t\t\t<\/div>\n\t\t\t\t<\/div>\n\t\t<div class=\"elementor-element elementor-element-d0232c6 e-flex e-con-boxed e-con e-parent\" data-id=\"d0232c6\" data-element_type=\"container\" data-settings=\"{&quot;background_background&quot;:&quot;classic&quot;}\">\n\t\t\t\t\t<div class=\"e-con-inner\">\n\t\t<div class=\"elementor-element elementor-element-d28116f e-con-full e-flex e-con e-child\" data-id=\"d28116f\" data-element_type=\"container\">\n\t\t\t\t<div class=\"elementor-element elementor-element-1dcfedf elementor-widget elementor-widget-image\" data-id=\"1dcfedf\" data-element_type=\"widget\" data-widget_type=\"image.default\">\n\t\t\t\t<div class=\"elementor-widget-container\">\n\t\t\t\t\t\t\t\t\t\t\t\t\t\t\t<img fetchpriority=\"high\" decoding=\"async\" width=\"1024\" height=\"582\" src=\"https:\/\/gebirgsverein1880ev.de\/wp-content\/uploads\/vereinsdomizil-jonsdorfer-gebirgsverein-e-v-1024x582.jpg\" class=\"attachment-large size-large wp-image-4945\" alt=\"\" srcset=\"https:\/\/gebirgsverein1880ev.de\/wp-content\/uploads\/vereinsdomizil-jonsdorfer-gebirgsverein-e-v-1024x582.jpg 1024w, https:\/\/gebirgsverein1880ev.de\/wp-content\/uploads\/vereinsdomizil-jonsdorfer-gebirgsverein-e-v-300x170.jpg 300w, https:\/\/gebirgsverein1880ev.de\/wp-content\/uploads\/vereinsdomizil-jonsdorfer-gebirgsverein-e-v-768x436.jpg 768w, https:\/\/gebirgsverein1880ev.de\/wp-content\/uploads\/vereinsdomizil-jonsdorfer-gebirgsverein-e-v-1536x873.jpg 1536w, https:\/\/gebirgsverein1880ev.de\/wp-content\/uploads\/vereinsdomizil-jonsdorfer-gebirgsverein-e-v-2048x1164.jpg 2048w\" sizes=\"(max-width: 1024px) 100vw, 1024px\" \/>\t\t\t\t\t\t\t\t\t\t\t\t\t\t\t<\/div>\n\t\t\t\t<\/div>\n\t\t\t\t<\/div>\n\t\t<div class=\"elementor-element elementor-element-9d8c859 e-con-full e-flex e-con e-child\" data-id=\"9d8c859\" data-element_type=\"container\">\n\t\t\t\t<div class=\"elementor-element elementor-element-8e83692 elementor-widget elementor-widget-heading\" data-id=\"8e83692\" data-element_type=\"widget\" data-widget_type=\"heading.default\">\n\t\t\t\t<div class=\"elementor-widget-container\">\n\t\t\t\t\t<h2 class=\"elementor-heading-title elementor-size-default\">Informacje o budynku klubowym<\/h2>\t\t\t\t<\/div>\n\t\t\t\t<\/div>\n\t\t\t\t<div class=\"elementor-element elementor-element-a8edd77 elementor-widget elementor-widget-text-editor\" data-id=\"a8edd77\" data-element_type=\"widget\" data-widget_type=\"text-editor.default\">\n\t\t\t\t<div class=\"elementor-widget-container\">\n\t\t\t\t\t\t\t\t\t<p>W marcu 2001 r. stowarzyszeniu uda\u0142o si\u0119 wydzier\u017cawi\u0107 od gminy <strong>teren w centrum<\/strong> Jonsdorf. Dom klubowy i publiczne obserwatorium znajduj\u0105 si\u0119 na tym terenie.   <span style=\"font-style: inherit; font-weight: inherit; color: var( --e-global-color-astglobalcolor3 ); text-align: var(--text-align); background-color: var( --e-global-color-astglobalcolor5 );\">Cz\u0142onkowie stowarzyszenia z mi\u0142o\u015bci\u0105 wyremontowali ten budynek i od tamtej pory z niego korzystaj\u0105.  <\/span><\/p>\n<p><span style=\"font-style: inherit; font-weight: inherit; color: var( --e-global-color-astglobalcolor3 ); text-align: var(--text-align); background-color: var( --e-global-color-astglobalcolor5 );\"> <\/span><\/p>\n<p><span style=\"font-style: inherit; font-weight: inherit; color: var( --e-global-color-astglobalcolor3 ); text-align: var(--text-align); background-color: var( --e-global-color-astglobalcolor5 );\">Dom klubowy, z dobrze wyposa\u017con\u0105 kuchni\u0105, sal\u0105 funkcyjn\u0105 i zapleczem sanitarnym, jest dost\u0119pny na imprezy klubowe, uroczysto\u015bci rodzinne, wynajem zewn\u0119trzny i podobne wydarzenia.<\/span><\/p>\n\t\t\t\t\t\t\t\t<\/div>\n\t\t\t\t<\/div>\n\t\t\t\t<\/div>\n\t\t\t\t\t<\/div>\n\t\t\t\t<\/div>\n\t\t<div class=\"elementor-element elementor-element-d4fec63 e-flex e-con-boxed e-con e-parent\" data-id=\"d4fec63\" data-element_type=\"container\" data-settings=\"{&quot;background_background&quot;:&quot;classic&quot;}\">\n\t\t\t\t\t<div class=\"e-con-inner\">\n\t\t<div class=\"elementor-element elementor-element-5724c49 e-con-full e-flex e-con e-child\" data-id=\"5724c49\" data-element_type=\"container\">\n\t\t\t\t<div class=\"elementor-element elementor-element-96999f4 elementor-widget elementor-widget-heading\" data-id=\"96999f4\" data-element_type=\"widget\" data-widget_type=\"heading.default\">\n\t\t\t\t<div class=\"elementor-widget-container\">\n\t\t\t\t\t<h2 class=\"elementor-heading-title elementor-size-default\">Utrzymanie i konserwacja witryny<\/h2>\t\t\t\t<\/div>\n\t\t\t\t<\/div>\n\t\t\t\t<div class=\"elementor-element elementor-element-4e91ff1 elementor-widget elementor-widget-text-editor\" data-id=\"4e91ff1\" data-element_type=\"widget\" data-widget_type=\"text-editor.default\">\n\t\t\t\t<div class=\"elementor-widget-container\">\n\t\t\t\t\t\t\t\t\t<p>Techniczne utrzymanie terenu jest prowadzone bardzo odpowiedzialnie przez <strong>oddzieln\u0105 grup\u0119 robocz\u0105<\/strong>. Ca\u0142y klub pomaga w niezb\u0119dnych pracach przez ca\u0142y rok. Dzi\u0119ki niestrudzonym wysi\u0142kom os\u00f3b odpowiedzialnych, standard naszego domu mo\u017ce by\u0107 utrzymywany na wysokim poziomie. W\u0142a\u015bnie dlatego przyjaciele i nieznajomi (kt\u00f3rzy p\u00f3\u017aniej staj\u0105 si\u0119 przyjaci\u00f3\u0142mi) lubi\u0105 go wynajmowa\u0107. Aby uzyska\u0107 wi\u0119cej informacji, prosimy o kontakt ze stowarzyszeniem.    <\/p>\n\t\t\t\t\t\t\t\t<\/div>\n\t\t\t\t<\/div>\n\t\t\t\t<\/div>\n\t\t<div class=\"elementor-element elementor-element-7e28768 e-con-full e-flex e-con e-child\" data-id=\"7e28768\" data-element_type=\"container\">\n\t\t\t\t<div class=\"elementor-element elementor-element-25f974e elementor-widget-mobile__width-inherit elementor-widget elementor-widget-image\" data-id=\"25f974e\" data-element_type=\"widget\" data-widget_type=\"image.default\">\n\t\t\t\t<div class=\"elementor-widget-container\">\n\t\t\t\t\t\t\t\t\t\t\t\t\t\t\t<img decoding=\"async\" width=\"1980\" height=\"1474\" src=\"https:\/\/gebirgsverein1880ev.de\/wp-content\/uploads\/foto-gruenschnitt-jonsdorfer-gebirgsverein-vereinsdomizil.jpg\" class=\"attachment-full size-full wp-image-4948\" alt=\"\" srcset=\"https:\/\/gebirgsverein1880ev.de\/wp-content\/uploads\/foto-gruenschnitt-jonsdorfer-gebirgsverein-vereinsdomizil.jpg 1980w, https:\/\/gebirgsverein1880ev.de\/wp-content\/uploads\/foto-gruenschnitt-jonsdorfer-gebirgsverein-vereinsdomizil-300x223.jpg 300w, https:\/\/gebirgsverein1880ev.de\/wp-content\/uploads\/foto-gruenschnitt-jonsdorfer-gebirgsverein-vereinsdomizil-1024x762.jpg 1024w, https:\/\/gebirgsverein1880ev.de\/wp-content\/uploads\/foto-gruenschnitt-jonsdorfer-gebirgsverein-vereinsdomizil-768x572.jpg 768w, https:\/\/gebirgsverein1880ev.de\/wp-content\/uploads\/foto-gruenschnitt-jonsdorfer-gebirgsverein-vereinsdomizil-1536x1143.jpg 1536w\" sizes=\"(max-width: 1980px) 100vw, 1980px\" \/>\t\t\t\t\t\t\t\t\t\t\t\t\t\t\t<\/div>\n\t\t\t\t<\/div>\n\t\t\t\t<\/div>\n\t\t\t\t\t<\/div>\n\t\t\t\t<\/div>\n\t\t<div class=\"elementor-element elementor-element-75db296 e-flex e-con-boxed e-con e-parent\" data-id=\"75db296\" data-element_type=\"container\" data-settings=\"{&quot;background_background&quot;:&quot;classic&quot;}\">\n\t\t\t\t\t<div class=\"e-con-inner\">\n\t\t<div class=\"elementor-element elementor-element-4a814a3 e-con-full e-flex e-con e-child\" data-id=\"4a814a3\" data-element_type=\"container\">\n\t\t\t\t<div class=\"elementor-element elementor-element-7f84efc elementor-widget-mobile__width-inherit elementor-widget elementor-widget-image\" data-id=\"7f84efc\" data-element_type=\"widget\" data-widget_type=\"image.default\">\n\t\t\t\t<div class=\"elementor-widget-container\">\n\t\t\t\t\t\t\t\t\t\t\t\t\t\t\t<img decoding=\"async\" width=\"979\" height=\"864\" src=\"https:\/\/gebirgsverein1880ev.de\/wp-content\/uploads\/josndorfer-gebirgsverein-vereinsdomizil-pflege-aussenanlagen.jpg\" class=\"attachment-full size-full wp-image-4942\" alt=\"\" srcset=\"https:\/\/gebirgsverein1880ev.de\/wp-content\/uploads\/josndorfer-gebirgsverein-vereinsdomizil-pflege-aussenanlagen.jpg 979w, https:\/\/gebirgsverein1880ev.de\/wp-content\/uploads\/josndorfer-gebirgsverein-vereinsdomizil-pflege-aussenanlagen-300x265.jpg 300w, https:\/\/gebirgsverein1880ev.de\/wp-content\/uploads\/josndorfer-gebirgsverein-vereinsdomizil-pflege-aussenanlagen-768x678.jpg 768w\" sizes=\"(max-width: 979px) 100vw, 979px\" \/>\t\t\t\t\t\t\t\t\t\t\t\t\t\t\t<\/div>\n\t\t\t\t<\/div>\n\t\t\t\t<\/div>\n\t\t<div class=\"elementor-element elementor-element-3a419f1 e-con-full e-flex e-con e-child\" data-id=\"3a419f1\" data-element_type=\"container\">\n\t\t\t\t<div class=\"elementor-element elementor-element-d1bf122 elementor-widget elementor-widget-heading\" data-id=\"d1bf122\" data-element_type=\"widget\" data-widget_type=\"heading.default\">\n\t\t\t\t<div class=\"elementor-widget-container\">\n\t\t\t\t\t<h2 class=\"elementor-heading-title elementor-size-default\">Unikalne ska\u0142y w G\u00f3rach \u017bytawskich<\/h2>\t\t\t\t<\/div>\n\t\t\t\t<\/div>\n\t\t\t\t<div class=\"elementor-element elementor-element-3a7f85a elementor-widget elementor-widget-text-editor\" data-id=\"3a7f85a\" data-element_type=\"widget\" data-widget_type=\"text-editor.default\">\n\t\t\t\t<div class=\"elementor-widget-container\">\n\t\t\t\t\t\t\t\t\t<p>Niekt\u00f3re specjalne elementy, kt\u00f3re Ty, drogi czytelniku, mo\u017cesz znale\u017a\u0107 na terenie siedziby klubu, to skalna \u015bciana wystawowa, kt\u00f3ra jest prawdopodobnie unikalna na G\u00f3rnych \u0141u\u017cycach, kominek i gigantyczny g\u0142az.<\/p>\n\t\t\t\t\t\t\t\t<\/div>\n\t\t\t\t<\/div>\n\t\t\t\t<div class=\"elementor-element elementor-element-1a6a631 elementor-widget elementor-widget-text-editor\" data-id=\"1a6a631\" data-element_type=\"widget\" data-widget_type=\"text-editor.default\">\n\t\t\t\t<div class=\"elementor-widget-container\">\n\t\t\t\t\t\t\t\t\t<p><strong>Skalna \u015bciana pokazowa<\/strong> jest pr\u00f3b\u0105 zaprezentowania ska\u0142 G\u00f3r \u017bytawskich i ich okolic. Podczas jej tworzenia ograniczyli\u015bmy si\u0119 do tego, co najwa\u017cniejsze. Tylko \u015bwie\u017ce, niezwietrza\u0142e kawa\u0142ki ska\u0142 zosta\u0142y zamontowane na panelach i umieszczone na wystawie. S\u0105 to zar\u00f3wno ska\u0142y g\u0142\u0119binowe, jak i wylewne oraz osadowe.   <\/p>\n\t\t\t\t\t\t\t\t<\/div>\n\t\t\t\t<\/div>\n\t\t\t\t<div class=\"elementor-element elementor-element-080d2f0 elementor-widget elementor-widget-text-editor\" data-id=\"080d2f0\" data-element_type=\"widget\" data-widget_type=\"text-editor.default\">\n\t\t\t\t<div class=\"elementor-widget-container\">\n\t\t\t\t\t\t\t\t\t<p><strong>G\u0142az<\/strong> jest du\u017cym kamieniem, kt\u00f3ry zosta\u0142 znaleziony podczas prac wykopaliskowych pod nowy gazoci\u0105g w Jonsdorf i uprzejmie przyniesiony do siedziby stowarzyszenia przez pracownik\u00f3w Enso.<br \/>W ko\u0144cu wa\u017cy oko\u0142o 3 ton! Na G\u00f3rnych \u0141u\u017cycach, na przyk\u0142ad w Olbersdorf na p\u00f3\u0142noc od Jonsdorf, w\u0119giel brunatny by\u0142 wydobywany do produkcji energii do ko\u0144ca lat 80-tych. Ci\u0119\u017car\u00f3wka jest dowodem tej dzia\u0142alno\u015bci g\u00f3rniczej.  <\/p>\n\t\t\t\t\t\t\t\t<\/div>\n\t\t\t\t<\/div>\n\t\t\t\t<\/div>\n\t\t\t\t\t<\/div>\n\t\t\t\t<\/div>\n\t\t\t\t<\/div>\n\t\t","protected":false},"excerpt":{"rendered":"<p>Siedziba klubu Informacje o budynku klubowym W marcu 2001 r. stowarzyszeniu uda\u0142o si\u0119 wydzier\u017cawi\u0107 od gminy teren w centrum Jonsdorf. Dom klubowy i publiczne obserwatorium znajduj\u0105 si\u0119 na tym terenie. Cz\u0142onkowie stowarzyszenia z mi\u0142o\u015bci\u0105 wyremontowali ten budynek i od tamtej pory z niego korzystaj\u0105. Dom klubowy, z dobrze wyposa\u017con\u0105 kuchni\u0105, sal\u0105 funkcyjn\u0105 i zapleczem sanitarnym, [&hellip;]<\/p>\n","protected":false},"author":1,"featured_media":0,"parent":0,"menu_order":0,"comment_status":"closed","ping_status":"closed","template":"","meta":{"site-sidebar-layout":"no-sidebar","site-content-layout":"page-builder","ast-site-content-layout":"full-width-container","site-content-style":"unboxed","site-sidebar-style":"unboxed","ast-global-header-display":"","ast-banner-title-visibility":"","ast-main-header-display":"","ast-hfb-above-header-display":"","ast-hfb-below-header-display":"","ast-hfb-mobile-header-display":"","site-post-title":"disabled","ast-breadcrumbs-content":"","ast-featured-img":"disabled","footer-sml-layout":"","theme-transparent-header-meta":"enabled","adv-header-id-meta":"","stick-header-meta":"","header-above-stick-meta":"","header-main-stick-meta":"","header-below-stick-meta":"","astra-migrate-meta-layouts":"default","ast-page-background-enabled":"default","ast-page-background-meta":{"desktop":{"background-color":"var(--ast-global-color-4)","background-image":"","background-repeat":"repeat","background-position":"center center","background-size":"auto","background-attachment":"scroll","background-type":"","background-media":"","overlay-type":"","overlay-color":"","overlay-opacity":"","overlay-gradient":""},"tablet":{"background-color":"","background-image":"","background-repeat":"repeat","background-position":"center center","background-size":"auto","background-attachment":"scroll","background-type":"","background-media":"","overlay-type":"","overlay-color":"","overlay-opacity":"","overlay-gradient":""},"mobile":{"background-color":"","background-image":"","background-repeat":"repeat","background-position":"center center","background-size":"auto","background-attachment":"scroll","background-type":"","background-media":"","overlay-type":"","overlay-color":"","overlay-opacity":"","overlay-gradient":""}},"ast-content-background-meta":{"desktop":{"background-color":"var(--ast-global-color-5)","background-image":"","background-repeat":"repeat","background-position":"center center","background-size":"auto","background-attachment":"scroll","background-type":"","background-media":"","overlay-type":"","overlay-color":"","overlay-opacity":"","overlay-gradient":""},"tablet":{"background-color":"var(--ast-global-color-5)","background-image":"","background-repeat":"repeat","background-position":"center center","background-size":"auto","background-attachment":"scroll","background-type":"","background-media":"","overlay-type":"","overlay-color":"","overlay-opacity":"","overlay-gradient":""},"mobile":{"background-color":"var(--ast-global-color-5)","background-image":"","background-repeat":"repeat","background-position":"center center","background-size":"auto","background-attachment":"scroll","background-type":"","background-media":"","overlay-type":"","overlay-color":"","overlay-opacity":"","overlay-gradient":""}},"footnotes":""},"class_list":["post-5060","page","type-page","status-publish","hentry"],"yoast_head":"<!-- This site is optimized with the Yoast SEO plugin v24.5 - https:\/\/yoast.com\/wordpress\/plugins\/seo\/ -->\n<title>Siedziba klubu | Jonsdorfer Gebirgsverein 1880 e.V.<\/title>\n<meta name=\"description\" content=\"Witamy - Jonsdorfer Gebirgsverein 1880 e.V. \u2713 Siedziba stowarzyszenia \u2713 Wi\u0119cej informacji na temat utrzymania terenu i dzia\u0142a\u0144\" \/>\n<meta name=\"robots\" content=\"index, follow, max-snippet:-1, max-image-preview:large, max-video-preview:-1\" \/>\n<link rel=\"canonical\" href=\"https:\/\/gebirgsverein1880ev.de\/pl\/siedziba-klubu\/\" \/>\n<meta property=\"og:locale\" content=\"pl_PL\" \/>\n<meta property=\"og:type\" content=\"article\" \/>\n<meta property=\"og:title\" content=\"Siedziba klubu | Jonsdorfer Gebirgsverein 1880 e.V.\" \/>\n<meta property=\"og:description\" content=\"Witamy - Jonsdorfer Gebirgsverein 1880 e.V. \u2713 Siedziba stowarzyszenia \u2713 Wi\u0119cej informacji na temat utrzymania terenu i dzia\u0142a\u0144\" \/>\n<meta property=\"og:url\" content=\"https:\/\/gebirgsverein1880ev.de\/pl\/siedziba-klubu\/\" \/>\n<meta property=\"og:site_name\" content=\"Jonsdorfer Gebirgsverein 1880 e.V.\" \/>\n<meta property=\"article:publisher\" content=\"https:\/\/www.facebook.com\/muehlsteinbrecher\/\" \/>\n<meta property=\"article:modified_time\" content=\"2025-02-04T21:48:21+00:00\" \/>\n<meta property=\"og:image\" content=\"https:\/\/gebirgsverein1880ev.de\/wp-content\/uploads\/vereinsdomizil-jonsdorfer-gebirgsverein-e-v-scaled.jpg\" \/>\n\t<meta property=\"og:image:width\" content=\"2560\" \/>\n\t<meta property=\"og:image:height\" content=\"1455\" \/>\n\t<meta property=\"og:image:type\" content=\"image\/jpeg\" \/>\n<meta name=\"twitter:card\" content=\"summary_large_image\" \/>\n<meta name=\"twitter:label1\" content=\"Szacowany czas czytania\" \/>\n\t<meta name=\"twitter:data1\" content=\"2 minuty\" \/>\n<script type=\"application\/ld+json\" class=\"yoast-schema-graph\">{\"@context\":\"https:\/\/schema.org\",\"@graph\":[{\"@type\":\"WebPage\",\"@id\":\"https:\/\/gebirgsverein1880ev.de\/pl\/siedziba-klubu\/\",\"url\":\"https:\/\/gebirgsverein1880ev.de\/pl\/siedziba-klubu\/\",\"name\":\"Siedziba klubu | Jonsdorfer Gebirgsverein 1880 e.V.\",\"isPartOf\":{\"@id\":\"https:\/\/gebirgsverein1880ev.de\/pl\/#website\"},\"primaryImageOfPage\":{\"@id\":\"https:\/\/gebirgsverein1880ev.de\/pl\/siedziba-klubu\/#primaryimage\"},\"image\":{\"@id\":\"https:\/\/gebirgsverein1880ev.de\/pl\/siedziba-klubu\/#primaryimage\"},\"thumbnailUrl\":\"https:\/\/gebirgsverein1880ev.de\/wp-content\/uploads\/vereinsdomizil-jonsdorfer-gebirgsverein-e-v-1024x582.jpg\",\"datePublished\":\"2025-01-23T09:54:50+00:00\",\"dateModified\":\"2025-02-04T21:48:21+00:00\",\"description\":\"Witamy - Jonsdorfer Gebirgsverein 1880 e.V. \u2713 Siedziba stowarzyszenia \u2713 Wi\u0119cej informacji na temat utrzymania terenu i dzia\u0142a\u0144\",\"breadcrumb\":{\"@id\":\"https:\/\/gebirgsverein1880ev.de\/pl\/siedziba-klubu\/#breadcrumb\"},\"inLanguage\":\"pl-PL\",\"potentialAction\":[{\"@type\":\"ReadAction\",\"target\":[\"https:\/\/gebirgsverein1880ev.de\/pl\/siedziba-klubu\/\"]}]},{\"@type\":\"ImageObject\",\"inLanguage\":\"pl-PL\",\"@id\":\"https:\/\/gebirgsverein1880ev.de\/pl\/siedziba-klubu\/#primaryimage\",\"url\":\"https:\/\/gebirgsverein1880ev.de\/wp-content\/uploads\/vereinsdomizil-jonsdorfer-gebirgsverein-e-v-1024x582.jpg\",\"contentUrl\":\"https:\/\/gebirgsverein1880ev.de\/wp-content\/uploads\/vereinsdomizil-jonsdorfer-gebirgsverein-e-v-1024x582.jpg\"},{\"@type\":\"BreadcrumbList\",\"@id\":\"https:\/\/gebirgsverein1880ev.de\/pl\/siedziba-klubu\/#breadcrumb\",\"itemListElement\":[{\"@type\":\"ListItem\",\"position\":1,\"name\":\"Startseite\",\"item\":\"https:\/\/gebirgsverein1880ev.de\/pl\/\"},{\"@type\":\"ListItem\",\"position\":2,\"name\":\"Siedziba klubu\"}]},{\"@type\":\"WebSite\",\"@id\":\"https:\/\/gebirgsverein1880ev.de\/pl\/#website\",\"url\":\"https:\/\/gebirgsverein1880ev.de\/pl\/\",\"name\":\"Jonsdorfer Gebirgsverein 1880 e.V.\",\"description\":\"\",\"publisher\":{\"@id\":\"https:\/\/gebirgsverein1880ev.de\/pl\/#organization\"},\"potentialAction\":[{\"@type\":\"SearchAction\",\"target\":{\"@type\":\"EntryPoint\",\"urlTemplate\":\"https:\/\/gebirgsverein1880ev.de\/pl\/?s={search_term_string}\"},\"query-input\":{\"@type\":\"PropertyValueSpecification\",\"valueRequired\":true,\"valueName\":\"search_term_string\"}}],\"inLanguage\":\"pl-PL\"},{\"@type\":\"Organization\",\"@id\":\"https:\/\/gebirgsverein1880ev.de\/pl\/#organization\",\"name\":\"Jonsdorfer Gebirgsverein 1880 e.V.\",\"url\":\"https:\/\/gebirgsverein1880ev.de\/pl\/\",\"logo\":{\"@type\":\"ImageObject\",\"inLanguage\":\"pl-PL\",\"@id\":\"https:\/\/gebirgsverein1880ev.de\/pl\/#\/schema\/logo\/image\/\",\"url\":\"https:\/\/gebirgsverein1880ev.de\/wp-content\/uploads\/logo_gebirgsverein.png\",\"contentUrl\":\"https:\/\/gebirgsverein1880ev.de\/wp-content\/uploads\/logo_gebirgsverein.png\",\"width\":283,\"height\":184,\"caption\":\"Jonsdorfer Gebirgsverein 1880 e.V.\"},\"image\":{\"@id\":\"https:\/\/gebirgsverein1880ev.de\/pl\/#\/schema\/logo\/image\/\"},\"sameAs\":[\"https:\/\/www.facebook.com\/muehlsteinbrecher\/\"]}]}<\/script>\n<!-- \/ Yoast SEO plugin. -->","yoast_head_json":{"title":"Siedziba klubu | Jonsdorfer Gebirgsverein 1880 e.V.","description":"Witamy - Jonsdorfer Gebirgsverein 1880 e.V. \u2713 Siedziba stowarzyszenia \u2713 Wi\u0119cej informacji na temat utrzymania terenu i dzia\u0142a\u0144","robots":{"index":"index","follow":"follow","max-snippet":"max-snippet:-1","max-image-preview":"max-image-preview:large","max-video-preview":"max-video-preview:-1"},"canonical":"https:\/\/gebirgsverein1880ev.de\/pl\/siedziba-klubu\/","og_locale":"pl_PL","og_type":"article","og_title":"Siedziba klubu | Jonsdorfer Gebirgsverein 1880 e.V.","og_description":"Witamy - Jonsdorfer Gebirgsverein 1880 e.V. \u2713 Siedziba stowarzyszenia \u2713 Wi\u0119cej informacji na temat utrzymania terenu i dzia\u0142a\u0144","og_url":"https:\/\/gebirgsverein1880ev.de\/pl\/siedziba-klubu\/","og_site_name":"Jonsdorfer Gebirgsverein 1880 e.V.","article_publisher":"https:\/\/www.facebook.com\/muehlsteinbrecher\/","article_modified_time":"2025-02-04T21:48:21+00:00","og_image":[{"width":2560,"height":1455,"url":"https:\/\/gebirgsverein1880ev.de\/wp-content\/uploads\/vereinsdomizil-jonsdorfer-gebirgsverein-e-v-scaled.jpg","type":"image\/jpeg"}],"twitter_card":"summary_large_image","twitter_misc":{"Szacowany czas czytania":"2 minuty"},"schema":{"@context":"https:\/\/schema.org","@graph":[{"@type":"WebPage","@id":"https:\/\/gebirgsverein1880ev.de\/pl\/siedziba-klubu\/","url":"https:\/\/gebirgsverein1880ev.de\/pl\/siedziba-klubu\/","name":"Siedziba klubu | Jonsdorfer Gebirgsverein 1880 e.V.","isPartOf":{"@id":"https:\/\/gebirgsverein1880ev.de\/pl\/#website"},"primaryImageOfPage":{"@id":"https:\/\/gebirgsverein1880ev.de\/pl\/siedziba-klubu\/#primaryimage"},"image":{"@id":"https:\/\/gebirgsverein1880ev.de\/pl\/siedziba-klubu\/#primaryimage"},"thumbnailUrl":"https:\/\/gebirgsverein1880ev.de\/wp-content\/uploads\/vereinsdomizil-jonsdorfer-gebirgsverein-e-v-1024x582.jpg","datePublished":"2025-01-23T09:54:50+00:00","dateModified":"2025-02-04T21:48:21+00:00","description":"Witamy - Jonsdorfer Gebirgsverein 1880 e.V. \u2713 Siedziba stowarzyszenia \u2713 Wi\u0119cej informacji na temat utrzymania terenu i dzia\u0142a\u0144","breadcrumb":{"@id":"https:\/\/gebirgsverein1880ev.de\/pl\/siedziba-klubu\/#breadcrumb"},"inLanguage":"pl-PL","potentialAction":[{"@type":"ReadAction","target":["https:\/\/gebirgsverein1880ev.de\/pl\/siedziba-klubu\/"]}]},{"@type":"ImageObject","inLanguage":"pl-PL","@id":"https:\/\/gebirgsverein1880ev.de\/pl\/siedziba-klubu\/#primaryimage","url":"https:\/\/gebirgsverein1880ev.de\/wp-content\/uploads\/vereinsdomizil-jonsdorfer-gebirgsverein-e-v-1024x582.jpg","contentUrl":"https:\/\/gebirgsverein1880ev.de\/wp-content\/uploads\/vereinsdomizil-jonsdorfer-gebirgsverein-e-v-1024x582.jpg"},{"@type":"BreadcrumbList","@id":"https:\/\/gebirgsverein1880ev.de\/pl\/siedziba-klubu\/#breadcrumb","itemListElement":[{"@type":"ListItem","position":1,"name":"Startseite","item":"https:\/\/gebirgsverein1880ev.de\/pl\/"},{"@type":"ListItem","position":2,"name":"Siedziba klubu"}]},{"@type":"WebSite","@id":"https:\/\/gebirgsverein1880ev.de\/pl\/#website","url":"https:\/\/gebirgsverein1880ev.de\/pl\/","name":"Jonsdorfer Gebirgsverein 1880 e.V.","description":"","publisher":{"@id":"https:\/\/gebirgsverein1880ev.de\/pl\/#organization"},"potentialAction":[{"@type":"SearchAction","target":{"@type":"EntryPoint","urlTemplate":"https:\/\/gebirgsverein1880ev.de\/pl\/?s={search_term_string}"},"query-input":{"@type":"PropertyValueSpecification","valueRequired":true,"valueName":"search_term_string"}}],"inLanguage":"pl-PL"},{"@type":"Organization","@id":"https:\/\/gebirgsverein1880ev.de\/pl\/#organization","name":"Jonsdorfer Gebirgsverein 1880 e.V.","url":"https:\/\/gebirgsverein1880ev.de\/pl\/","logo":{"@type":"ImageObject","inLanguage":"pl-PL","@id":"https:\/\/gebirgsverein1880ev.de\/pl\/#\/schema\/logo\/image\/","url":"https:\/\/gebirgsverein1880ev.de\/wp-content\/uploads\/logo_gebirgsverein.png","contentUrl":"https:\/\/gebirgsverein1880ev.de\/wp-content\/uploads\/logo_gebirgsverein.png","width":283,"height":184,"caption":"Jonsdorfer Gebirgsverein 1880 e.V."},"image":{"@id":"https:\/\/gebirgsverein1880ev.de\/pl\/#\/schema\/logo\/image\/"},"sameAs":["https:\/\/www.facebook.com\/muehlsteinbrecher\/"]}]}},"_links":{"self":[{"href":"https:\/\/gebirgsverein1880ev.de\/pl\/wp-json\/wp\/v2\/pages\/5060","targetHints":{"allow":["GET"]}}],"collection":[{"href":"https:\/\/gebirgsverein1880ev.de\/pl\/wp-json\/wp\/v2\/pages"}],"about":[{"href":"https:\/\/gebirgsverein1880ev.de\/pl\/wp-json\/wp\/v2\/types\/page"}],"author":[{"embeddable":true,"href":"https:\/\/gebirgsverein1880ev.de\/pl\/wp-json\/wp\/v2\/users\/1"}],"replies":[{"embeddable":true,"href":"https:\/\/gebirgsverein1880ev.de\/pl\/wp-json\/wp\/v2\/comments?post=5060"}],"version-history":[{"count":3,"href":"https:\/\/gebirgsverein1880ev.de\/pl\/wp-json\/wp\/v2\/pages\/5060\/revisions"}],"predecessor-version":[{"id":5293,"href":"https:\/\/gebirgsverein1880ev.de\/pl\/wp-json\/wp\/v2\/pages\/5060\/revisions\/5293"}],"wp:attachment":[{"href":"https:\/\/gebirgsverein1880ev.de\/pl\/wp-json\/wp\/v2\/media?parent=5060"}],"curies":[{"name":"wp","href":"https:\/\/api.w.org\/{rel}","templated":true}]}}