{"id":5048,"date":"2025-01-23T10:15:57","date_gmt":"2025-01-23T09:15:57","guid":{"rendered":"https:\/\/gebirgsverein1880ev.de\/nadruk\/"},"modified":"2025-04-13T10:13:35","modified_gmt":"2025-04-13T08:13:35","slug":"nadruk","status":"publish","type":"page","link":"https:\/\/gebirgsverein1880ev.de\/pl\/nadruk\/","title":{"rendered":"Nadruk"},"content":{"rendered":"\t\t<div data-elementor-type=\"wp-page\" data-elementor-id=\"5048\" class=\"elementor elementor-5048 elementor-4390\">\n\t\t\t\t<div class=\"elementor-element elementor-element-f66d37c e-flex e-con-boxed e-con e-parent\" data-id=\"f66d37c\" data-element_type=\"container\" data-settings=\"{&quot;background_background&quot;:&quot;classic&quot;}\">\n\t\t\t\t\t<div class=\"e-con-inner\">\n\t\t\t\t<div class=\"elementor-element elementor-element-75e8fbe elementor-widget elementor-widget-heading\" data-id=\"75e8fbe\" data-element_type=\"widget\" data-widget_type=\"heading.default\">\n\t\t\t\t<div class=\"elementor-widget-container\">\n\t\t\t\t\t<h1 class=\"elementor-heading-title elementor-size-default\">Nadruk<\/h1>\t\t\t\t<\/div>\n\t\t\t\t<\/div>\n\t\t\t\t\t<\/div>\n\t\t\t\t<\/div>\n\t\t<div class=\"elementor-element elementor-element-d35d244 e-flex e-con-boxed e-con e-parent\" data-id=\"d35d244\" data-element_type=\"container\" data-settings=\"{&quot;background_background&quot;:&quot;classic&quot;}\">\n\t\t\t\t\t<div class=\"e-con-inner\">\n\t\t\t\t<div class=\"elementor-element elementor-element-ad9c55b elementor-widget elementor-widget-heading\" data-id=\"ad9c55b\" data-element_type=\"widget\" data-widget_type=\"heading.default\">\n\t\t\t\t<div class=\"elementor-widget-container\">\n\t\t\t\t\t<h2 class=\"elementor-heading-title elementor-size-default\">Nadruk<\/h2>\t\t\t\t<\/div>\n\t\t\t\t<\/div>\n\t\t\t\t<div class=\"elementor-element elementor-element-fced54f elementor-widget elementor-widget-text-editor\" data-id=\"fced54f\" data-element_type=\"widget\" data-widget_type=\"text-editor.default\">\n\t\t\t\t<div class=\"elementor-widget-container\">\n\t\t\t\t\t\t\t\t\t<p>Jonsdorfer Gebirgsverein 1880 e.V. An der Sternwarte 6 02796 Kurort Jonsdorf<\/p>\n<\/p>\n<p><strong>Wpis do rejestru:<\/strong><\/p>\n<p>S\u0105d rejestrowy: S\u0105d Rejonowy w Dre\u017anie Olbricht Platz 1 01099 Drezno Numer rejestru: 553<\/p>\n<\/p>\n<p><strong>Reprezentowany przez:<\/strong><br \/>Andr\u00e9 Menzel<\/p>\n<\/p>\n<p><strong>Skontaktuj si\u0119 z nami<\/strong><\/p>\n<p>Telefon: <a href=\"tel:+491754157635\">01754157635<\/a><br \/>E-mail: <a href=\"mailto:info@gebirgsverein1880ev.de\">info@gebirgsverein1880ev.de<\/a><\/p>\n<\/p>\n<p><b>Odpowiedzialny za tre\u015b\u0107 zgodnie z \u00a7 55 Abs. 2 RStV:  <\/b><\/p>\n<p>Zarz\u0105d<span style=\"font-style: inherit; font-weight: inherit; text-align: var(--text-align); background-color: var(--ast-global-color-4); color: var(--ast-global-color-3);\"> <\/span><\/p>\n<p><span style=\"font-style: inherit; font-weight: inherit; text-align: var(--text-align); background-color: var(--ast-global-color-4); color: var(--ast-global-color-3);\"> <\/span><\/p>\n<p><strong>Rozstrzyganie spor\u00f3w konsumenckich\/uniwersalne centrum arbitra\u017cowe<\/strong><\/p>\n<p>Nie jeste\u015bmy sk\u0142onni ani zobowi\u0105zani do udzia\u0142u w post\u0119powaniu rozstrzygaj\u0105cym spory przed komisj\u0105 arbitra\u017cow\u0105 ds. konsument\u00f3w.<\/p>\n<p>\u0179r\u00f3d\u0142o: <a href=\"https:\/\/www.e-recht24.de\">eRecht24<\/a><\/p>\n\t\t\t\t\t\t\t\t<\/div>\n\t\t\t\t<\/div>\n\t\t\t\t\t<\/div>\n\t\t\t\t<\/div>\n\t\t\t\t<\/div>\n\t\t","protected":false},"excerpt":{"rendered":"<p>Nadruk Nadruk Jonsdorfer Gebirgsverein 1880 e.V. An der Sternwarte 6 02796 Kurort Jonsdorf Wpis do rejestru: S\u0105d rejestrowy: S\u0105d Rejonowy w Dre\u017anie Olbricht Platz 1 01099 Drezno Numer rejestru: 553 Reprezentowany przez:Andr\u00e9 Menzel Skontaktuj si\u0119 z nami Telefon: 01754157635E-mail: info@gebirgsverein1880ev.de Odpowiedzialny za tre\u015b\u0107 zgodnie z \u00a7 55 Abs. 2 RStV: Zarz\u0105d Rozstrzyganie spor\u00f3w konsumenckich\/uniwersalne centrum [&hellip;]<\/p>\n","protected":false},"author":1,"featured_media":0,"parent":0,"menu_order":0,"comment_status":"closed","ping_status":"closed","template":"","meta":{"site-sidebar-layout":"no-sidebar","site-content-layout":"page-builder","ast-site-content-layout":"full-width-container","site-content-style":"unboxed","site-sidebar-style":"unboxed","ast-global-header-display":"","ast-banner-title-visibility":"","ast-main-header-display":"","ast-hfb-above-header-display":"","ast-hfb-below-header-display":"","ast-hfb-mobile-header-display":"","site-post-title":"disabled","ast-breadcrumbs-content":"","ast-featured-img":"disabled","footer-sml-layout":"","theme-transparent-header-meta":"enabled","adv-header-id-meta":"","stick-header-meta":"","header-above-stick-meta":"","header-main-stick-meta":"","header-below-stick-meta":"","astra-migrate-meta-layouts":"default","ast-page-background-enabled":"default","ast-page-background-meta":{"desktop":{"background-color":"var(--ast-global-color-4)","background-image":"","background-repeat":"repeat","background-position":"center center","background-size":"auto","background-attachment":"scroll","background-type":"","background-media":"","overlay-type":"","overlay-color":"","overlay-opacity":"","overlay-gradient":""},"tablet":{"background-color":"","background-image":"","background-repeat":"repeat","background-position":"center center","background-size":"auto","background-attachment":"scroll","background-type":"","background-media":"","overlay-type":"","overlay-color":"","overlay-opacity":"","overlay-gradient":""},"mobile":{"background-color":"","background-image":"","background-repeat":"repeat","background-position":"center center","background-size":"auto","background-attachment":"scroll","background-type":"","background-media":"","overlay-type":"","overlay-color":"","overlay-opacity":"","overlay-gradient":""}},"ast-content-background-meta":{"desktop":{"background-color":"var(--ast-global-color-5)","background-image":"","background-repeat":"repeat","background-position":"center center","background-size":"auto","background-attachment":"scroll","background-type":"","background-media":"","overlay-type":"","overlay-color":"","overlay-opacity":"","overlay-gradient":""},"tablet":{"background-color":"var(--ast-global-color-5)","background-image":"","background-repeat":"repeat","background-position":"center center","background-size":"auto","background-attachment":"scroll","background-type":"","background-media":"","overlay-type":"","overlay-color":"","overlay-opacity":"","overlay-gradient":""},"mobile":{"background-color":"var(--ast-global-color-5)","background-image":"","background-repeat":"repeat","background-position":"center center","background-size":"auto","background-attachment":"scroll","background-type":"","background-media":"","overlay-type":"","overlay-color":"","overlay-opacity":"","overlay-gradient":""}},"footnotes":""},"class_list":["post-5048","page","type-page","status-publish","hentry"],"yoast_head":"<!-- This site is optimized with the Yoast SEO plugin v24.5 - https:\/\/yoast.com\/wordpress\/plugins\/seo\/ -->\n<title>Imprint | Jonsdorfer Gebirgsverein 1880 e.V.<\/title>\n<meta name=\"description\" content=\"Witamy - Jonsdorfer Gebirgsverein 1880 e.V. Informacje o druku w skr\u00f3cie. Zobacz teraz\" \/>\n<meta name=\"robots\" content=\"index, follow, max-snippet:-1, max-image-preview:large, max-video-preview:-1\" \/>\n<link rel=\"canonical\" href=\"https:\/\/gebirgsverein1880ev.de\/pl\/nadruk\/\" \/>\n<meta property=\"og:locale\" content=\"pl_PL\" \/>\n<meta property=\"og:type\" content=\"article\" \/>\n<meta property=\"og:title\" content=\"Imprint | Jonsdorfer Gebirgsverein 1880 e.V.\" \/>\n<meta property=\"og:description\" content=\"Witamy - Jonsdorfer Gebirgsverein 1880 e.V. Informacje o druku w skr\u00f3cie. Zobacz teraz\" \/>\n<meta property=\"og:url\" content=\"https:\/\/gebirgsverein1880ev.de\/pl\/nadruk\/\" \/>\n<meta property=\"og:site_name\" content=\"Jonsdorfer Gebirgsverein 1880 e.V.\" \/>\n<meta property=\"article:publisher\" content=\"https:\/\/www.facebook.com\/muehlsteinbrecher\/\" \/>\n<meta property=\"article:modified_time\" content=\"2025-04-13T08:13:35+00:00\" \/>\n<meta name=\"twitter:card\" content=\"summary_large_image\" \/>\n<script type=\"application\/ld+json\" class=\"yoast-schema-graph\">{\"@context\":\"https:\/\/schema.org\",\"@graph\":[{\"@type\":\"WebPage\",\"@id\":\"https:\/\/gebirgsverein1880ev.de\/pl\/nadruk\/\",\"url\":\"https:\/\/gebirgsverein1880ev.de\/pl\/nadruk\/\",\"name\":\"Imprint | Jonsdorfer Gebirgsverein 1880 e.V.\",\"isPartOf\":{\"@id\":\"https:\/\/gebirgsverein1880ev.de\/pl\/#website\"},\"datePublished\":\"2025-01-23T09:15:57+00:00\",\"dateModified\":\"2025-04-13T08:13:35+00:00\",\"description\":\"Witamy - Jonsdorfer Gebirgsverein 1880 e.V. Informacje o druku w skr\u00f3cie. Zobacz teraz\",\"breadcrumb\":{\"@id\":\"https:\/\/gebirgsverein1880ev.de\/pl\/nadruk\/#breadcrumb\"},\"inLanguage\":\"pl-PL\",\"potentialAction\":[{\"@type\":\"ReadAction\",\"target\":[\"https:\/\/gebirgsverein1880ev.de\/pl\/nadruk\/\"]}]},{\"@type\":\"BreadcrumbList\",\"@id\":\"https:\/\/gebirgsverein1880ev.de\/pl\/nadruk\/#breadcrumb\",\"itemListElement\":[{\"@type\":\"ListItem\",\"position\":1,\"name\":\"Startseite\",\"item\":\"https:\/\/gebirgsverein1880ev.de\/pl\/\"},{\"@type\":\"ListItem\",\"position\":2,\"name\":\"Nadruk\"}]},{\"@type\":\"WebSite\",\"@id\":\"https:\/\/gebirgsverein1880ev.de\/pl\/#website\",\"url\":\"https:\/\/gebirgsverein1880ev.de\/pl\/\",\"name\":\"Jonsdorfer Gebirgsverein 1880 e.V.\",\"description\":\"\",\"publisher\":{\"@id\":\"https:\/\/gebirgsverein1880ev.de\/pl\/#organization\"},\"potentialAction\":[{\"@type\":\"SearchAction\",\"target\":{\"@type\":\"EntryPoint\",\"urlTemplate\":\"https:\/\/gebirgsverein1880ev.de\/pl\/?s={search_term_string}\"},\"query-input\":{\"@type\":\"PropertyValueSpecification\",\"valueRequired\":true,\"valueName\":\"search_term_string\"}}],\"inLanguage\":\"pl-PL\"},{\"@type\":\"Organization\",\"@id\":\"https:\/\/gebirgsverein1880ev.de\/pl\/#organization\",\"name\":\"Jonsdorfer Gebirgsverein 1880 e.V.\",\"url\":\"https:\/\/gebirgsverein1880ev.de\/pl\/\",\"logo\":{\"@type\":\"ImageObject\",\"inLanguage\":\"pl-PL\",\"@id\":\"https:\/\/gebirgsverein1880ev.de\/pl\/#\/schema\/logo\/image\/\",\"url\":\"https:\/\/gebirgsverein1880ev.de\/wp-content\/uploads\/logo_gebirgsverein.png\",\"contentUrl\":\"https:\/\/gebirgsverein1880ev.de\/wp-content\/uploads\/logo_gebirgsverein.png\",\"width\":283,\"height\":184,\"caption\":\"Jonsdorfer Gebirgsverein 1880 e.V.\"},\"image\":{\"@id\":\"https:\/\/gebirgsverein1880ev.de\/pl\/#\/schema\/logo\/image\/\"},\"sameAs\":[\"https:\/\/www.facebook.com\/muehlsteinbrecher\/\"]}]}<\/script>\n<!-- \/ Yoast SEO plugin. -->","yoast_head_json":{"title":"Imprint | Jonsdorfer Gebirgsverein 1880 e.V.","description":"Witamy - Jonsdorfer Gebirgsverein 1880 e.V. Informacje o druku w skr\u00f3cie. Zobacz teraz","robots":{"index":"index","follow":"follow","max-snippet":"max-snippet:-1","max-image-preview":"max-image-preview:large","max-video-preview":"max-video-preview:-1"},"canonical":"https:\/\/gebirgsverein1880ev.de\/pl\/nadruk\/","og_locale":"pl_PL","og_type":"article","og_title":"Imprint | Jonsdorfer Gebirgsverein 1880 e.V.","og_description":"Witamy - Jonsdorfer Gebirgsverein 1880 e.V. Informacje o druku w skr\u00f3cie. Zobacz teraz","og_url":"https:\/\/gebirgsverein1880ev.de\/pl\/nadruk\/","og_site_name":"Jonsdorfer Gebirgsverein 1880 e.V.","article_publisher":"https:\/\/www.facebook.com\/muehlsteinbrecher\/","article_modified_time":"2025-04-13T08:13:35+00:00","twitter_card":"summary_large_image","schema":{"@context":"https:\/\/schema.org","@graph":[{"@type":"WebPage","@id":"https:\/\/gebirgsverein1880ev.de\/pl\/nadruk\/","url":"https:\/\/gebirgsverein1880ev.de\/pl\/nadruk\/","name":"Imprint | Jonsdorfer Gebirgsverein 1880 e.V.","isPartOf":{"@id":"https:\/\/gebirgsverein1880ev.de\/pl\/#website"},"datePublished":"2025-01-23T09:15:57+00:00","dateModified":"2025-04-13T08:13:35+00:00","description":"Witamy - Jonsdorfer Gebirgsverein 1880 e.V. Informacje o druku w skr\u00f3cie. Zobacz teraz","breadcrumb":{"@id":"https:\/\/gebirgsverein1880ev.de\/pl\/nadruk\/#breadcrumb"},"inLanguage":"pl-PL","potentialAction":[{"@type":"ReadAction","target":["https:\/\/gebirgsverein1880ev.de\/pl\/nadruk\/"]}]},{"@type":"BreadcrumbList","@id":"https:\/\/gebirgsverein1880ev.de\/pl\/nadruk\/#breadcrumb","itemListElement":[{"@type":"ListItem","position":1,"name":"Startseite","item":"https:\/\/gebirgsverein1880ev.de\/pl\/"},{"@type":"ListItem","position":2,"name":"Nadruk"}]},{"@type":"WebSite","@id":"https:\/\/gebirgsverein1880ev.de\/pl\/#website","url":"https:\/\/gebirgsverein1880ev.de\/pl\/","name":"Jonsdorfer Gebirgsverein 1880 e.V.","description":"","publisher":{"@id":"https:\/\/gebirgsverein1880ev.de\/pl\/#organization"},"potentialAction":[{"@type":"SearchAction","target":{"@type":"EntryPoint","urlTemplate":"https:\/\/gebirgsverein1880ev.de\/pl\/?s={search_term_string}"},"query-input":{"@type":"PropertyValueSpecification","valueRequired":true,"valueName":"search_term_string"}}],"inLanguage":"pl-PL"},{"@type":"Organization","@id":"https:\/\/gebirgsverein1880ev.de\/pl\/#organization","name":"Jonsdorfer Gebirgsverein 1880 e.V.","url":"https:\/\/gebirgsverein1880ev.de\/pl\/","logo":{"@type":"ImageObject","inLanguage":"pl-PL","@id":"https:\/\/gebirgsverein1880ev.de\/pl\/#\/schema\/logo\/image\/","url":"https:\/\/gebirgsverein1880ev.de\/wp-content\/uploads\/logo_gebirgsverein.png","contentUrl":"https:\/\/gebirgsverein1880ev.de\/wp-content\/uploads\/logo_gebirgsverein.png","width":283,"height":184,"caption":"Jonsdorfer Gebirgsverein 1880 e.V."},"image":{"@id":"https:\/\/gebirgsverein1880ev.de\/pl\/#\/schema\/logo\/image\/"},"sameAs":["https:\/\/www.facebook.com\/muehlsteinbrecher\/"]}]}},"_links":{"self":[{"href":"https:\/\/gebirgsverein1880ev.de\/pl\/wp-json\/wp\/v2\/pages\/5048","targetHints":{"allow":["GET"]}}],"collection":[{"href":"https:\/\/gebirgsverein1880ev.de\/pl\/wp-json\/wp\/v2\/pages"}],"about":[{"href":"https:\/\/gebirgsverein1880ev.de\/pl\/wp-json\/wp\/v2\/types\/page"}],"author":[{"embeddable":true,"href":"https:\/\/gebirgsverein1880ev.de\/pl\/wp-json\/wp\/v2\/users\/1"}],"replies":[{"embeddable":true,"href":"https:\/\/gebirgsverein1880ev.de\/pl\/wp-json\/wp\/v2\/comments?post=5048"}],"version-history":[{"count":3,"href":"https:\/\/gebirgsverein1880ev.de\/pl\/wp-json\/wp\/v2\/pages\/5048\/revisions"}],"predecessor-version":[{"id":5335,"href":"https:\/\/gebirgsverein1880ev.de\/pl\/wp-json\/wp\/v2\/pages\/5048\/revisions\/5335"}],"wp:attachment":[{"href":"https:\/\/gebirgsverein1880ev.de\/pl\/wp-json\/wp\/v2\/media?parent=5048"}],"curies":[{"name":"wp","href":"https:\/\/api.w.org\/{rel}","templated":true}]}}