{"id":5069,"date":"2025-01-23T10:57:58","date_gmt":"2025-01-23T09:57:58","guid":{"rendered":"https:\/\/gebirgsverein1880ev.de\/observator\/"},"modified":"2025-01-26T10:45:00","modified_gmt":"2025-01-26T09:45:00","slug":"observator","status":"publish","type":"page","link":"https:\/\/gebirgsverein1880ev.de\/cs\/observator\/","title":{"rendered":"Observato\u0159"},"content":{"rendered":"\t\t<div data-elementor-type=\"wp-page\" data-elementor-id=\"5069\" class=\"elementor elementor-5069 elementor-4462\">\n\t\t\t\t<div class=\"elementor-element elementor-element-7a13398 e-flex e-con-boxed e-con e-parent\" data-id=\"7a13398\" data-element_type=\"container\" data-settings=\"{&quot;background_background&quot;:&quot;classic&quot;}\">\n\t\t\t\t\t<div class=\"e-con-inner\">\n\t\t\t\t<div class=\"elementor-element elementor-element-b273cfe elementor-widget elementor-widget-heading\" data-id=\"b273cfe\" data-element_type=\"widget\" data-widget_type=\"heading.default\">\n\t\t\t\t<div class=\"elementor-widget-container\">\n\t\t\t\t\t<h1 class=\"elementor-heading-title elementor-size-default\">Observato\u0159<\/h1>\t\t\t\t<\/div>\n\t\t\t\t<\/div>\n\t\t\t\t\t<\/div>\n\t\t\t\t<\/div>\n\t\t<div class=\"elementor-element elementor-element-646bb81 e-flex e-con-boxed e-con e-parent\" data-id=\"646bb81\" data-element_type=\"container\" data-settings=\"{&quot;background_background&quot;:&quot;classic&quot;}\">\n\t\t\t\t\t<div class=\"e-con-inner\">\n\t\t<div class=\"elementor-element elementor-element-f83e4aa e-con-full e-flex e-con e-child\" data-id=\"f83e4aa\" data-element_type=\"container\">\n\t\t\t\t<div class=\"elementor-element elementor-element-8d6e372 elementor-widget elementor-widget-image\" data-id=\"8d6e372\" data-element_type=\"widget\" data-widget_type=\"image.default\">\n\t\t\t\t<div class=\"elementor-widget-container\">\n\t\t\t\t\t\t\t\t\t\t\t\t\t\t\t<img fetchpriority=\"high\" decoding=\"async\" width=\"1024\" height=\"768\" src=\"https:\/\/gebirgsverein1880ev.de\/wp-content\/uploads\/Sternwarte_02-1024x768.jpg\" class=\"attachment-large size-large wp-image-4994\" alt=\"\" srcset=\"https:\/\/gebirgsverein1880ev.de\/wp-content\/uploads\/Sternwarte_02-1024x768.jpg 1024w, https:\/\/gebirgsverein1880ev.de\/wp-content\/uploads\/Sternwarte_02-300x225.jpg 300w, https:\/\/gebirgsverein1880ev.de\/wp-content\/uploads\/Sternwarte_02-768x576.jpg 768w, https:\/\/gebirgsverein1880ev.de\/wp-content\/uploads\/Sternwarte_02-1536x1152.jpg 1536w, https:\/\/gebirgsverein1880ev.de\/wp-content\/uploads\/Sternwarte_02.jpg 2048w\" sizes=\"(max-width: 1024px) 100vw, 1024px\" \/>\t\t\t\t\t\t\t\t\t\t\t\t\t\t\t<\/div>\n\t\t\t\t<\/div>\n\t\t\t\t<\/div>\n\t\t<div class=\"elementor-element elementor-element-c969769 e-con-full e-flex e-con e-child\" data-id=\"c969769\" data-element_type=\"container\">\n\t\t\t\t<div class=\"elementor-element elementor-element-b26ad40 elementor-widget elementor-widget-heading\" data-id=\"b26ad40\" data-element_type=\"widget\" data-widget_type=\"heading.default\">\n\t\t\t\t<div class=\"elementor-widget-container\">\n\t\t\t\t\t<h2 class=\"elementor-heading-title elementor-size-default\">O hv\u011bzd\u00e1rn\u011b Jonsdorf<\/h2>\t\t\t\t<\/div>\n\t\t\t\t<\/div>\n\t\t\t\t<div class=\"elementor-element elementor-element-8e6a4de elementor-widget elementor-widget-text-editor\" data-id=\"8e6a4de\" data-element_type=\"widget\" data-widget_type=\"text-editor.default\">\n\t\t\t\t<div class=\"elementor-widget-container\">\n\t\t\t\t\t\t\t\t\t<p>Jonsdorfsk\u00e1 hv\u011bzd\u00e1rna byla <strong>slavnostn\u011b otev\u0159ena 11. srpna 1962<\/strong> po n\u011bkolika m\u011bs\u00edc\u00edch v\u00fdstavby. Postavili ji z vlastn\u00ed iniciativy Sternenfreunde a jejich p\u0159\u00e1tel\u00e9. Jonsdorf\u0161t\u00ed p\u0159\u00e1tel\u00e9 hv\u011bzd se zpo\u010d\u00e1tku skl\u00e1dali z p\u011bti \u010dlen\u016f a vedl je hv\u011bzdn\u00fd p\u0159\u00edtel Ziegler. Od 1. ledna 2002 je hv\u011bzd\u00e1rna za\u010dlen\u011bna do spolku Jonsdorfer Gebirgsverein 1880 e.V..   <\/p>\n\t\t\t\t\t\t\t\t<\/div>\n\t\t\t\t<\/div>\n\t\t\t\t<div class=\"elementor-element elementor-element-15917e4 elementor-align-left elementor-mobile-align-justify elementor-widget-mobile__width-inherit elementor-widget-tablet__width-auto elementor-tablet-align-left elementor-widget elementor-widget-button\" data-id=\"15917e4\" data-element_type=\"widget\" data-widget_type=\"button.default\">\n\t\t\t\t<div class=\"elementor-widget-container\">\n\t\t\t\t\t\t\t\t\t<div class=\"elementor-button-wrapper\">\n\t\t\t\t\t<a class=\"elementor-button elementor-button-link elementor-size-sm\" href=\"#pruvodcem\">\n\t\t\t\t\t\t<span class=\"elementor-button-content-wrapper\">\n\t\t\t\t\t\t\t\t\t<span class=\"elementor-button-text\">V\u00edce informac\u00ed o prohl\u00eddk\u00e1ch s pr\u016fvodcem<\/span>\n\t\t\t\t\t<\/span>\n\t\t\t\t\t<\/a>\n\t\t\t\t<\/div>\n\t\t\t\t\t\t\t\t<\/div>\n\t\t\t\t<\/div>\n\t\t\t\t<\/div>\n\t\t\t\t\t<\/div>\n\t\t\t\t<\/div>\n\t\t<div class=\"elementor-element elementor-element-308a5c7 e-flex e-con-boxed e-con e-parent\" data-id=\"308a5c7\" data-element_type=\"container\" data-settings=\"{&quot;background_background&quot;:&quot;classic&quot;}\">\n\t\t\t\t\t<div class=\"e-con-inner\">\n\t\t<div class=\"elementor-element elementor-element-9eb52fe e-con-full e-flex e-con e-child\" data-id=\"9eb52fe\" data-element_type=\"container\">\n\t\t\t\t<div class=\"elementor-element elementor-element-b98f14e elementor-widget elementor-widget-heading\" data-id=\"b98f14e\" data-element_type=\"widget\" data-widget_type=\"heading.default\">\n\t\t\t\t<div class=\"elementor-widget-container\">\n\t\t\t\t\t<h2 class=\"elementor-heading-title elementor-size-default\">Prohl\u00eddky hv\u011bzd\u00e1rny s pr\u016fvodcem<\/h2>\t\t\t\t<\/div>\n\t\t\t\t<\/div>\n\t\t\t\t<div class=\"elementor-element elementor-element-d21e5de elementor-widget elementor-widget-text-editor\" data-id=\"d21e5de\" data-element_type=\"widget\" data-widget_type=\"text-editor.default\">\n\t\t\t\t<div class=\"elementor-widget-container\">\n\t\t\t\t\t\t\t\t\t<p>Pozorovac\u00ed za\u0159\u00edzen\u00ed je kombinovan\u00fd p\u0159\u00edstroj sest\u00e1vaj\u00edc\u00ed z Nasmythova reflektorov\u00e9ho dalekohledu, dvou Newtonov\u00fdch dalekohled\u016f a refraktoru s mo\u017enost\u00ed pozorov\u00e1n\u00ed Slunce. Ji\u017e n\u011bjakou dobu m\u00e1me k dispozici tak\u00e9 mobiln\u00ed dalekohled. Ten si m\u016f\u017eete objednat spole\u010dn\u011b s obsluhou. Cena dle dohody.   <\/p>\n\t\t\t\t\t\t\t\t<\/div>\n\t\t\t\t<\/div>\n\t\t\t\t<div class=\"elementor-element elementor-element-df384da elementor-widget elementor-widget-text-editor\" data-id=\"df384da\" data-element_type=\"widget\" data-widget_type=\"text-editor.default\">\n\t\t\t\t<div class=\"elementor-widget-container\">\n\t\t\t\t\t\t\t\t\t<p>Na hv\u011bzd\u00e1rn\u011b se konaj\u00ed prohl\u00eddky pro ve\u0159ejnost s pr\u016fvodcem. B\u011bhem nich lze pozorovat vybran\u00e9 objekty <strong>hv\u011bzdn\u00e9 oblohy<\/strong> nebo se konaj\u00ed p\u0159edn\u00e1\u0161ky. Lze si objednat i soukrom\u00e9 prohl\u00eddky. I zde jsou ceny dle dohody.   <\/p>\n\t\t\t\t\t\t\t\t<\/div>\n\t\t\t\t<\/div>\n\t\t\t\t<\/div>\n\t\t<div class=\"elementor-element elementor-element-3a307c5 e-con-full e-flex e-con e-child\" data-id=\"3a307c5\" data-element_type=\"container\">\n\t\t\t\t<div class=\"elementor-element elementor-element-7a6e3f0 elementor-widget elementor-widget-image\" data-id=\"7a6e3f0\" data-element_type=\"widget\" data-widget_type=\"image.default\">\n\t\t\t\t<div class=\"elementor-widget-container\">\n\t\t\t\t\t\t\t\t\t\t\t\t\t\t\t<img decoding=\"async\" width=\"1024\" height=\"768\" src=\"https:\/\/gebirgsverein1880ev.de\/wp-content\/uploads\/Teleskop_01-1024x768.jpg\" class=\"attachment-large size-large wp-image-4997\" alt=\"\" srcset=\"https:\/\/gebirgsverein1880ev.de\/wp-content\/uploads\/Teleskop_01-1024x768.jpg 1024w, https:\/\/gebirgsverein1880ev.de\/wp-content\/uploads\/Teleskop_01-300x225.jpg 300w, https:\/\/gebirgsverein1880ev.de\/wp-content\/uploads\/Teleskop_01-768x576.jpg 768w, https:\/\/gebirgsverein1880ev.de\/wp-content\/uploads\/Teleskop_01-1536x1152.jpg 1536w, https:\/\/gebirgsverein1880ev.de\/wp-content\/uploads\/Teleskop_01.jpg 2048w\" sizes=\"(max-width: 1024px) 100vw, 1024px\" \/>\t\t\t\t\t\t\t\t\t\t\t\t\t\t\t<\/div>\n\t\t\t\t<\/div>\n\t\t\t\t<div class=\"elementor-element elementor-element-885cbd9 elementor-widget elementor-widget-image\" data-id=\"885cbd9\" data-element_type=\"widget\" data-widget_type=\"image.default\">\n\t\t\t\t<div class=\"elementor-widget-container\">\n\t\t\t\t\t\t\t\t\t\t\t\t\t\t\t<img decoding=\"async\" width=\"1024\" height=\"488\" src=\"https:\/\/gebirgsverein1880ev.de\/wp-content\/uploads\/Fernrohr-1024x488.jpg\" class=\"attachment-large size-large wp-image-5000\" alt=\"\" srcset=\"https:\/\/gebirgsverein1880ev.de\/wp-content\/uploads\/Fernrohr-1024x488.jpg 1024w, https:\/\/gebirgsverein1880ev.de\/wp-content\/uploads\/Fernrohr-300x143.jpg 300w, https:\/\/gebirgsverein1880ev.de\/wp-content\/uploads\/Fernrohr-768x366.jpg 768w, https:\/\/gebirgsverein1880ev.de\/wp-content\/uploads\/Fernrohr-1536x732.jpg 1536w, https:\/\/gebirgsverein1880ev.de\/wp-content\/uploads\/Fernrohr-2048x975.jpg 2048w\" sizes=\"(max-width: 1024px) 100vw, 1024px\" \/>\t\t\t\t\t\t\t\t\t\t\t\t\t\t\t<\/div>\n\t\t\t\t<\/div>\n\t\t\t\t<\/div>\n\t\t\t\t\t<\/div>\n\t\t\t\t<\/div>\n\t\t<div class=\"elementor-element elementor-element-cfc4fe1 e-flex e-con-boxed e-con e-parent\" data-id=\"cfc4fe1\" data-element_type=\"container\" data-settings=\"{&quot;background_background&quot;:&quot;classic&quot;}\">\n\t\t\t\t\t<div class=\"e-con-inner\">\n\t\t<div class=\"elementor-element elementor-element-b072407 e-con-full e-flex e-con e-child\" data-id=\"b072407\" data-element_type=\"container\">\n\t\t\t\t<div class=\"elementor-element elementor-element-f6ed8fa elementor-widget elementor-widget-image\" data-id=\"f6ed8fa\" data-element_type=\"widget\" data-widget_type=\"image.default\">\n\t\t\t\t<div class=\"elementor-widget-container\">\n\t\t\t\t\t\t\t\t\t\t\t\t\t\t\t<img loading=\"lazy\" decoding=\"async\" width=\"1024\" height=\"680\" src=\"https:\/\/gebirgsverein1880ev.de\/wp-content\/uploads\/Sternwarte-in-Jonsdorf_03-scaled-1-1024x680.jpg\" class=\"attachment-large size-large wp-image-5003\" alt=\"\" srcset=\"https:\/\/gebirgsverein1880ev.de\/wp-content\/uploads\/Sternwarte-in-Jonsdorf_03-scaled-1-1024x680.jpg 1024w, https:\/\/gebirgsverein1880ev.de\/wp-content\/uploads\/Sternwarte-in-Jonsdorf_03-scaled-1-300x199.jpg 300w, https:\/\/gebirgsverein1880ev.de\/wp-content\/uploads\/Sternwarte-in-Jonsdorf_03-scaled-1-768x510.jpg 768w, https:\/\/gebirgsverein1880ev.de\/wp-content\/uploads\/Sternwarte-in-Jonsdorf_03-scaled-1-1536x1020.jpg 1536w, https:\/\/gebirgsverein1880ev.de\/wp-content\/uploads\/Sternwarte-in-Jonsdorf_03-scaled-1-2048x1360.jpg 2048w\" sizes=\"(max-width: 1024px) 100vw, 1024px\" \/>\t\t\t\t\t\t\t\t\t\t\t\t\t\t\t<\/div>\n\t\t\t\t<\/div>\n\t\t\t\t<\/div>\n\t\t<div class=\"elementor-element elementor-element-962c9ac e-con-full e-flex e-con e-child\" data-id=\"962c9ac\" data-element_type=\"container\">\n\t\t\t\t<div class=\"elementor-element elementor-element-e115cf7 elementor-widget elementor-widget-menu-anchor\" data-id=\"e115cf7\" data-element_type=\"widget\" data-widget_type=\"menu-anchor.default\">\n\t\t\t\t<div class=\"elementor-widget-container\">\n\t\t\t\t\t\t\t<div class=\"elementor-menu-anchor\" id=\"pruvodcem\"><\/div>\n\t\t\t\t\t\t<\/div>\n\t\t\t\t<\/div>\n\t\t\t\t<div class=\"elementor-element elementor-element-788b941 elementor-widget elementor-widget-heading\" data-id=\"788b941\" data-element_type=\"widget\" data-widget_type=\"heading.default\">\n\t\t\t\t<div class=\"elementor-widget-container\">\n\t\t\t\t\t<h2 class=\"elementor-heading-title elementor-size-default\">Prohl\u00eddky observato\u0159e pro ve\u0159ejnost s pr\u016fvodcem<\/h2>\t\t\t\t<\/div>\n\t\t\t\t<\/div>\n\t\t\t\t<div class=\"elementor-element elementor-element-5a82f17 elementor-widget elementor-widget-text-editor\" data-id=\"5a82f17\" data-element_type=\"widget\" data-widget_type=\"text-editor.default\">\n\t\t\t\t<div class=\"elementor-widget-container\">\n\t\t\t\t\t\t\t\t\t<p><strong>Prohl\u00eddky s pr\u016fvodcem v\u017edy v p\u00e1tek:<\/strong><\/p>\n\t\t\t\t\t\t\t\t<\/div>\n\t\t\t\t<\/div>\n\t\t\t\t<div class=\"elementor-element elementor-element-49c737a elementor-widget elementor-widget-text-editor\" data-id=\"49c737a\" data-element_type=\"widget\" data-widget_type=\"text-editor.default\">\n\t\t\t\t<div class=\"elementor-widget-container\">\n\t\t\t\t\t\t\t\t\t<p>Kv\u011bten &#8211; \u010dervenec od 21:00 hodin Srpen od 20:30 hodin Z\u00e1\u0159\u00ed a \u0159\u00edjen od 20:00 hodin<\/p>\n<p><span style=\"background-color: var( --e-global-color-astglobalcolor5 ); color: var(--ast-global-color-3); font-style: inherit; font-weight: inherit; text-align: var(--text-align);\"> <\/span><\/p>\n\t\t\t\t\t\t\t\t<\/div>\n\t\t\t\t<\/div>\n\t\t\t\t<div class=\"elementor-element elementor-element-351e838 elementor-widget elementor-widget-text-editor\" data-id=\"351e838\" data-element_type=\"widget\" data-widget_type=\"text-editor.default\">\n\t\t\t\t<div class=\"elementor-widget-container\">\n\t\t\t\t\t\t\t\t\t<p><span style=\"text-decoration: underline;\"><strong>Ceny za prohl\u00eddky s pr\u016fvodcem:<\/strong><\/span><\/p>\n<p><strong>Dosp\u011bl\u00ed (od 17 let) &#8211; 3,50 Euro\/osoba<\/strong><\/p>\n<p><strong>D\u011bti (6-16 let) 2,00 Euro\/ za osobu<\/strong><\/p>\n<p><strong>Skupiny do 20 osob 3,00 Euro\/ za osobu<\/strong><\/p>\n\t\t\t\t\t\t\t\t<\/div>\n\t\t\t\t<\/div>\n\t\t\t\t<\/div>\n\t\t\t\t\t<\/div>\n\t\t\t\t<\/div>\n\t\t\t\t<\/div>\n\t\t","protected":false},"excerpt":{"rendered":"<p>Observato\u0159 O hv\u011bzd\u00e1rn\u011b Jonsdorf Jonsdorfsk\u00e1 hv\u011bzd\u00e1rna byla slavnostn\u011b otev\u0159ena 11. srpna 1962 po n\u011bkolika m\u011bs\u00edc\u00edch v\u00fdstavby. Postavili ji z vlastn\u00ed iniciativy Sternenfreunde a jejich p\u0159\u00e1tel\u00e9. Jonsdorf\u0161t\u00ed p\u0159\u00e1tel\u00e9 hv\u011bzd se zpo\u010d\u00e1tku skl\u00e1dali z p\u011bti \u010dlen\u016f a vedl je hv\u011bzdn\u00fd p\u0159\u00edtel Ziegler. Od 1. ledna 2002 je hv\u011bzd\u00e1rna za\u010dlen\u011bna do spolku Jonsdorfer Gebirgsverein 1880 e.V.. V\u00edce informac\u00ed [&hellip;]<\/p>\n","protected":false},"author":1,"featured_media":0,"parent":0,"menu_order":0,"comment_status":"closed","ping_status":"closed","template":"","meta":{"site-sidebar-layout":"no-sidebar","site-content-layout":"page-builder","ast-site-content-layout":"full-width-container","site-content-style":"unboxed","site-sidebar-style":"unboxed","ast-global-header-display":"","ast-banner-title-visibility":"","ast-main-header-display":"","ast-hfb-above-header-display":"","ast-hfb-below-header-display":"","ast-hfb-mobile-header-display":"","site-post-title":"disabled","ast-breadcrumbs-content":"","ast-featured-img":"disabled","footer-sml-layout":"","theme-transparent-header-meta":"enabled","adv-header-id-meta":"","stick-header-meta":"","header-above-stick-meta":"","header-main-stick-meta":"","header-below-stick-meta":"","astra-migrate-meta-layouts":"default","ast-page-background-enabled":"default","ast-page-background-meta":{"desktop":{"background-color":"var(--ast-global-color-4)","background-image":"","background-repeat":"repeat","background-position":"center center","background-size":"auto","background-attachment":"scroll","background-type":"","background-media":"","overlay-type":"","overlay-color":"","overlay-opacity":"","overlay-gradient":""},"tablet":{"background-color":"","background-image":"","background-repeat":"repeat","background-position":"center center","background-size":"auto","background-attachment":"scroll","background-type":"","background-media":"","overlay-type":"","overlay-color":"","overlay-opacity":"","overlay-gradient":""},"mobile":{"background-color":"","background-image":"","background-repeat":"repeat","background-position":"center center","background-size":"auto","background-attachment":"scroll","background-type":"","background-media":"","overlay-type":"","overlay-color":"","overlay-opacity":"","overlay-gradient":""}},"ast-content-background-meta":{"desktop":{"background-color":"var(--ast-global-color-5)","background-image":"","background-repeat":"repeat","background-position":"center center","background-size":"auto","background-attachment":"scroll","background-type":"","background-media":"","overlay-type":"","overlay-color":"","overlay-opacity":"","overlay-gradient":""},"tablet":{"background-color":"var(--ast-global-color-5)","background-image":"","background-repeat":"repeat","background-position":"center center","background-size":"auto","background-attachment":"scroll","background-type":"","background-media":"","overlay-type":"","overlay-color":"","overlay-opacity":"","overlay-gradient":""},"mobile":{"background-color":"var(--ast-global-color-5)","background-image":"","background-repeat":"repeat","background-position":"center center","background-size":"auto","background-attachment":"scroll","background-type":"","background-media":"","overlay-type":"","overlay-color":"","overlay-opacity":"","overlay-gradient":""}},"footnotes":""},"class_list":["post-5069","page","type-page","status-publish","hentry"],"yoast_head":"<!-- This site is optimized with the Yoast SEO plugin v24.5 - https:\/\/yoast.com\/wordpress\/plugins\/seo\/ -->\n<title>Observato\u0159 - Jonsdorfer Gebirgsverein 1880 e.V.<\/title>\n<meta name=\"robots\" content=\"index, follow, max-snippet:-1, max-image-preview:large, max-video-preview:-1\" \/>\n<link rel=\"canonical\" href=\"https:\/\/gebirgsverein1880ev.de\/cs\/observator\/\" \/>\n<meta property=\"og:locale\" content=\"cs_CZ\" \/>\n<meta property=\"og:type\" content=\"article\" \/>\n<meta property=\"og:title\" content=\"Observato\u0159 - Jonsdorfer Gebirgsverein 1880 e.V.\" \/>\n<meta property=\"og:description\" content=\"Observato\u0159 O hv\u011bzd\u00e1rn\u011b Jonsdorf Jonsdorfsk\u00e1 hv\u011bzd\u00e1rna byla slavnostn\u011b otev\u0159ena 11. srpna 1962 po n\u011bkolika m\u011bs\u00edc\u00edch v\u00fdstavby. Postavili ji z vlastn\u00ed iniciativy Sternenfreunde a jejich p\u0159\u00e1tel\u00e9. Jonsdorf\u0161t\u00ed p\u0159\u00e1tel\u00e9 hv\u011bzd se zpo\u010d\u00e1tku skl\u00e1dali z p\u011bti \u010dlen\u016f a vedl je hv\u011bzdn\u00fd p\u0159\u00edtel Ziegler. Od 1. ledna 2002 je hv\u011bzd\u00e1rna za\u010dlen\u011bna do spolku Jonsdorfer Gebirgsverein 1880 e.V.. V\u00edce informac\u00ed [&hellip;]\" \/>\n<meta property=\"og:url\" content=\"https:\/\/gebirgsverein1880ev.de\/cs\/observator\/\" \/>\n<meta property=\"og:site_name\" content=\"Jonsdorfer Gebirgsverein 1880 e.V.\" \/>\n<meta property=\"article:publisher\" content=\"https:\/\/www.facebook.com\/muehlsteinbrecher\/\" \/>\n<meta property=\"article:modified_time\" content=\"2025-01-26T09:45:00+00:00\" \/>\n<meta property=\"og:image\" content=\"https:\/\/gebirgsverein1880ev.de\/wp-content\/uploads\/Sternwarte_02.jpg\" \/>\n\t<meta property=\"og:image:width\" content=\"2048\" \/>\n\t<meta property=\"og:image:height\" content=\"1536\" \/>\n\t<meta property=\"og:image:type\" content=\"image\/jpeg\" \/>\n<meta name=\"twitter:card\" content=\"summary_large_image\" \/>\n<meta name=\"twitter:label1\" content=\"Odhadovan\u00e1 doba \u010dten\u00ed\" \/>\n\t<meta name=\"twitter:data1\" content=\"2 minuty\" \/>\n<script type=\"application\/ld+json\" class=\"yoast-schema-graph\">{\"@context\":\"https:\/\/schema.org\",\"@graph\":[{\"@type\":\"WebPage\",\"@id\":\"https:\/\/gebirgsverein1880ev.de\/cs\/observator\/\",\"url\":\"https:\/\/gebirgsverein1880ev.de\/cs\/observator\/\",\"name\":\"Observato\u0159 - Jonsdorfer Gebirgsverein 1880 e.V.\",\"isPartOf\":{\"@id\":\"https:\/\/gebirgsverein1880ev.de\/cs\/#website\"},\"primaryImageOfPage\":{\"@id\":\"https:\/\/gebirgsverein1880ev.de\/cs\/observator\/#primaryimage\"},\"image\":{\"@id\":\"https:\/\/gebirgsverein1880ev.de\/cs\/observator\/#primaryimage\"},\"thumbnailUrl\":\"https:\/\/gebirgsverein1880ev.de\/wp-content\/uploads\/Sternwarte_02-1024x768.jpg\",\"datePublished\":\"2025-01-23T09:57:58+00:00\",\"dateModified\":\"2025-01-26T09:45:00+00:00\",\"breadcrumb\":{\"@id\":\"https:\/\/gebirgsverein1880ev.de\/cs\/observator\/#breadcrumb\"},\"inLanguage\":\"cs\",\"potentialAction\":[{\"@type\":\"ReadAction\",\"target\":[\"https:\/\/gebirgsverein1880ev.de\/cs\/observator\/\"]}]},{\"@type\":\"ImageObject\",\"inLanguage\":\"cs\",\"@id\":\"https:\/\/gebirgsverein1880ev.de\/cs\/observator\/#primaryimage\",\"url\":\"https:\/\/gebirgsverein1880ev.de\/wp-content\/uploads\/Sternwarte_02-1024x768.jpg\",\"contentUrl\":\"https:\/\/gebirgsverein1880ev.de\/wp-content\/uploads\/Sternwarte_02-1024x768.jpg\"},{\"@type\":\"BreadcrumbList\",\"@id\":\"https:\/\/gebirgsverein1880ev.de\/cs\/observator\/#breadcrumb\",\"itemListElement\":[{\"@type\":\"ListItem\",\"position\":1,\"name\":\"Startseite\",\"item\":\"https:\/\/gebirgsverein1880ev.de\/cs\/\"},{\"@type\":\"ListItem\",\"position\":2,\"name\":\"Observato\u0159\"}]},{\"@type\":\"WebSite\",\"@id\":\"https:\/\/gebirgsverein1880ev.de\/cs\/#website\",\"url\":\"https:\/\/gebirgsverein1880ev.de\/cs\/\",\"name\":\"Jonsdorfer Gebirgsverein 1880 e.V.\",\"description\":\"\",\"publisher\":{\"@id\":\"https:\/\/gebirgsverein1880ev.de\/cs\/#organization\"},\"potentialAction\":[{\"@type\":\"SearchAction\",\"target\":{\"@type\":\"EntryPoint\",\"urlTemplate\":\"https:\/\/gebirgsverein1880ev.de\/cs\/?s={search_term_string}\"},\"query-input\":{\"@type\":\"PropertyValueSpecification\",\"valueRequired\":true,\"valueName\":\"search_term_string\"}}],\"inLanguage\":\"cs\"},{\"@type\":\"Organization\",\"@id\":\"https:\/\/gebirgsverein1880ev.de\/cs\/#organization\",\"name\":\"Jonsdorfer Gebirgsverein 1880 e.V.\",\"url\":\"https:\/\/gebirgsverein1880ev.de\/cs\/\",\"logo\":{\"@type\":\"ImageObject\",\"inLanguage\":\"cs\",\"@id\":\"https:\/\/gebirgsverein1880ev.de\/cs\/#\/schema\/logo\/image\/\",\"url\":\"https:\/\/gebirgsverein1880ev.de\/wp-content\/uploads\/logo_gebirgsverein.png\",\"contentUrl\":\"https:\/\/gebirgsverein1880ev.de\/wp-content\/uploads\/logo_gebirgsverein.png\",\"width\":283,\"height\":184,\"caption\":\"Jonsdorfer Gebirgsverein 1880 e.V.\"},\"image\":{\"@id\":\"https:\/\/gebirgsverein1880ev.de\/cs\/#\/schema\/logo\/image\/\"},\"sameAs\":[\"https:\/\/www.facebook.com\/muehlsteinbrecher\/\"]}]}<\/script>\n<!-- \/ Yoast SEO plugin. -->","yoast_head_json":{"title":"Observato\u0159 - Jonsdorfer Gebirgsverein 1880 e.V.","robots":{"index":"index","follow":"follow","max-snippet":"max-snippet:-1","max-image-preview":"max-image-preview:large","max-video-preview":"max-video-preview:-1"},"canonical":"https:\/\/gebirgsverein1880ev.de\/cs\/observator\/","og_locale":"cs_CZ","og_type":"article","og_title":"Observato\u0159 - Jonsdorfer Gebirgsverein 1880 e.V.","og_description":"Observato\u0159 O hv\u011bzd\u00e1rn\u011b Jonsdorf Jonsdorfsk\u00e1 hv\u011bzd\u00e1rna byla slavnostn\u011b otev\u0159ena 11. srpna 1962 po n\u011bkolika m\u011bs\u00edc\u00edch v\u00fdstavby. Postavili ji z vlastn\u00ed iniciativy Sternenfreunde a jejich p\u0159\u00e1tel\u00e9. Jonsdorf\u0161t\u00ed p\u0159\u00e1tel\u00e9 hv\u011bzd se zpo\u010d\u00e1tku skl\u00e1dali z p\u011bti \u010dlen\u016f a vedl je hv\u011bzdn\u00fd p\u0159\u00edtel Ziegler. Od 1. ledna 2002 je hv\u011bzd\u00e1rna za\u010dlen\u011bna do spolku Jonsdorfer Gebirgsverein 1880 e.V.. V\u00edce informac\u00ed [&hellip;]","og_url":"https:\/\/gebirgsverein1880ev.de\/cs\/observator\/","og_site_name":"Jonsdorfer Gebirgsverein 1880 e.V.","article_publisher":"https:\/\/www.facebook.com\/muehlsteinbrecher\/","article_modified_time":"2025-01-26T09:45:00+00:00","og_image":[{"width":2048,"height":1536,"url":"https:\/\/gebirgsverein1880ev.de\/wp-content\/uploads\/Sternwarte_02.jpg","type":"image\/jpeg"}],"twitter_card":"summary_large_image","twitter_misc":{"Odhadovan\u00e1 doba \u010dten\u00ed":"2 minuty"},"schema":{"@context":"https:\/\/schema.org","@graph":[{"@type":"WebPage","@id":"https:\/\/gebirgsverein1880ev.de\/cs\/observator\/","url":"https:\/\/gebirgsverein1880ev.de\/cs\/observator\/","name":"Observato\u0159 - Jonsdorfer Gebirgsverein 1880 e.V.","isPartOf":{"@id":"https:\/\/gebirgsverein1880ev.de\/cs\/#website"},"primaryImageOfPage":{"@id":"https:\/\/gebirgsverein1880ev.de\/cs\/observator\/#primaryimage"},"image":{"@id":"https:\/\/gebirgsverein1880ev.de\/cs\/observator\/#primaryimage"},"thumbnailUrl":"https:\/\/gebirgsverein1880ev.de\/wp-content\/uploads\/Sternwarte_02-1024x768.jpg","datePublished":"2025-01-23T09:57:58+00:00","dateModified":"2025-01-26T09:45:00+00:00","breadcrumb":{"@id":"https:\/\/gebirgsverein1880ev.de\/cs\/observator\/#breadcrumb"},"inLanguage":"cs","potentialAction":[{"@type":"ReadAction","target":["https:\/\/gebirgsverein1880ev.de\/cs\/observator\/"]}]},{"@type":"ImageObject","inLanguage":"cs","@id":"https:\/\/gebirgsverein1880ev.de\/cs\/observator\/#primaryimage","url":"https:\/\/gebirgsverein1880ev.de\/wp-content\/uploads\/Sternwarte_02-1024x768.jpg","contentUrl":"https:\/\/gebirgsverein1880ev.de\/wp-content\/uploads\/Sternwarte_02-1024x768.jpg"},{"@type":"BreadcrumbList","@id":"https:\/\/gebirgsverein1880ev.de\/cs\/observator\/#breadcrumb","itemListElement":[{"@type":"ListItem","position":1,"name":"Startseite","item":"https:\/\/gebirgsverein1880ev.de\/cs\/"},{"@type":"ListItem","position":2,"name":"Observato\u0159"}]},{"@type":"WebSite","@id":"https:\/\/gebirgsverein1880ev.de\/cs\/#website","url":"https:\/\/gebirgsverein1880ev.de\/cs\/","name":"Jonsdorfer Gebirgsverein 1880 e.V.","description":"","publisher":{"@id":"https:\/\/gebirgsverein1880ev.de\/cs\/#organization"},"potentialAction":[{"@type":"SearchAction","target":{"@type":"EntryPoint","urlTemplate":"https:\/\/gebirgsverein1880ev.de\/cs\/?s={search_term_string}"},"query-input":{"@type":"PropertyValueSpecification","valueRequired":true,"valueName":"search_term_string"}}],"inLanguage":"cs"},{"@type":"Organization","@id":"https:\/\/gebirgsverein1880ev.de\/cs\/#organization","name":"Jonsdorfer Gebirgsverein 1880 e.V.","url":"https:\/\/gebirgsverein1880ev.de\/cs\/","logo":{"@type":"ImageObject","inLanguage":"cs","@id":"https:\/\/gebirgsverein1880ev.de\/cs\/#\/schema\/logo\/image\/","url":"https:\/\/gebirgsverein1880ev.de\/wp-content\/uploads\/logo_gebirgsverein.png","contentUrl":"https:\/\/gebirgsverein1880ev.de\/wp-content\/uploads\/logo_gebirgsverein.png","width":283,"height":184,"caption":"Jonsdorfer Gebirgsverein 1880 e.V."},"image":{"@id":"https:\/\/gebirgsverein1880ev.de\/cs\/#\/schema\/logo\/image\/"},"sameAs":["https:\/\/www.facebook.com\/muehlsteinbrecher\/"]}]}},"_links":{"self":[{"href":"https:\/\/gebirgsverein1880ev.de\/cs\/wp-json\/wp\/v2\/pages\/5069","targetHints":{"allow":["GET"]}}],"collection":[{"href":"https:\/\/gebirgsverein1880ev.de\/cs\/wp-json\/wp\/v2\/pages"}],"about":[{"href":"https:\/\/gebirgsverein1880ev.de\/cs\/wp-json\/wp\/v2\/types\/page"}],"author":[{"embeddable":true,"href":"https:\/\/gebirgsverein1880ev.de\/cs\/wp-json\/wp\/v2\/users\/1"}],"replies":[{"embeddable":true,"href":"https:\/\/gebirgsverein1880ev.de\/cs\/wp-json\/wp\/v2\/comments?post=5069"}],"version-history":[{"count":8,"href":"https:\/\/gebirgsverein1880ev.de\/cs\/wp-json\/wp\/v2\/pages\/5069\/revisions"}],"predecessor-version":[{"id":5189,"href":"https:\/\/gebirgsverein1880ev.de\/cs\/wp-json\/wp\/v2\/pages\/5069\/revisions\/5189"}],"wp:attachment":[{"href":"https:\/\/gebirgsverein1880ev.de\/cs\/wp-json\/wp\/v2\/media?parent=5069"}],"curies":[{"name":"wp","href":"https:\/\/api.w.org\/{rel}","templated":true}]}}