{"id":5066,"date":"2025-01-23T10:54:50","date_gmt":"2025-01-23T09:54:50","guid":{"rendered":"https:\/\/gebirgsverein1880ev.de\/sidlo-klubu\/"},"modified":"2025-02-04T22:48:21","modified_gmt":"2025-02-04T21:48:21","slug":"sidlo-klubu","status":"publish","type":"page","link":"https:\/\/gebirgsverein1880ev.de\/cs\/sidlo-klubu\/","title":{"rendered":"S\u00eddlo klubu"},"content":{"rendered":"\t\t<div data-elementor-type=\"wp-page\" data-elementor-id=\"5066\" class=\"elementor elementor-5066 elementor-4450\">\n\t\t\t\t<div class=\"elementor-element elementor-element-00ca1bd e-flex e-con-boxed e-con e-parent\" data-id=\"00ca1bd\" data-element_type=\"container\" data-settings=\"{&quot;background_background&quot;:&quot;classic&quot;}\">\n\t\t\t\t\t<div class=\"e-con-inner\">\n\t\t\t\t<div class=\"elementor-element elementor-element-a446ff5 elementor-widget elementor-widget-heading\" data-id=\"a446ff5\" data-element_type=\"widget\" data-widget_type=\"heading.default\">\n\t\t\t\t<div class=\"elementor-widget-container\">\n\t\t\t\t\t<h1 class=\"elementor-heading-title elementor-size-default\">S\u00eddlo klubu<\/h1>\t\t\t\t<\/div>\n\t\t\t\t<\/div>\n\t\t\t\t\t<\/div>\n\t\t\t\t<\/div>\n\t\t<div class=\"elementor-element elementor-element-d0232c6 e-flex e-con-boxed e-con e-parent\" data-id=\"d0232c6\" data-element_type=\"container\" data-settings=\"{&quot;background_background&quot;:&quot;classic&quot;}\">\n\t\t\t\t\t<div class=\"e-con-inner\">\n\t\t<div class=\"elementor-element elementor-element-d28116f e-con-full e-flex e-con e-child\" data-id=\"d28116f\" data-element_type=\"container\">\n\t\t\t\t<div class=\"elementor-element elementor-element-1dcfedf elementor-widget elementor-widget-image\" data-id=\"1dcfedf\" data-element_type=\"widget\" data-widget_type=\"image.default\">\n\t\t\t\t<div class=\"elementor-widget-container\">\n\t\t\t\t\t\t\t\t\t\t\t\t\t\t\t<img fetchpriority=\"high\" decoding=\"async\" width=\"1024\" height=\"582\" src=\"https:\/\/gebirgsverein1880ev.de\/wp-content\/uploads\/vereinsdomizil-jonsdorfer-gebirgsverein-e-v-1024x582.jpg\" class=\"attachment-large size-large wp-image-4943\" alt=\"\" srcset=\"https:\/\/gebirgsverein1880ev.de\/wp-content\/uploads\/vereinsdomizil-jonsdorfer-gebirgsverein-e-v-1024x582.jpg 1024w, https:\/\/gebirgsverein1880ev.de\/wp-content\/uploads\/vereinsdomizil-jonsdorfer-gebirgsverein-e-v-300x170.jpg 300w, https:\/\/gebirgsverein1880ev.de\/wp-content\/uploads\/vereinsdomizil-jonsdorfer-gebirgsverein-e-v-768x436.jpg 768w, https:\/\/gebirgsverein1880ev.de\/wp-content\/uploads\/vereinsdomizil-jonsdorfer-gebirgsverein-e-v-1536x873.jpg 1536w, https:\/\/gebirgsverein1880ev.de\/wp-content\/uploads\/vereinsdomizil-jonsdorfer-gebirgsverein-e-v-2048x1164.jpg 2048w\" sizes=\"(max-width: 1024px) 100vw, 1024px\" \/>\t\t\t\t\t\t\t\t\t\t\t\t\t\t\t<\/div>\n\t\t\t\t<\/div>\n\t\t\t\t<\/div>\n\t\t<div class=\"elementor-element elementor-element-9d8c859 e-con-full e-flex e-con e-child\" data-id=\"9d8c859\" data-element_type=\"container\">\n\t\t\t\t<div class=\"elementor-element elementor-element-8e83692 elementor-widget elementor-widget-heading\" data-id=\"8e83692\" data-element_type=\"widget\" data-widget_type=\"heading.default\">\n\t\t\t\t<div class=\"elementor-widget-container\">\n\t\t\t\t\t<h2 class=\"elementor-heading-title elementor-size-default\">O klubovn\u011b<\/h2>\t\t\t\t<\/div>\n\t\t\t\t<\/div>\n\t\t\t\t<div class=\"elementor-element elementor-element-a8edd77 elementor-widget elementor-widget-text-editor\" data-id=\"a8edd77\" data-element_type=\"widget\" data-widget_type=\"text-editor.default\">\n\t\t\t\t<div class=\"elementor-widget-container\">\n\t\t\t\t\t\t\t\t\t<p>V b\u0159eznu 2001 se sdru\u017een\u00ed poda\u0159ilo od obce pronajmout <strong>pozemek v centru<\/strong> Jonsdorfu. Na tomto m\u00edst\u011b se nach\u00e1z\u00ed klubovna a ve\u0159ejn\u00e1 hv\u011bzd\u00e1rna.   <span style=\"font-style: inherit; font-weight: inherit; color: var( --e-global-color-astglobalcolor3 ); text-align: var(--text-align); background-color: var( --e-global-color-astglobalcolor5 );\">\u010clenov\u00e9 sdru\u017een\u00ed tuto budovu s l\u00e1skou zrekonstruovali a od t\u00e9 doby ji vyu\u017e\u00edvaj\u00ed.  <\/span><\/p>\n<p><span style=\"font-style: inherit; font-weight: inherit; color: var( --e-global-color-astglobalcolor3 ); text-align: var(--text-align); background-color: var( --e-global-color-astglobalcolor5 );\"> <\/span><\/p>\n<p><span style=\"font-style: inherit; font-weight: inherit; color: var( --e-global-color-astglobalcolor3 ); text-align: var(--text-align); background-color: var( --e-global-color-astglobalcolor5 );\">Klubovna s dob\u0159e vybavenou kuchyn\u00ed, spole\u010denskou m\u00edstnost\u00ed a soci\u00e1ln\u00edm za\u0159\u00edzen\u00edm je k dispozici pro klubov\u00e9 ve\u010d\u00edrky, rodinn\u00e9 oslavy, extern\u00ed pron\u00e1jem a podobn\u00e9 akce.<\/span><\/p>\n\t\t\t\t\t\t\t\t<\/div>\n\t\t\t\t<\/div>\n\t\t\t\t<\/div>\n\t\t\t\t\t<\/div>\n\t\t\t\t<\/div>\n\t\t<div class=\"elementor-element elementor-element-d4fec63 e-flex e-con-boxed e-con e-parent\" data-id=\"d4fec63\" data-element_type=\"container\" data-settings=\"{&quot;background_background&quot;:&quot;classic&quot;}\">\n\t\t\t\t\t<div class=\"e-con-inner\">\n\t\t<div class=\"elementor-element elementor-element-5724c49 e-con-full e-flex e-con e-child\" data-id=\"5724c49\" data-element_type=\"container\">\n\t\t\t\t<div class=\"elementor-element elementor-element-96999f4 elementor-widget elementor-widget-heading\" data-id=\"96999f4\" data-element_type=\"widget\" data-widget_type=\"heading.default\">\n\t\t\t\t<div class=\"elementor-widget-container\">\n\t\t\t\t\t<h2 class=\"elementor-heading-title elementor-size-default\">\u00dadr\u017eba a zachov\u00e1n\u00ed m\u00edsta<\/h2>\t\t\t\t<\/div>\n\t\t\t\t<\/div>\n\t\t\t\t<div class=\"elementor-element elementor-element-4e91ff1 elementor-widget elementor-widget-text-editor\" data-id=\"4e91ff1\" data-element_type=\"widget\" data-widget_type=\"text-editor.default\">\n\t\t\t\t<div class=\"elementor-widget-container\">\n\t\t\t\t\t\t\t\t\t<p>O technickou \u00fadr\u017ebu are\u00e1lu se velmi zodpov\u011bdn\u011b star\u00e1 <strong>samostatn\u00e1 pracovn\u00ed skupina<\/strong>. S pot\u0159ebn\u00fdmi pracemi pom\u00e1h\u00e1 v pr\u016fb\u011bhu roku cel\u00fd klub. D\u00edky ne\u00fanavn\u00e9mu \u00fasil\u00ed odpov\u011bdn\u00fdch osob se da\u0159\u00ed udr\u017eovat \u00farove\u0148 na\u0161eho domova na vysok\u00e9 \u00farovni. Proto si ho p\u0159\u00e1tel\u00e9 i ciz\u00ed lid\u00e9 (kte\u0159\u00ed se pozd\u011bji stanou p\u0159\u00e1teli) r\u00e1di pronaj\u00edmaj\u00ed. Pro v\u00edce informac\u00ed se obra\u0165te na sdru\u017een\u00ed.    <\/p>\n\t\t\t\t\t\t\t\t<\/div>\n\t\t\t\t<\/div>\n\t\t\t\t<\/div>\n\t\t<div class=\"elementor-element elementor-element-7e28768 e-con-full e-flex e-con e-child\" data-id=\"7e28768\" data-element_type=\"container\">\n\t\t\t\t<div class=\"elementor-element elementor-element-25f974e elementor-widget-mobile__width-inherit elementor-widget elementor-widget-image\" data-id=\"25f974e\" data-element_type=\"widget\" data-widget_type=\"image.default\">\n\t\t\t\t<div class=\"elementor-widget-container\">\n\t\t\t\t\t\t\t\t\t\t\t\t\t\t\t<img decoding=\"async\" width=\"1980\" height=\"1474\" src=\"https:\/\/gebirgsverein1880ev.de\/wp-content\/uploads\/foto-gruenschnitt-jonsdorfer-gebirgsverein-vereinsdomizil.jpg\" class=\"attachment-full size-full wp-image-4946\" alt=\"\" srcset=\"https:\/\/gebirgsverein1880ev.de\/wp-content\/uploads\/foto-gruenschnitt-jonsdorfer-gebirgsverein-vereinsdomizil.jpg 1980w, https:\/\/gebirgsverein1880ev.de\/wp-content\/uploads\/foto-gruenschnitt-jonsdorfer-gebirgsverein-vereinsdomizil-300x223.jpg 300w, https:\/\/gebirgsverein1880ev.de\/wp-content\/uploads\/foto-gruenschnitt-jonsdorfer-gebirgsverein-vereinsdomizil-1024x762.jpg 1024w, https:\/\/gebirgsverein1880ev.de\/wp-content\/uploads\/foto-gruenschnitt-jonsdorfer-gebirgsverein-vereinsdomizil-768x572.jpg 768w, https:\/\/gebirgsverein1880ev.de\/wp-content\/uploads\/foto-gruenschnitt-jonsdorfer-gebirgsverein-vereinsdomizil-1536x1143.jpg 1536w\" sizes=\"(max-width: 1980px) 100vw, 1980px\" \/>\t\t\t\t\t\t\t\t\t\t\t\t\t\t\t<\/div>\n\t\t\t\t<\/div>\n\t\t\t\t<\/div>\n\t\t\t\t\t<\/div>\n\t\t\t\t<\/div>\n\t\t<div class=\"elementor-element elementor-element-75db296 e-flex e-con-boxed e-con e-parent\" data-id=\"75db296\" data-element_type=\"container\" data-settings=\"{&quot;background_background&quot;:&quot;classic&quot;}\">\n\t\t\t\t\t<div class=\"e-con-inner\">\n\t\t<div class=\"elementor-element elementor-element-4a814a3 e-con-full e-flex e-con e-child\" data-id=\"4a814a3\" data-element_type=\"container\">\n\t\t\t\t<div class=\"elementor-element elementor-element-7f84efc elementor-widget-mobile__width-inherit elementor-widget elementor-widget-image\" data-id=\"7f84efc\" data-element_type=\"widget\" data-widget_type=\"image.default\">\n\t\t\t\t<div class=\"elementor-widget-container\">\n\t\t\t\t\t\t\t\t\t\t\t\t\t\t\t<img decoding=\"async\" width=\"979\" height=\"864\" src=\"https:\/\/gebirgsverein1880ev.de\/wp-content\/uploads\/josndorfer-gebirgsverein-vereinsdomizil-pflege-aussenanlagen.jpg\" class=\"attachment-full size-full wp-image-4940\" alt=\"\" srcset=\"https:\/\/gebirgsverein1880ev.de\/wp-content\/uploads\/josndorfer-gebirgsverein-vereinsdomizil-pflege-aussenanlagen.jpg 979w, https:\/\/gebirgsverein1880ev.de\/wp-content\/uploads\/josndorfer-gebirgsverein-vereinsdomizil-pflege-aussenanlagen-300x265.jpg 300w, https:\/\/gebirgsverein1880ev.de\/wp-content\/uploads\/josndorfer-gebirgsverein-vereinsdomizil-pflege-aussenanlagen-768x678.jpg 768w\" sizes=\"(max-width: 979px) 100vw, 979px\" \/>\t\t\t\t\t\t\t\t\t\t\t\t\t\t\t<\/div>\n\t\t\t\t<\/div>\n\t\t\t\t<\/div>\n\t\t<div class=\"elementor-element elementor-element-3a419f1 e-con-full e-flex e-con e-child\" data-id=\"3a419f1\" data-element_type=\"container\">\n\t\t\t\t<div class=\"elementor-element elementor-element-d1bf122 elementor-widget elementor-widget-heading\" data-id=\"d1bf122\" data-element_type=\"widget\" data-widget_type=\"heading.default\">\n\t\t\t\t<div class=\"elementor-widget-container\">\n\t\t\t\t\t<h2 class=\"elementor-heading-title elementor-size-default\">Unik\u00e1tn\u00ed sk\u00e1ly v \u017ditavsk\u00fdch hor\u00e1ch<\/h2>\t\t\t\t<\/div>\n\t\t\t\t<\/div>\n\t\t\t\t<div class=\"elementor-element elementor-element-3a7f85a elementor-widget elementor-widget-text-editor\" data-id=\"3a7f85a\" data-element_type=\"widget\" data-widget_type=\"text-editor.default\">\n\t\t\t\t<div class=\"elementor-widget-container\">\n\t\t\t\t\t\t\t\t\t<p>Mezi zvl\u00e1\u0161tnosti, kter\u00e9 m\u016f\u017ee\u0161, mil\u00fd \u010dten\u00e1\u0159i, v are\u00e1lu s\u00eddla klubu naj\u00edt, pat\u0159\u00ed skaln\u00ed st\u011bna, kter\u00e1 je pravd\u011bpodobn\u011b v Horn\u00ed Lu\u017eici jedine\u010dn\u00e1, ohni\u0161t\u011b a ob\u0159\u00ed balvan.<\/p>\n\t\t\t\t\t\t\t\t<\/div>\n\t\t\t\t<\/div>\n\t\t\t\t<div class=\"elementor-element elementor-element-1a6a631 elementor-widget elementor-widget-text-editor\" data-id=\"1a6a631\" data-element_type=\"widget\" data-widget_type=\"text-editor.default\">\n\t\t\t\t<div class=\"elementor-widget-container\">\n\t\t\t\t\t\t\t\t\t<p><strong>V\u00fdstavn\u00ed skaln\u00ed st\u011bna<\/strong> se sna\u017e\u00ed p\u0159edstavit horniny \u017ditavsk\u00fdch hor a jejich okol\u00ed. P\u0159i jej\u00ed tvorb\u011b jsme se omezili na to nejnutn\u011bj\u0161\u00ed. Na panely byly p\u0159ipevn\u011bny a vystaveny pouze \u010derstv\u00e9, nezv\u011btral\u00e9 kusy hornin. Jedn\u00e1 se jak o hlubinn\u00e9 horniny, tak o horniny v\u00fdlevn\u00e9 a sediment\u00e1rn\u00ed.   <\/p>\n\t\t\t\t\t\t\t\t<\/div>\n\t\t\t\t<\/div>\n\t\t\t\t<div class=\"elementor-element elementor-element-080d2f0 elementor-widget elementor-widget-text-editor\" data-id=\"080d2f0\" data-element_type=\"widget\" data-widget_type=\"text-editor.default\">\n\t\t\t\t<div class=\"elementor-widget-container\">\n\t\t\t\t\t\t\t\t\t<p>Jedn\u00e1 se o velk\u00fd k\u00e1men <strong>,<\/strong> kter\u00fd byl nalezen p\u0159i v\u00fdkopov\u00fdch prac\u00edch na nov\u00e9m plynovodu v Jonsdorfu a kter\u00fd pracovn\u00edci spole\u010dnosti Enso laskav\u011b p\u0159ivezli do prostor sdru\u017een\u00ed.<br \/>V\u017edy\u0165 v\u00e1\u017e\u00ed asi 3 tuny! V Horn\u00ed Lu\u017eici, nap\u0159\u00edklad v Olbersdorfu severn\u011b od Jonsdorfu, se a\u017e do konce 80. let minul\u00e9ho stolet\u00ed t\u011b\u017eilo hn\u011bd\u00e9 uhl\u00ed pro v\u00fdrobu energie. N\u00e1kladn\u00ed auto je dokladem t\u00e9to d\u016fln\u00ed \u010dinnosti.  <\/p>\n\t\t\t\t\t\t\t\t<\/div>\n\t\t\t\t<\/div>\n\t\t\t\t<\/div>\n\t\t\t\t\t<\/div>\n\t\t\t\t<\/div>\n\t\t\t\t<\/div>\n\t\t","protected":false},"excerpt":{"rendered":"<p>S\u00eddlo klubu O klubovn\u011b V b\u0159eznu 2001 se sdru\u017een\u00ed poda\u0159ilo od obce pronajmout pozemek v centru Jonsdorfu. Na tomto m\u00edst\u011b se nach\u00e1z\u00ed klubovna a ve\u0159ejn\u00e1 hv\u011bzd\u00e1rna. \u010clenov\u00e9 sdru\u017een\u00ed tuto budovu s l\u00e1skou zrekonstruovali a od t\u00e9 doby ji vyu\u017e\u00edvaj\u00ed. Klubovna s dob\u0159e vybavenou kuchyn\u00ed, spole\u010denskou m\u00edstnost\u00ed a soci\u00e1ln\u00edm za\u0159\u00edzen\u00edm je k dispozici pro klubov\u00e9 ve\u010d\u00edrky, [&hellip;]<\/p>\n","protected":false},"author":1,"featured_media":0,"parent":0,"menu_order":0,"comment_status":"closed","ping_status":"closed","template":"","meta":{"site-sidebar-layout":"no-sidebar","site-content-layout":"page-builder","ast-site-content-layout":"full-width-container","site-content-style":"unboxed","site-sidebar-style":"unboxed","ast-global-header-display":"","ast-banner-title-visibility":"","ast-main-header-display":"","ast-hfb-above-header-display":"","ast-hfb-below-header-display":"","ast-hfb-mobile-header-display":"","site-post-title":"disabled","ast-breadcrumbs-content":"","ast-featured-img":"disabled","footer-sml-layout":"","theme-transparent-header-meta":"enabled","adv-header-id-meta":"","stick-header-meta":"","header-above-stick-meta":"","header-main-stick-meta":"","header-below-stick-meta":"","astra-migrate-meta-layouts":"default","ast-page-background-enabled":"default","ast-page-background-meta":{"desktop":{"background-color":"var(--ast-global-color-4)","background-image":"","background-repeat":"repeat","background-position":"center center","background-size":"auto","background-attachment":"scroll","background-type":"","background-media":"","overlay-type":"","overlay-color":"","overlay-opacity":"","overlay-gradient":""},"tablet":{"background-color":"","background-image":"","background-repeat":"repeat","background-position":"center center","background-size":"auto","background-attachment":"scroll","background-type":"","background-media":"","overlay-type":"","overlay-color":"","overlay-opacity":"","overlay-gradient":""},"mobile":{"background-color":"","background-image":"","background-repeat":"repeat","background-position":"center center","background-size":"auto","background-attachment":"scroll","background-type":"","background-media":"","overlay-type":"","overlay-color":"","overlay-opacity":"","overlay-gradient":""}},"ast-content-background-meta":{"desktop":{"background-color":"var(--ast-global-color-5)","background-image":"","background-repeat":"repeat","background-position":"center center","background-size":"auto","background-attachment":"scroll","background-type":"","background-media":"","overlay-type":"","overlay-color":"","overlay-opacity":"","overlay-gradient":""},"tablet":{"background-color":"var(--ast-global-color-5)","background-image":"","background-repeat":"repeat","background-position":"center center","background-size":"auto","background-attachment":"scroll","background-type":"","background-media":"","overlay-type":"","overlay-color":"","overlay-opacity":"","overlay-gradient":""},"mobile":{"background-color":"var(--ast-global-color-5)","background-image":"","background-repeat":"repeat","background-position":"center center","background-size":"auto","background-attachment":"scroll","background-type":"","background-media":"","overlay-type":"","overlay-color":"","overlay-opacity":"","overlay-gradient":""}},"footnotes":""},"class_list":["post-5066","page","type-page","status-publish","hentry"],"yoast_head":"<!-- This site is optimized with the Yoast SEO plugin v24.5 - https:\/\/yoast.com\/wordpress\/plugins\/seo\/ -->\n<title>S\u00eddlo klubu | Jonsdorfer Gebirgsverein 1880 e.V.<\/title>\n<meta name=\"description\" content=\"V\u00edtejte - Jonsdorfer Gebirgsverein 1880 e.V. \u2713S\u00eddlo spolku \u2713Dal\u0161\u00ed informace o \u00fadr\u017eb\u011b ter\u00e9nu a aktivit\u00e1ch\" \/>\n<meta name=\"robots\" content=\"index, follow, max-snippet:-1, max-image-preview:large, max-video-preview:-1\" \/>\n<link rel=\"canonical\" href=\"https:\/\/gebirgsverein1880ev.de\/cs\/sidlo-klubu\/\" \/>\n<meta property=\"og:locale\" content=\"cs_CZ\" \/>\n<meta property=\"og:type\" content=\"article\" \/>\n<meta property=\"og:title\" content=\"S\u00eddlo klubu | Jonsdorfer Gebirgsverein 1880 e.V.\" \/>\n<meta property=\"og:description\" content=\"V\u00edtejte - Jonsdorfer Gebirgsverein 1880 e.V. \u2713S\u00eddlo spolku \u2713Dal\u0161\u00ed informace o \u00fadr\u017eb\u011b ter\u00e9nu a aktivit\u00e1ch\" \/>\n<meta property=\"og:url\" content=\"https:\/\/gebirgsverein1880ev.de\/cs\/sidlo-klubu\/\" \/>\n<meta property=\"og:site_name\" content=\"Jonsdorfer Gebirgsverein 1880 e.V.\" \/>\n<meta property=\"article:publisher\" content=\"https:\/\/www.facebook.com\/muehlsteinbrecher\/\" \/>\n<meta property=\"article:modified_time\" content=\"2025-02-04T21:48:21+00:00\" \/>\n<meta property=\"og:image\" content=\"https:\/\/gebirgsverein1880ev.de\/wp-content\/uploads\/vereinsdomizil-jonsdorfer-gebirgsverein-e-v-scaled.jpg\" \/>\n\t<meta property=\"og:image:width\" content=\"2560\" \/>\n\t<meta property=\"og:image:height\" content=\"1455\" \/>\n\t<meta property=\"og:image:type\" content=\"image\/jpeg\" \/>\n<meta name=\"twitter:card\" content=\"summary_large_image\" \/>\n<meta name=\"twitter:label1\" content=\"Odhadovan\u00e1 doba \u010dten\u00ed\" \/>\n\t<meta name=\"twitter:data1\" content=\"2 minuty\" \/>\n<script type=\"application\/ld+json\" class=\"yoast-schema-graph\">{\"@context\":\"https:\/\/schema.org\",\"@graph\":[{\"@type\":\"WebPage\",\"@id\":\"https:\/\/gebirgsverein1880ev.de\/cs\/sidlo-klubu\/\",\"url\":\"https:\/\/gebirgsverein1880ev.de\/cs\/sidlo-klubu\/\",\"name\":\"S\u00eddlo klubu | Jonsdorfer Gebirgsverein 1880 e.V.\",\"isPartOf\":{\"@id\":\"https:\/\/gebirgsverein1880ev.de\/cs\/#website\"},\"primaryImageOfPage\":{\"@id\":\"https:\/\/gebirgsverein1880ev.de\/cs\/sidlo-klubu\/#primaryimage\"},\"image\":{\"@id\":\"https:\/\/gebirgsverein1880ev.de\/cs\/sidlo-klubu\/#primaryimage\"},\"thumbnailUrl\":\"https:\/\/gebirgsverein1880ev.de\/wp-content\/uploads\/vereinsdomizil-jonsdorfer-gebirgsverein-e-v-1024x582.jpg\",\"datePublished\":\"2025-01-23T09:54:50+00:00\",\"dateModified\":\"2025-02-04T21:48:21+00:00\",\"description\":\"V\u00edtejte - Jonsdorfer Gebirgsverein 1880 e.V. \u2713S\u00eddlo spolku \u2713Dal\u0161\u00ed informace o \u00fadr\u017eb\u011b ter\u00e9nu a aktivit\u00e1ch\",\"breadcrumb\":{\"@id\":\"https:\/\/gebirgsverein1880ev.de\/cs\/sidlo-klubu\/#breadcrumb\"},\"inLanguage\":\"cs\",\"potentialAction\":[{\"@type\":\"ReadAction\",\"target\":[\"https:\/\/gebirgsverein1880ev.de\/cs\/sidlo-klubu\/\"]}]},{\"@type\":\"ImageObject\",\"inLanguage\":\"cs\",\"@id\":\"https:\/\/gebirgsverein1880ev.de\/cs\/sidlo-klubu\/#primaryimage\",\"url\":\"https:\/\/gebirgsverein1880ev.de\/wp-content\/uploads\/vereinsdomizil-jonsdorfer-gebirgsverein-e-v-1024x582.jpg\",\"contentUrl\":\"https:\/\/gebirgsverein1880ev.de\/wp-content\/uploads\/vereinsdomizil-jonsdorfer-gebirgsverein-e-v-1024x582.jpg\"},{\"@type\":\"BreadcrumbList\",\"@id\":\"https:\/\/gebirgsverein1880ev.de\/cs\/sidlo-klubu\/#breadcrumb\",\"itemListElement\":[{\"@type\":\"ListItem\",\"position\":1,\"name\":\"Startseite\",\"item\":\"https:\/\/gebirgsverein1880ev.de\/cs\/\"},{\"@type\":\"ListItem\",\"position\":2,\"name\":\"S\u00eddlo klubu\"}]},{\"@type\":\"WebSite\",\"@id\":\"https:\/\/gebirgsverein1880ev.de\/cs\/#website\",\"url\":\"https:\/\/gebirgsverein1880ev.de\/cs\/\",\"name\":\"Jonsdorfer Gebirgsverein 1880 e.V.\",\"description\":\"\",\"publisher\":{\"@id\":\"https:\/\/gebirgsverein1880ev.de\/cs\/#organization\"},\"potentialAction\":[{\"@type\":\"SearchAction\",\"target\":{\"@type\":\"EntryPoint\",\"urlTemplate\":\"https:\/\/gebirgsverein1880ev.de\/cs\/?s={search_term_string}\"},\"query-input\":{\"@type\":\"PropertyValueSpecification\",\"valueRequired\":true,\"valueName\":\"search_term_string\"}}],\"inLanguage\":\"cs\"},{\"@type\":\"Organization\",\"@id\":\"https:\/\/gebirgsverein1880ev.de\/cs\/#organization\",\"name\":\"Jonsdorfer Gebirgsverein 1880 e.V.\",\"url\":\"https:\/\/gebirgsverein1880ev.de\/cs\/\",\"logo\":{\"@type\":\"ImageObject\",\"inLanguage\":\"cs\",\"@id\":\"https:\/\/gebirgsverein1880ev.de\/cs\/#\/schema\/logo\/image\/\",\"url\":\"https:\/\/gebirgsverein1880ev.de\/wp-content\/uploads\/logo_gebirgsverein.png\",\"contentUrl\":\"https:\/\/gebirgsverein1880ev.de\/wp-content\/uploads\/logo_gebirgsverein.png\",\"width\":283,\"height\":184,\"caption\":\"Jonsdorfer Gebirgsverein 1880 e.V.\"},\"image\":{\"@id\":\"https:\/\/gebirgsverein1880ev.de\/cs\/#\/schema\/logo\/image\/\"},\"sameAs\":[\"https:\/\/www.facebook.com\/muehlsteinbrecher\/\"]}]}<\/script>\n<!-- \/ Yoast SEO plugin. -->","yoast_head_json":{"title":"S\u00eddlo klubu | Jonsdorfer Gebirgsverein 1880 e.V.","description":"V\u00edtejte - Jonsdorfer Gebirgsverein 1880 e.V. \u2713S\u00eddlo spolku \u2713Dal\u0161\u00ed informace o \u00fadr\u017eb\u011b ter\u00e9nu a aktivit\u00e1ch","robots":{"index":"index","follow":"follow","max-snippet":"max-snippet:-1","max-image-preview":"max-image-preview:large","max-video-preview":"max-video-preview:-1"},"canonical":"https:\/\/gebirgsverein1880ev.de\/cs\/sidlo-klubu\/","og_locale":"cs_CZ","og_type":"article","og_title":"S\u00eddlo klubu | Jonsdorfer Gebirgsverein 1880 e.V.","og_description":"V\u00edtejte - Jonsdorfer Gebirgsverein 1880 e.V. \u2713S\u00eddlo spolku \u2713Dal\u0161\u00ed informace o \u00fadr\u017eb\u011b ter\u00e9nu a aktivit\u00e1ch","og_url":"https:\/\/gebirgsverein1880ev.de\/cs\/sidlo-klubu\/","og_site_name":"Jonsdorfer Gebirgsverein 1880 e.V.","article_publisher":"https:\/\/www.facebook.com\/muehlsteinbrecher\/","article_modified_time":"2025-02-04T21:48:21+00:00","og_image":[{"width":2560,"height":1455,"url":"https:\/\/gebirgsverein1880ev.de\/wp-content\/uploads\/vereinsdomizil-jonsdorfer-gebirgsverein-e-v-scaled.jpg","type":"image\/jpeg"}],"twitter_card":"summary_large_image","twitter_misc":{"Odhadovan\u00e1 doba \u010dten\u00ed":"2 minuty"},"schema":{"@context":"https:\/\/schema.org","@graph":[{"@type":"WebPage","@id":"https:\/\/gebirgsverein1880ev.de\/cs\/sidlo-klubu\/","url":"https:\/\/gebirgsverein1880ev.de\/cs\/sidlo-klubu\/","name":"S\u00eddlo klubu | Jonsdorfer Gebirgsverein 1880 e.V.","isPartOf":{"@id":"https:\/\/gebirgsverein1880ev.de\/cs\/#website"},"primaryImageOfPage":{"@id":"https:\/\/gebirgsverein1880ev.de\/cs\/sidlo-klubu\/#primaryimage"},"image":{"@id":"https:\/\/gebirgsverein1880ev.de\/cs\/sidlo-klubu\/#primaryimage"},"thumbnailUrl":"https:\/\/gebirgsverein1880ev.de\/wp-content\/uploads\/vereinsdomizil-jonsdorfer-gebirgsverein-e-v-1024x582.jpg","datePublished":"2025-01-23T09:54:50+00:00","dateModified":"2025-02-04T21:48:21+00:00","description":"V\u00edtejte - Jonsdorfer Gebirgsverein 1880 e.V. \u2713S\u00eddlo spolku \u2713Dal\u0161\u00ed informace o \u00fadr\u017eb\u011b ter\u00e9nu a aktivit\u00e1ch","breadcrumb":{"@id":"https:\/\/gebirgsverein1880ev.de\/cs\/sidlo-klubu\/#breadcrumb"},"inLanguage":"cs","potentialAction":[{"@type":"ReadAction","target":["https:\/\/gebirgsverein1880ev.de\/cs\/sidlo-klubu\/"]}]},{"@type":"ImageObject","inLanguage":"cs","@id":"https:\/\/gebirgsverein1880ev.de\/cs\/sidlo-klubu\/#primaryimage","url":"https:\/\/gebirgsverein1880ev.de\/wp-content\/uploads\/vereinsdomizil-jonsdorfer-gebirgsverein-e-v-1024x582.jpg","contentUrl":"https:\/\/gebirgsverein1880ev.de\/wp-content\/uploads\/vereinsdomizil-jonsdorfer-gebirgsverein-e-v-1024x582.jpg"},{"@type":"BreadcrumbList","@id":"https:\/\/gebirgsverein1880ev.de\/cs\/sidlo-klubu\/#breadcrumb","itemListElement":[{"@type":"ListItem","position":1,"name":"Startseite","item":"https:\/\/gebirgsverein1880ev.de\/cs\/"},{"@type":"ListItem","position":2,"name":"S\u00eddlo klubu"}]},{"@type":"WebSite","@id":"https:\/\/gebirgsverein1880ev.de\/cs\/#website","url":"https:\/\/gebirgsverein1880ev.de\/cs\/","name":"Jonsdorfer Gebirgsverein 1880 e.V.","description":"","publisher":{"@id":"https:\/\/gebirgsverein1880ev.de\/cs\/#organization"},"potentialAction":[{"@type":"SearchAction","target":{"@type":"EntryPoint","urlTemplate":"https:\/\/gebirgsverein1880ev.de\/cs\/?s={search_term_string}"},"query-input":{"@type":"PropertyValueSpecification","valueRequired":true,"valueName":"search_term_string"}}],"inLanguage":"cs"},{"@type":"Organization","@id":"https:\/\/gebirgsverein1880ev.de\/cs\/#organization","name":"Jonsdorfer Gebirgsverein 1880 e.V.","url":"https:\/\/gebirgsverein1880ev.de\/cs\/","logo":{"@type":"ImageObject","inLanguage":"cs","@id":"https:\/\/gebirgsverein1880ev.de\/cs\/#\/schema\/logo\/image\/","url":"https:\/\/gebirgsverein1880ev.de\/wp-content\/uploads\/logo_gebirgsverein.png","contentUrl":"https:\/\/gebirgsverein1880ev.de\/wp-content\/uploads\/logo_gebirgsverein.png","width":283,"height":184,"caption":"Jonsdorfer Gebirgsverein 1880 e.V."},"image":{"@id":"https:\/\/gebirgsverein1880ev.de\/cs\/#\/schema\/logo\/image\/"},"sameAs":["https:\/\/www.facebook.com\/muehlsteinbrecher\/"]}]}},"_links":{"self":[{"href":"https:\/\/gebirgsverein1880ev.de\/cs\/wp-json\/wp\/v2\/pages\/5066","targetHints":{"allow":["GET"]}}],"collection":[{"href":"https:\/\/gebirgsverein1880ev.de\/cs\/wp-json\/wp\/v2\/pages"}],"about":[{"href":"https:\/\/gebirgsverein1880ev.de\/cs\/wp-json\/wp\/v2\/types\/page"}],"author":[{"embeddable":true,"href":"https:\/\/gebirgsverein1880ev.de\/cs\/wp-json\/wp\/v2\/users\/1"}],"replies":[{"embeddable":true,"href":"https:\/\/gebirgsverein1880ev.de\/cs\/wp-json\/wp\/v2\/comments?post=5066"}],"version-history":[{"count":3,"href":"https:\/\/gebirgsverein1880ev.de\/cs\/wp-json\/wp\/v2\/pages\/5066\/revisions"}],"predecessor-version":[{"id":5297,"href":"https:\/\/gebirgsverein1880ev.de\/cs\/wp-json\/wp\/v2\/pages\/5066\/revisions\/5297"}],"wp:attachment":[{"href":"https:\/\/gebirgsverein1880ev.de\/cs\/wp-json\/wp\/v2\/media?parent=5066"}],"curies":[{"name":"wp","href":"https:\/\/api.w.org\/{rel}","templated":true}]}}