{"id":5064,"date":"2025-01-23T10:40:46","date_gmt":"2025-01-23T09:40:46","guid":{"rendered":"https:\/\/gebirgsverein1880ev.de\/nase-sdruzeni\/"},"modified":"2025-02-04T22:46:02","modified_gmt":"2025-02-04T21:46:02","slug":"nase-sdruzeni","status":"publish","type":"page","link":"https:\/\/gebirgsverein1880ev.de\/cs\/nase-sdruzeni\/","title":{"rendered":"Na\u0161e sdru\u017een\u00ed"},"content":{"rendered":"\t\t<div data-elementor-type=\"wp-page\" data-elementor-id=\"5064\" class=\"elementor elementor-5064 elementor-4421\">\n\t\t\t\t<div class=\"elementor-element elementor-element-65ea780 e-flex e-con-boxed e-con e-parent\" data-id=\"65ea780\" data-element_type=\"container\" data-settings=\"{&quot;background_background&quot;:&quot;classic&quot;}\">\n\t\t\t\t\t<div class=\"e-con-inner\">\n\t\t\t\t<div class=\"elementor-element elementor-element-677d3e1 elementor-widget elementor-widget-heading\" data-id=\"677d3e1\" data-element_type=\"widget\" data-widget_type=\"heading.default\">\n\t\t\t\t<div class=\"elementor-widget-container\">\n\t\t\t\t\t<h1 class=\"elementor-heading-title elementor-size-default\">Na\u0161e sdru\u017een\u00ed<\/h1>\t\t\t\t<\/div>\n\t\t\t\t<\/div>\n\t\t\t\t\t<\/div>\n\t\t\t\t<\/div>\n\t\t<div class=\"elementor-element elementor-element-bce4519 e-flex e-con-boxed e-con e-parent\" data-id=\"bce4519\" data-element_type=\"container\" data-settings=\"{&quot;background_background&quot;:&quot;classic&quot;}\">\n\t\t\t\t\t<div class=\"e-con-inner\">\n\t\t<div class=\"elementor-element elementor-element-c99db6b e-con-full e-flex e-con e-child\" data-id=\"c99db6b\" data-element_type=\"container\">\n\t\t\t\t<div class=\"elementor-element elementor-element-bebc299 elementor-widget-mobile__width-inherit elementor-widget elementor-widget-image\" data-id=\"bebc299\" data-element_type=\"widget\" data-widget_type=\"image.default\">\n\t\t\t\t<div class=\"elementor-widget-container\">\n\t\t\t\t\t\t\t\t\t\t\t\t\t\t\t<img fetchpriority=\"high\" decoding=\"async\" width=\"1532\" height=\"2048\" src=\"https:\/\/gebirgsverein1880ev.de\/wp-content\/uploads\/jonsdorfer-gebirgsverein-tradition-musik.jpg\" class=\"attachment-full size-full wp-image-4916\" alt=\"\" srcset=\"https:\/\/gebirgsverein1880ev.de\/wp-content\/uploads\/jonsdorfer-gebirgsverein-tradition-musik.jpg 1532w, https:\/\/gebirgsverein1880ev.de\/wp-content\/uploads\/jonsdorfer-gebirgsverein-tradition-musik-224x300.jpg 224w, https:\/\/gebirgsverein1880ev.de\/wp-content\/uploads\/jonsdorfer-gebirgsverein-tradition-musik-766x1024.jpg 766w, https:\/\/gebirgsverein1880ev.de\/wp-content\/uploads\/jonsdorfer-gebirgsverein-tradition-musik-768x1027.jpg 768w, https:\/\/gebirgsverein1880ev.de\/wp-content\/uploads\/jonsdorfer-gebirgsverein-tradition-musik-1149x1536.jpg 1149w\" sizes=\"(max-width: 1532px) 100vw, 1532px\" \/>\t\t\t\t\t\t\t\t\t\t\t\t\t\t\t<\/div>\n\t\t\t\t<\/div>\n\t\t\t\t<\/div>\n\t\t<div class=\"elementor-element elementor-element-be28ad9 e-con-full e-flex e-con e-child\" data-id=\"be28ad9\" data-element_type=\"container\">\n\t\t\t\t<div class=\"elementor-element elementor-element-2d2077d elementor-widget elementor-widget-heading\" data-id=\"2d2077d\" data-element_type=\"widget\" data-widget_type=\"heading.default\">\n\t\t\t\t<div class=\"elementor-widget-container\">\n\t\t\t\t\t<h2 class=\"elementor-heading-title elementor-size-default\">Historie klubu<\/h2>\t\t\t\t<\/div>\n\t\t\t\t<\/div>\n\t\t\t\t<div class=\"elementor-element elementor-element-bdc375d elementor-widget elementor-widget-text-editor\" data-id=\"bdc375d\" data-element_type=\"widget\" data-widget_type=\"text-editor.default\">\n\t\t\t\t<div class=\"elementor-widget-container\">\n\t\t\t\t\t\t\t\t\t<p>Dne 30. b\u0159ezna 2001 byl obnoven <strong>Jonsdorfer Gebirgsverein 1880 e. V.<\/strong> v tradici star\u00e9ho horsk\u00e9ho spolku.<\/p>\n\t\t\t\t\t\t\t\t<\/div>\n\t\t\t\t<\/div>\n\t\t\t\t<div class=\"elementor-element elementor-element-2f829ad elementor-widget elementor-widget-text-editor\" data-id=\"2f829ad\" data-element_type=\"widget\" data-widget_type=\"text-editor.default\">\n\t\t\t\t<div class=\"elementor-widget-container\">\n\t\t\t\t\t\t\t\t\t<p>Sdru\u017een\u00ed se c\u00edt\u00ed b\u00fdt spojeno s b\u00fdval\u00fdm horsk\u00fdm klubem a pova\u017euje se za jeho n\u00e1stupce. Od sv\u00e9ho zalo\u017een\u00ed spolek nep\u0159etr\u017eit\u011b usiluje o zachov\u00e1n\u00ed v\u00fdstavn\u00edho dolu &#8222;Schwarzes Loch&#8220;, kov\u00e1rny Steenbruchschmiede, hv\u011bzd\u00e1rny a klubovny. To vy\u017eadovalo nespo\u010det hodin dobrovoln\u00e9 pr\u00e1ce. Sdru\u017een\u00ed se tak\u00e9 c\u00edt\u00ed odpov\u011bdn\u00e9 za \u00fadr\u017ebu a bezpe\u010dnost turistick\u00fdch stezek.   <\/p>\n\t\t\t\t\t\t\t\t<\/div>\n\t\t\t\t<\/div>\n\t\t\t\t<\/div>\n\t\t\t\t\t<\/div>\n\t\t\t\t<\/div>\n\t\t<div class=\"elementor-element elementor-element-75ac858 e-flex e-con-boxed e-con e-parent\" data-id=\"75ac858\" data-element_type=\"container\" data-settings=\"{&quot;background_background&quot;:&quot;classic&quot;}\">\n\t\t\t\t\t<div class=\"e-con-inner\">\n\t\t\t\t<div class=\"elementor-element elementor-element-08d1584 elementor-view-default elementor-widget elementor-widget-icon\" data-id=\"08d1584\" data-element_type=\"widget\" data-widget_type=\"icon.default\">\n\t\t\t\t<div class=\"elementor-widget-container\">\n\t\t\t\t\t\t\t<div class=\"elementor-icon-wrapper\">\n\t\t\t<div class=\"elementor-icon\">\n\t\t\t<svg aria-hidden=\"true\" class=\"e-font-icon-svg e-fas-quote-right\" viewBox=\"0 0 512 512\" xmlns=\"http:\/\/www.w3.org\/2000\/svg\"><path d=\"M464 32H336c-26.5 0-48 21.5-48 48v128c0 26.5 21.5 48 48 48h80v64c0 35.3-28.7 64-64 64h-8c-13.3 0-24 10.7-24 24v48c0 13.3 10.7 24 24 24h8c88.4 0 160-71.6 160-160V80c0-26.5-21.5-48-48-48zm-288 0H48C21.5 32 0 53.5 0 80v128c0 26.5 21.5 48 48 48h80v64c0 35.3-28.7 64-64 64h-8c-13.3 0-24 10.7-24 24v48c0 13.3 10.7 24 24 24h8c88.4 0 160-71.6 160-160V80c0-26.5-21.5-48-48-48z\"><\/path><\/svg>\t\t\t<\/div>\n\t\t<\/div>\n\t\t\t\t\t\t<\/div>\n\t\t\t\t<\/div>\n\t\t\t\t<div class=\"elementor-element elementor-element-adac524 elementor-widget elementor-widget-heading\" data-id=\"adac524\" data-element_type=\"widget\" data-widget_type=\"heading.default\">\n\t\t\t\t<div class=\"elementor-widget-container\">\n\t\t\t\t\t<h2 class=\"elementor-heading-title elementor-size-default\">Zam\u011b\u0159uje se na \u00fadr\u017ebu v\u00fdstavn\u00edho dolu \"Schwarzes Loch\" s p\u0159ilehlou lomovou kov\u00e1rnou a na provoz \"Jonsdorfsk\u00e9 hv\u011bzd\u00e1rny\". Nab\u00edz\u00edme tak\u00e9 p\u011b\u0161\u00ed t\u00fary s pr\u016fvodcem po jonsdorfsk\u00fdch ml\u00fdnsk\u00fdch kamenech s n\u00e1v\u0161t\u011bvou v\u00fdstavn\u00edho dolu, kov\u00e1rny Steenbruch, nau\u010dn\u00e9 stezky a jonsdorfsk\u00e9ho skaln\u00edho m\u011bsta. <\/h2>\t\t\t\t<\/div>\n\t\t\t\t<\/div>\n\t\t\t\t<div class=\"elementor-element elementor-element-2b3f74d elementor-widget elementor-widget-image\" data-id=\"2b3f74d\" data-element_type=\"widget\" data-widget_type=\"image.default\">\n\t\t\t\t<div class=\"elementor-widget-container\">\n\t\t\t\t\t\t\t\t\t\t\t\t\t\t\t<img decoding=\"async\" width=\"1024\" height=\"576\" src=\"https:\/\/gebirgsverein1880ev.de\/wp-content\/uploads\/steinbruch-schmiede-kulturdenkmal-jonsdorf-1024x576.png\" class=\"attachment-large size-large wp-image-4919\" alt=\"\" srcset=\"https:\/\/gebirgsverein1880ev.de\/wp-content\/uploads\/steinbruch-schmiede-kulturdenkmal-jonsdorf-1024x576.png 1024w, https:\/\/gebirgsverein1880ev.de\/wp-content\/uploads\/steinbruch-schmiede-kulturdenkmal-jonsdorf-300x169.png 300w, https:\/\/gebirgsverein1880ev.de\/wp-content\/uploads\/steinbruch-schmiede-kulturdenkmal-jonsdorf-768x432.png 768w, https:\/\/gebirgsverein1880ev.de\/wp-content\/uploads\/steinbruch-schmiede-kulturdenkmal-jonsdorf-1536x864.png 1536w, https:\/\/gebirgsverein1880ev.de\/wp-content\/uploads\/steinbruch-schmiede-kulturdenkmal-jonsdorf.png 1820w\" sizes=\"(max-width: 1024px) 100vw, 1024px\" \/>\t\t\t\t\t\t\t\t\t\t\t\t\t\t\t<\/div>\n\t\t\t\t<\/div>\n\t\t\t\t\t<\/div>\n\t\t\t\t<\/div>\n\t\t<div class=\"elementor-element elementor-element-f76432c e-flex e-con-boxed e-con e-parent\" data-id=\"f76432c\" data-element_type=\"container\" data-settings=\"{&quot;background_background&quot;:&quot;classic&quot;}\">\n\t\t\t\t\t<div class=\"e-con-inner\">\n\t\t<div class=\"elementor-element elementor-element-bf1ec79 e-con-full e-flex e-con e-child\" data-id=\"bf1ec79\" data-element_type=\"container\">\n\t\t\t\t<div class=\"elementor-element elementor-element-5d523d1 elementor-widget elementor-widget-heading\" data-id=\"5d523d1\" data-element_type=\"widget\" data-widget_type=\"heading.default\">\n\t\t\t\t<div class=\"elementor-widget-container\">\n\t\t\t\t\t<h2 class=\"elementor-heading-title elementor-size-default\">Podporujeme ochranu krajiny a p\u0159\u00edrody  <\/h2>\t\t\t\t<\/div>\n\t\t\t\t<\/div>\n\t\t\t\t<div class=\"elementor-element elementor-element-fd7d2e3 elementor-widget elementor-widget-text-editor\" data-id=\"fd7d2e3\" data-element_type=\"widget\" data-widget_type=\"text-editor.default\">\n\t\t\t\t<div class=\"elementor-widget-container\">\n\t\t\t\t\t\t\t\t\t<p>Sdru\u017een\u00ed se hl\u00e1s\u00ed k c\u00edl\u016fm ochrany krajiny a p\u0159\u00edrody. Klubov\u00e9 prostory se nach\u00e1zej\u00ed na pozemku &#8222;An der Sternwarte 6&#8220;. <\/p>\n<p>Dal\u0161\u00ed oblast\u00ed na\u0161\u00ed pr\u00e1ce je socializace. Toho dosahujeme prost\u0159ednictv\u00edm d\u011btsk\u00fdch a klubov\u00fdch oslav, spole\u010dn\u00fdch v\u00fdlet\u016f, bowlingov\u00fdch ve\u010der\u016f, p\u0159edn\u00e1\u0161ek na r\u016fzn\u00e1 t\u00e9mata a mnoha dal\u0161\u00edch akc\u00ed. <\/p>\n\t\t\t\t\t\t\t\t<\/div>\n\t\t\t\t<\/div>\n\t\t\t\t<div class=\"elementor-element elementor-element-873272b elementor-widget elementor-widget-text-editor\" data-id=\"873272b\" data-element_type=\"widget\" data-widget_type=\"text-editor.default\">\n\t\t\t\t<div class=\"elementor-widget-container\">\n\t\t\t\t\t\t\t\t\t<p><strong>Jste zv\u011bdav\u00ed? V\u017edy r\u00e1di p\u0159iv\u00edt\u00e1me nov\u00e9 \u010dleny a z\u00e1jemce. P\u0159ipojit se m\u016f\u017eete za 2,50 \u20ac\/m\u011bs\u00edc. &#8222;P\u0159ij\u010fte ochutnat&#8220; nic nestoj\u00ed. \ud83d\ude42<\/strong><\/p>\n\t\t\t\t\t\t\t\t<\/div>\n\t\t\t\t<\/div>\n\t\t\t\t<div class=\"elementor-element elementor-element-c48e0ce elementor-widget elementor-widget-spacer\" data-id=\"c48e0ce\" data-element_type=\"widget\" data-widget_type=\"spacer.default\">\n\t\t\t\t<div class=\"elementor-widget-container\">\n\t\t\t\t\t\t\t<div class=\"elementor-spacer\">\n\t\t\t<div class=\"elementor-spacer-inner\"><\/div>\n\t\t<\/div>\n\t\t\t\t\t\t<\/div>\n\t\t\t\t<\/div>\n\t\t\t\t<\/div>\n\t\t<div class=\"elementor-element elementor-element-1847e26 e-con-full e-flex e-con e-child\" data-id=\"1847e26\" data-element_type=\"container\">\n\t\t\t\t<div class=\"elementor-element elementor-element-6cb1e90 elementor-widget-mobile__width-inherit elementor-widget elementor-widget-image\" data-id=\"6cb1e90\" data-element_type=\"widget\" data-widget_type=\"image.default\">\n\t\t\t\t<div class=\"elementor-widget-container\">\n\t\t\t\t\t\t\t\t\t\t\t\t\t\t\t<img decoding=\"async\" width=\"1820\" height=\"1024\" src=\"https:\/\/gebirgsverein1880ev.de\/wp-content\/uploads\/jonsdorf-gebirge-foto-felsen.png\" class=\"attachment-full size-full wp-image-4922\" alt=\"\" srcset=\"https:\/\/gebirgsverein1880ev.de\/wp-content\/uploads\/jonsdorf-gebirge-foto-felsen.png 1820w, https:\/\/gebirgsverein1880ev.de\/wp-content\/uploads\/jonsdorf-gebirge-foto-felsen-300x169.png 300w, https:\/\/gebirgsverein1880ev.de\/wp-content\/uploads\/jonsdorf-gebirge-foto-felsen-1024x576.png 1024w, https:\/\/gebirgsverein1880ev.de\/wp-content\/uploads\/jonsdorf-gebirge-foto-felsen-768x432.png 768w, https:\/\/gebirgsverein1880ev.de\/wp-content\/uploads\/jonsdorf-gebirge-foto-felsen-1536x864.png 1536w\" sizes=\"(max-width: 1820px) 100vw, 1820px\" \/>\t\t\t\t\t\t\t\t\t\t\t\t\t\t\t<\/div>\n\t\t\t\t<\/div>\n\t\t\t\t<\/div>\n\t\t\t\t\t<\/div>\n\t\t\t\t<\/div>\n\t\t\t\t<\/div>\n\t\t","protected":false},"excerpt":{"rendered":"<p>Na\u0161e sdru\u017een\u00ed Historie klubu Dne 30. b\u0159ezna 2001 byl obnoven Jonsdorfer Gebirgsverein 1880 e. V. v tradici star\u00e9ho horsk\u00e9ho spolku. Sdru\u017een\u00ed se c\u00edt\u00ed b\u00fdt spojeno s b\u00fdval\u00fdm horsk\u00fdm klubem a pova\u017euje se za jeho n\u00e1stupce. Od sv\u00e9ho zalo\u017een\u00ed spolek nep\u0159etr\u017eit\u011b usiluje o zachov\u00e1n\u00ed v\u00fdstavn\u00edho dolu &#8222;Schwarzes Loch&#8220;, kov\u00e1rny Steenbruchschmiede, hv\u011bzd\u00e1rny a klubovny. To vy\u017eadovalo nespo\u010det [&hellip;]<\/p>\n","protected":false},"author":1,"featured_media":0,"parent":0,"menu_order":0,"comment_status":"closed","ping_status":"closed","template":"","meta":{"site-sidebar-layout":"no-sidebar","site-content-layout":"page-builder","ast-site-content-layout":"full-width-container","site-content-style":"unboxed","site-sidebar-style":"unboxed","ast-global-header-display":"","ast-banner-title-visibility":"","ast-main-header-display":"","ast-hfb-above-header-display":"","ast-hfb-below-header-display":"","ast-hfb-mobile-header-display":"","site-post-title":"disabled","ast-breadcrumbs-content":"","ast-featured-img":"disabled","footer-sml-layout":"","theme-transparent-header-meta":"enabled","adv-header-id-meta":"","stick-header-meta":"","header-above-stick-meta":"","header-main-stick-meta":"","header-below-stick-meta":"","astra-migrate-meta-layouts":"default","ast-page-background-enabled":"default","ast-page-background-meta":{"desktop":{"background-color":"var(--ast-global-color-4)","background-image":"","background-repeat":"repeat","background-position":"center center","background-size":"auto","background-attachment":"scroll","background-type":"","background-media":"","overlay-type":"","overlay-color":"","overlay-opacity":"","overlay-gradient":""},"tablet":{"background-color":"","background-image":"","background-repeat":"repeat","background-position":"center center","background-size":"auto","background-attachment":"scroll","background-type":"","background-media":"","overlay-type":"","overlay-color":"","overlay-opacity":"","overlay-gradient":""},"mobile":{"background-color":"","background-image":"","background-repeat":"repeat","background-position":"center center","background-size":"auto","background-attachment":"scroll","background-type":"","background-media":"","overlay-type":"","overlay-color":"","overlay-opacity":"","overlay-gradient":""}},"ast-content-background-meta":{"desktop":{"background-color":"var(--ast-global-color-5)","background-image":"","background-repeat":"repeat","background-position":"center center","background-size":"auto","background-attachment":"scroll","background-type":"","background-media":"","overlay-type":"","overlay-color":"","overlay-opacity":"","overlay-gradient":""},"tablet":{"background-color":"var(--ast-global-color-5)","background-image":"","background-repeat":"repeat","background-position":"center center","background-size":"auto","background-attachment":"scroll","background-type":"","background-media":"","overlay-type":"","overlay-color":"","overlay-opacity":"","overlay-gradient":""},"mobile":{"background-color":"var(--ast-global-color-5)","background-image":"","background-repeat":"repeat","background-position":"center center","background-size":"auto","background-attachment":"scroll","background-type":"","background-media":"","overlay-type":"","overlay-color":"","overlay-opacity":"","overlay-gradient":""}},"footnotes":""},"class_list":["post-5064","page","type-page","status-publish","hentry"],"yoast_head":"<!-- This site is optimized with the Yoast SEO plugin v24.5 - https:\/\/yoast.com\/wordpress\/plugins\/seo\/ -->\n<title>Na\u0161e sdru\u017een\u00ed | Jonsdorfer Gebirgsverein 1880 e.V.<\/title>\n<meta name=\"description\" content=\"V\u00edtejte - Jonsdorfer Gebirgsverein 1880 e.V. \u2713Informace o na\u0161em spolku \u2713Historie spolku \u25bb Zjist\u011bte si v\u00edce informac\u00ed\" \/>\n<meta name=\"robots\" content=\"index, follow, max-snippet:-1, max-image-preview:large, max-video-preview:-1\" \/>\n<link rel=\"canonical\" href=\"https:\/\/gebirgsverein1880ev.de\/cs\/nase-sdruzeni\/\" \/>\n<meta property=\"og:locale\" content=\"cs_CZ\" \/>\n<meta property=\"og:type\" content=\"article\" \/>\n<meta property=\"og:title\" content=\"Na\u0161e sdru\u017een\u00ed | Jonsdorfer Gebirgsverein 1880 e.V.\" \/>\n<meta property=\"og:description\" content=\"V\u00edtejte - Jonsdorfer Gebirgsverein 1880 e.V. \u2713Informace o na\u0161em spolku \u2713Historie spolku \u25bb Zjist\u011bte si v\u00edce informac\u00ed\" \/>\n<meta property=\"og:url\" content=\"https:\/\/gebirgsverein1880ev.de\/cs\/nase-sdruzeni\/\" \/>\n<meta property=\"og:site_name\" content=\"Jonsdorfer Gebirgsverein 1880 e.V.\" \/>\n<meta property=\"article:publisher\" content=\"https:\/\/www.facebook.com\/muehlsteinbrecher\/\" \/>\n<meta property=\"article:modified_time\" content=\"2025-02-04T21:46:02+00:00\" \/>\n<meta property=\"og:image\" content=\"https:\/\/gebirgsverein1880ev.de\/wp-content\/uploads\/jonsdorfer-gebirgsverein-tradition-musik.jpg\" \/>\n\t<meta property=\"og:image:width\" content=\"1532\" \/>\n\t<meta property=\"og:image:height\" content=\"2048\" \/>\n\t<meta property=\"og:image:type\" content=\"image\/jpeg\" \/>\n<meta name=\"twitter:card\" content=\"summary_large_image\" \/>\n<meta name=\"twitter:label1\" content=\"Odhadovan\u00e1 doba \u010dten\u00ed\" \/>\n\t<meta name=\"twitter:data1\" content=\"1 minuta\" \/>\n<script type=\"application\/ld+json\" class=\"yoast-schema-graph\">{\"@context\":\"https:\/\/schema.org\",\"@graph\":[{\"@type\":\"WebPage\",\"@id\":\"https:\/\/gebirgsverein1880ev.de\/cs\/nase-sdruzeni\/\",\"url\":\"https:\/\/gebirgsverein1880ev.de\/cs\/nase-sdruzeni\/\",\"name\":\"Na\u0161e sdru\u017een\u00ed | Jonsdorfer Gebirgsverein 1880 e.V.\",\"isPartOf\":{\"@id\":\"https:\/\/gebirgsverein1880ev.de\/cs\/#website\"},\"primaryImageOfPage\":{\"@id\":\"https:\/\/gebirgsverein1880ev.de\/cs\/nase-sdruzeni\/#primaryimage\"},\"image\":{\"@id\":\"https:\/\/gebirgsverein1880ev.de\/cs\/nase-sdruzeni\/#primaryimage\"},\"thumbnailUrl\":\"https:\/\/gebirgsverein1880ev.de\/wp-content\/uploads\/jonsdorfer-gebirgsverein-tradition-musik.jpg\",\"datePublished\":\"2025-01-23T09:40:46+00:00\",\"dateModified\":\"2025-02-04T21:46:02+00:00\",\"description\":\"V\u00edtejte - Jonsdorfer Gebirgsverein 1880 e.V. \u2713Informace o na\u0161em spolku \u2713Historie spolku \u25bb Zjist\u011bte si v\u00edce informac\u00ed\",\"breadcrumb\":{\"@id\":\"https:\/\/gebirgsverein1880ev.de\/cs\/nase-sdruzeni\/#breadcrumb\"},\"inLanguage\":\"cs\",\"potentialAction\":[{\"@type\":\"ReadAction\",\"target\":[\"https:\/\/gebirgsverein1880ev.de\/cs\/nase-sdruzeni\/\"]}]},{\"@type\":\"ImageObject\",\"inLanguage\":\"cs\",\"@id\":\"https:\/\/gebirgsverein1880ev.de\/cs\/nase-sdruzeni\/#primaryimage\",\"url\":\"https:\/\/gebirgsverein1880ev.de\/wp-content\/uploads\/jonsdorfer-gebirgsverein-tradition-musik.jpg\",\"contentUrl\":\"https:\/\/gebirgsverein1880ev.de\/wp-content\/uploads\/jonsdorfer-gebirgsverein-tradition-musik.jpg\"},{\"@type\":\"BreadcrumbList\",\"@id\":\"https:\/\/gebirgsverein1880ev.de\/cs\/nase-sdruzeni\/#breadcrumb\",\"itemListElement\":[{\"@type\":\"ListItem\",\"position\":1,\"name\":\"Startseite\",\"item\":\"https:\/\/gebirgsverein1880ev.de\/cs\/\"},{\"@type\":\"ListItem\",\"position\":2,\"name\":\"Na\u0161e sdru\u017een\u00ed\"}]},{\"@type\":\"WebSite\",\"@id\":\"https:\/\/gebirgsverein1880ev.de\/cs\/#website\",\"url\":\"https:\/\/gebirgsverein1880ev.de\/cs\/\",\"name\":\"Jonsdorfer Gebirgsverein 1880 e.V.\",\"description\":\"\",\"publisher\":{\"@id\":\"https:\/\/gebirgsverein1880ev.de\/cs\/#organization\"},\"potentialAction\":[{\"@type\":\"SearchAction\",\"target\":{\"@type\":\"EntryPoint\",\"urlTemplate\":\"https:\/\/gebirgsverein1880ev.de\/cs\/?s={search_term_string}\"},\"query-input\":{\"@type\":\"PropertyValueSpecification\",\"valueRequired\":true,\"valueName\":\"search_term_string\"}}],\"inLanguage\":\"cs\"},{\"@type\":\"Organization\",\"@id\":\"https:\/\/gebirgsverein1880ev.de\/cs\/#organization\",\"name\":\"Jonsdorfer Gebirgsverein 1880 e.V.\",\"url\":\"https:\/\/gebirgsverein1880ev.de\/cs\/\",\"logo\":{\"@type\":\"ImageObject\",\"inLanguage\":\"cs\",\"@id\":\"https:\/\/gebirgsverein1880ev.de\/cs\/#\/schema\/logo\/image\/\",\"url\":\"https:\/\/gebirgsverein1880ev.de\/wp-content\/uploads\/logo_gebirgsverein.png\",\"contentUrl\":\"https:\/\/gebirgsverein1880ev.de\/wp-content\/uploads\/logo_gebirgsverein.png\",\"width\":283,\"height\":184,\"caption\":\"Jonsdorfer Gebirgsverein 1880 e.V.\"},\"image\":{\"@id\":\"https:\/\/gebirgsverein1880ev.de\/cs\/#\/schema\/logo\/image\/\"},\"sameAs\":[\"https:\/\/www.facebook.com\/muehlsteinbrecher\/\"]}]}<\/script>\n<!-- \/ Yoast SEO plugin. -->","yoast_head_json":{"title":"Na\u0161e sdru\u017een\u00ed | Jonsdorfer Gebirgsverein 1880 e.V.","description":"V\u00edtejte - Jonsdorfer Gebirgsverein 1880 e.V. \u2713Informace o na\u0161em spolku \u2713Historie spolku \u25bb Zjist\u011bte si v\u00edce informac\u00ed","robots":{"index":"index","follow":"follow","max-snippet":"max-snippet:-1","max-image-preview":"max-image-preview:large","max-video-preview":"max-video-preview:-1"},"canonical":"https:\/\/gebirgsverein1880ev.de\/cs\/nase-sdruzeni\/","og_locale":"cs_CZ","og_type":"article","og_title":"Na\u0161e sdru\u017een\u00ed | Jonsdorfer Gebirgsverein 1880 e.V.","og_description":"V\u00edtejte - Jonsdorfer Gebirgsverein 1880 e.V. \u2713Informace o na\u0161em spolku \u2713Historie spolku \u25bb Zjist\u011bte si v\u00edce informac\u00ed","og_url":"https:\/\/gebirgsverein1880ev.de\/cs\/nase-sdruzeni\/","og_site_name":"Jonsdorfer Gebirgsverein 1880 e.V.","article_publisher":"https:\/\/www.facebook.com\/muehlsteinbrecher\/","article_modified_time":"2025-02-04T21:46:02+00:00","og_image":[{"width":1532,"height":2048,"url":"https:\/\/gebirgsverein1880ev.de\/wp-content\/uploads\/jonsdorfer-gebirgsverein-tradition-musik.jpg","type":"image\/jpeg"}],"twitter_card":"summary_large_image","twitter_misc":{"Odhadovan\u00e1 doba \u010dten\u00ed":"1 minuta"},"schema":{"@context":"https:\/\/schema.org","@graph":[{"@type":"WebPage","@id":"https:\/\/gebirgsverein1880ev.de\/cs\/nase-sdruzeni\/","url":"https:\/\/gebirgsverein1880ev.de\/cs\/nase-sdruzeni\/","name":"Na\u0161e sdru\u017een\u00ed | Jonsdorfer Gebirgsverein 1880 e.V.","isPartOf":{"@id":"https:\/\/gebirgsverein1880ev.de\/cs\/#website"},"primaryImageOfPage":{"@id":"https:\/\/gebirgsverein1880ev.de\/cs\/nase-sdruzeni\/#primaryimage"},"image":{"@id":"https:\/\/gebirgsverein1880ev.de\/cs\/nase-sdruzeni\/#primaryimage"},"thumbnailUrl":"https:\/\/gebirgsverein1880ev.de\/wp-content\/uploads\/jonsdorfer-gebirgsverein-tradition-musik.jpg","datePublished":"2025-01-23T09:40:46+00:00","dateModified":"2025-02-04T21:46:02+00:00","description":"V\u00edtejte - Jonsdorfer Gebirgsverein 1880 e.V. \u2713Informace o na\u0161em spolku \u2713Historie spolku \u25bb Zjist\u011bte si v\u00edce informac\u00ed","breadcrumb":{"@id":"https:\/\/gebirgsverein1880ev.de\/cs\/nase-sdruzeni\/#breadcrumb"},"inLanguage":"cs","potentialAction":[{"@type":"ReadAction","target":["https:\/\/gebirgsverein1880ev.de\/cs\/nase-sdruzeni\/"]}]},{"@type":"ImageObject","inLanguage":"cs","@id":"https:\/\/gebirgsverein1880ev.de\/cs\/nase-sdruzeni\/#primaryimage","url":"https:\/\/gebirgsverein1880ev.de\/wp-content\/uploads\/jonsdorfer-gebirgsverein-tradition-musik.jpg","contentUrl":"https:\/\/gebirgsverein1880ev.de\/wp-content\/uploads\/jonsdorfer-gebirgsverein-tradition-musik.jpg"},{"@type":"BreadcrumbList","@id":"https:\/\/gebirgsverein1880ev.de\/cs\/nase-sdruzeni\/#breadcrumb","itemListElement":[{"@type":"ListItem","position":1,"name":"Startseite","item":"https:\/\/gebirgsverein1880ev.de\/cs\/"},{"@type":"ListItem","position":2,"name":"Na\u0161e sdru\u017een\u00ed"}]},{"@type":"WebSite","@id":"https:\/\/gebirgsverein1880ev.de\/cs\/#website","url":"https:\/\/gebirgsverein1880ev.de\/cs\/","name":"Jonsdorfer Gebirgsverein 1880 e.V.","description":"","publisher":{"@id":"https:\/\/gebirgsverein1880ev.de\/cs\/#organization"},"potentialAction":[{"@type":"SearchAction","target":{"@type":"EntryPoint","urlTemplate":"https:\/\/gebirgsverein1880ev.de\/cs\/?s={search_term_string}"},"query-input":{"@type":"PropertyValueSpecification","valueRequired":true,"valueName":"search_term_string"}}],"inLanguage":"cs"},{"@type":"Organization","@id":"https:\/\/gebirgsverein1880ev.de\/cs\/#organization","name":"Jonsdorfer Gebirgsverein 1880 e.V.","url":"https:\/\/gebirgsverein1880ev.de\/cs\/","logo":{"@type":"ImageObject","inLanguage":"cs","@id":"https:\/\/gebirgsverein1880ev.de\/cs\/#\/schema\/logo\/image\/","url":"https:\/\/gebirgsverein1880ev.de\/wp-content\/uploads\/logo_gebirgsverein.png","contentUrl":"https:\/\/gebirgsverein1880ev.de\/wp-content\/uploads\/logo_gebirgsverein.png","width":283,"height":184,"caption":"Jonsdorfer Gebirgsverein 1880 e.V."},"image":{"@id":"https:\/\/gebirgsverein1880ev.de\/cs\/#\/schema\/logo\/image\/"},"sameAs":["https:\/\/www.facebook.com\/muehlsteinbrecher\/"]}]}},"_links":{"self":[{"href":"https:\/\/gebirgsverein1880ev.de\/cs\/wp-json\/wp\/v2\/pages\/5064","targetHints":{"allow":["GET"]}}],"collection":[{"href":"https:\/\/gebirgsverein1880ev.de\/cs\/wp-json\/wp\/v2\/pages"}],"about":[{"href":"https:\/\/gebirgsverein1880ev.de\/cs\/wp-json\/wp\/v2\/types\/page"}],"author":[{"embeddable":true,"href":"https:\/\/gebirgsverein1880ev.de\/cs\/wp-json\/wp\/v2\/users\/1"}],"replies":[{"embeddable":true,"href":"https:\/\/gebirgsverein1880ev.de\/cs\/wp-json\/wp\/v2\/comments?post=5064"}],"version-history":[{"count":3,"href":"https:\/\/gebirgsverein1880ev.de\/cs\/wp-json\/wp\/v2\/pages\/5064\/revisions"}],"predecessor-version":[{"id":5291,"href":"https:\/\/gebirgsverein1880ev.de\/cs\/wp-json\/wp\/v2\/pages\/5064\/revisions\/5291"}],"wp:attachment":[{"href":"https:\/\/gebirgsverein1880ev.de\/cs\/wp-json\/wp\/v2\/media?parent=5064"}],"curies":[{"name":"wp","href":"https:\/\/api.w.org\/{rel}","templated":true}]}}