{"id":5052,"date":"2025-01-23T10:52:13","date_gmt":"2025-01-23T09:52:13","guid":{"rendered":"https:\/\/gebirgsverein1880ev.de\/klubovy-zivot\/"},"modified":"2025-04-13T10:10:15","modified_gmt":"2025-04-13T08:10:15","slug":"klubovy-zivot","status":"publish","type":"page","link":"https:\/\/gebirgsverein1880ev.de\/cs\/klubovy-zivot\/","title":{"rendered":"Klubov\u00fd \u017eivot"},"content":{"rendered":"\t\t<div data-elementor-type=\"wp-page\" data-elementor-id=\"5052\" class=\"elementor elementor-5052 elementor-4444\">\n\t\t\t\t<div class=\"elementor-element elementor-element-de25964 e-flex e-con-boxed e-con e-parent\" data-id=\"de25964\" data-element_type=\"container\" data-settings=\"{&quot;background_background&quot;:&quot;classic&quot;}\">\n\t\t\t\t\t<div class=\"e-con-inner\">\n\t\t\t\t<div class=\"elementor-element elementor-element-ffc0d59 elementor-widget elementor-widget-heading\" data-id=\"ffc0d59\" data-element_type=\"widget\" data-widget_type=\"heading.default\">\n\t\t\t\t<div class=\"elementor-widget-container\">\n\t\t\t\t\t<h1 class=\"elementor-heading-title elementor-size-default\">Klubov\u00fd \u017eivot<\/h1>\t\t\t\t<\/div>\n\t\t\t\t<\/div>\n\t\t\t\t\t<\/div>\n\t\t\t\t<\/div>\n\t\t<div class=\"elementor-element elementor-element-b7a2a3a e-flex e-con-boxed e-con e-parent\" data-id=\"b7a2a3a\" data-element_type=\"container\" data-settings=\"{&quot;background_background&quot;:&quot;classic&quot;}\">\n\t\t\t\t\t<div class=\"e-con-inner\">\n\t\t<div class=\"elementor-element elementor-element-8310b80 e-con-full e-flex e-con e-child\" data-id=\"8310b80\" data-element_type=\"container\">\n\t\t\t\t<div class=\"elementor-element elementor-element-f4b15c0 elementor-widget elementor-widget-heading\" data-id=\"f4b15c0\" data-element_type=\"widget\" data-widget_type=\"heading.default\">\n\t\t\t\t<div class=\"elementor-widget-container\">\n\t\t\t\t\t<h2 class=\"elementor-heading-title elementor-size-default\">Org\u00e1ny Jonsdorfer Gebirgsverein jsou:<\/h2>\t\t\t\t<\/div>\n\t\t\t\t<\/div>\n\t\t\t\t<div class=\"elementor-element elementor-element-6619522 elementor-widget elementor-widget-text-editor\" data-id=\"6619522\" data-element_type=\"widget\" data-widget_type=\"text-editor.default\">\n\t\t\t\t<div class=\"elementor-widget-container\">\n\t\t\t\t\t\t\t\t\t<ol>\n<li>valn\u00e9 hromady,<\/li>\n<li>spr\u00e1vn\u00ed rada.<\/li>\n<\/ol>\n<p><strong><span style=\"text-decoration: underline;\">Spr\u00e1vn\u00ed rada m\u00e1 n\u00e1sleduj\u00edc\u00ed slo\u017een\u00ed:<\/span><\/strong><\/p>\n\t\t\t\t\t\t\t\t<\/div>\n\t\t\t\t<\/div>\n\t\t\t\t<div class=\"elementor-element elementor-element-37c6bf4 elementor-widget elementor-widget-text-editor\" data-id=\"37c6bf4\" data-element_type=\"widget\" data-widget_type=\"text-editor.default\">\n\t\t\t\t<div class=\"elementor-widget-container\">\n\t\t\t\t\t\t\t\t\t<ul>\n<li>1. p\u0159edseda: Andr\u00e9 Menzel<\/li>\n<li>2. p\u0159edseda: Helmut Deeg<\/li>\n<li>Pokladn\u00edk: Thomas Kriegel<\/li>\n<li>Tajemn\u00edk: Benjamin Marsel<\/li>\n<\/ul>\n\t\t\t\t\t\t\t\t<\/div>\n\t\t\t\t<\/div>\n\t\t\t\t<div class=\"elementor-element elementor-element-27214a4 elementor-widget elementor-widget-text-editor\" data-id=\"27214a4\" data-element_type=\"widget\" data-widget_type=\"text-editor.default\">\n\t\t\t\t<div class=\"elementor-widget-container\">\n\t\t\t\t\t\t\t\t\t<p>Krom\u011b t\u011bchto v\u00fdbor\u016f byly vytvo\u0159eny r\u016fzn\u00e9 pracovn\u00ed skupiny.<\/p>\n\t\t\t\t\t\t\t\t<\/div>\n\t\t\t\t<\/div>\n\t\t\t\t<div class=\"elementor-element elementor-element-925644c elementor-widget elementor-widget-text-editor\" data-id=\"925644c\" data-element_type=\"widget\" data-widget_type=\"text-editor.default\">\n\t\t\t\t<div class=\"elementor-widget-container\">\n\t\t\t\t\t\t\t\t\t<p><strong><span style=\"text-decoration: underline;\">Existuj\u00ed tyto pracovn\u00ed skupiny:<\/span><\/strong><\/p>\n<ul>\n<li>Pracovn\u00ed skupina: Observato\u0159, odpov\u011bdn\u00fd Frithjof Helle<\/li>\n<li>Pracovn\u00ed skupina: Black Hole Show Mine, zodpov\u011bdn\u00fd Helmut Deeg<\/li>\n<li>Pracovn\u00ed skupina: Klubov\u00e9 pozemky, zodpov\u011bdn\u00fd Tobias Krostack<\/li>\n<li><span style=\"font-size: 16px;\"> <\/span>Pracovn\u00ed skupina: Festivaly a oslavy, odpov\u011bdn\u00e1 osoba Gerta Salzerov\u00e1<\/li>\n<\/ul>\n\t\t\t\t\t\t\t\t<\/div>\n\t\t\t\t<\/div>\n\t\t\t\t<div class=\"elementor-element elementor-element-7c83644 elementor-widget elementor-widget-text-editor\" data-id=\"7c83644\" data-element_type=\"widget\" data-widget_type=\"text-editor.default\">\n\t\t\t\t<div class=\"elementor-widget-container\">\n\t\t\t\t\t\t\t\t\t<p><strong>Na\u0161e stanovy ve form\u00e1tu <a href=\"\/wp-content\/uploads\/Vereinssatzung_de.pdf\">pdf<\/a><\/strong><\/p>\n\t\t\t\t\t\t\t\t<\/div>\n\t\t\t\t<\/div>\n\t\t\t\t<div class=\"elementor-element elementor-element-ef84a19 elementor-widget elementor-widget-spacer\" data-id=\"ef84a19\" data-element_type=\"widget\" data-widget_type=\"spacer.default\">\n\t\t\t\t<div class=\"elementor-widget-container\">\n\t\t\t\t\t\t\t<div class=\"elementor-spacer\">\n\t\t\t<div class=\"elementor-spacer-inner\"><\/div>\n\t\t<\/div>\n\t\t\t\t\t\t<\/div>\n\t\t\t\t<\/div>\n\t\t\t\t<\/div>\n\t\t<div class=\"elementor-element elementor-element-f1c33ad e-con-full e-flex e-con e-child\" data-id=\"f1c33ad\" data-element_type=\"container\">\n\t\t\t\t<div class=\"elementor-element elementor-element-4aea273 elementor-arrows-position-inside elementor-pagination-position-outside elementor-widget elementor-widget-image-carousel\" data-id=\"4aea273\" data-element_type=\"widget\" data-settings=\"{&quot;slides_to_show&quot;:&quot;1&quot;,&quot;navigation&quot;:&quot;both&quot;,&quot;autoplay&quot;:&quot;yes&quot;,&quot;pause_on_hover&quot;:&quot;yes&quot;,&quot;pause_on_interaction&quot;:&quot;yes&quot;,&quot;autoplay_speed&quot;:5000,&quot;infinite&quot;:&quot;yes&quot;,&quot;effect&quot;:&quot;slide&quot;,&quot;speed&quot;:500}\" data-widget_type=\"image-carousel.default\">\n\t\t\t\t<div class=\"elementor-widget-container\">\n\t\t\t\t\t\t\t<div class=\"elementor-image-carousel-wrapper swiper\" role=\"region\" aria-roledescription=\"carousel\" aria-label=\"Bild Karussell\" dir=\"ltr\">\n\t\t\t<div class=\"elementor-image-carousel swiper-wrapper\" aria-live=\"off\">\n\t\t\t\t\t\t\t\t<div class=\"swiper-slide\" role=\"group\" aria-roledescription=\"slide\" aria-label=\"1 z 5\"><figure class=\"swiper-slide-inner\"><img decoding=\"async\" class=\"swiper-slide-image\" src=\"https:\/\/gebirgsverein1880ev.de\/wp-content\/uploads\/Bowlen1-scaled-1.jpg\" alt=\"\" \/><\/figure><\/div><div class=\"swiper-slide\" role=\"group\" aria-roledescription=\"slide\" aria-label=\"2 z 5\"><figure class=\"swiper-slide-inner\"><img decoding=\"async\" class=\"swiper-slide-image\" src=\"https:\/\/gebirgsverein1880ev.de\/wp-content\/uploads\/lagerfeuer-jonsdorfer-gebirgsverein-zugeschnitten.jpg\" alt=\"\" \/><\/figure><\/div><div class=\"swiper-slide\" role=\"group\" aria-roledescription=\"slide\" aria-label=\"3 z 5\"><figure class=\"swiper-slide-inner\"><img decoding=\"async\" class=\"swiper-slide-image\" src=\"https:\/\/gebirgsverein1880ev.de\/wp-content\/uploads\/Grillen.jpg\" alt=\"\" \/><\/figure><\/div><div class=\"swiper-slide\" role=\"group\" aria-roledescription=\"slide\" aria-label=\"4 z 5\"><figure class=\"swiper-slide-inner\"><img decoding=\"async\" class=\"swiper-slide-image\" src=\"https:\/\/gebirgsverein1880ev.de\/wp-content\/uploads\/josndorfer-gebirgsverein-vereinsdomizil-pflege-aussenanlagen.jpg\" alt=\"\" \/><\/figure><\/div><div class=\"swiper-slide\" role=\"group\" aria-roledescription=\"slide\" aria-label=\"5 z 5\"><figure class=\"swiper-slide-inner\"><img decoding=\"async\" class=\"swiper-slide-image\" src=\"https:\/\/gebirgsverein1880ev.de\/wp-content\/uploads\/Bowlen1-scaled-1.jpg\" alt=\"\" \/><\/figure><\/div>\t\t\t<\/div>\n\t\t\t\t\t\t\t\t\t\t\t\t<div class=\"elementor-swiper-button elementor-swiper-button-prev\" role=\"button\" tabindex=\"0\">\n\t\t\t\t\t\t<svg aria-hidden=\"true\" class=\"e-font-icon-svg e-eicon-chevron-left\" viewBox=\"0 0 1000 1000\" xmlns=\"http:\/\/www.w3.org\/2000\/svg\"><path d=\"M646 125C629 125 613 133 604 142L308 442C296 454 292 471 292 487 292 504 296 521 308 533L604 854C617 867 629 875 646 875 663 875 679 871 692 858 704 846 713 829 713 812 713 796 708 779 692 767L438 487 692 225C700 217 708 204 708 187 708 171 704 154 692 142 675 129 663 125 646 125Z\"><\/path><\/svg>\t\t\t\t\t<\/div>\n\t\t\t\t\t<div class=\"elementor-swiper-button elementor-swiper-button-next\" role=\"button\" tabindex=\"0\">\n\t\t\t\t\t\t<svg aria-hidden=\"true\" class=\"e-font-icon-svg e-eicon-chevron-right\" viewBox=\"0 0 1000 1000\" xmlns=\"http:\/\/www.w3.org\/2000\/svg\"><path d=\"M696 533C708 521 713 504 713 487 713 471 708 454 696 446L400 146C388 133 375 125 354 125 338 125 325 129 313 142 300 154 292 171 292 187 292 204 296 221 308 233L563 492 304 771C292 783 288 800 288 817 288 833 296 850 308 863 321 871 338 875 354 875 371 875 388 867 400 854L696 533Z\"><\/path><\/svg>\t\t\t\t\t<\/div>\n\t\t\t\t\n\t\t\t\t\t\t\t\t\t<div class=\"swiper-pagination\"><\/div>\n\t\t\t\t\t\t\t\t\t<\/div>\n\t\t\t\t\t\t<\/div>\n\t\t\t\t<\/div>\n\t\t\t\t<\/div>\n\t\t\t\t\t<\/div>\n\t\t\t\t<\/div>\n\t\t\t\t<\/div>\n\t\t","protected":false},"excerpt":{"rendered":"<p>Klubov\u00fd \u017eivot Org\u00e1ny Jonsdorfer Gebirgsverein jsou: valn\u00e9 hromady, spr\u00e1vn\u00ed rada. Spr\u00e1vn\u00ed rada m\u00e1 n\u00e1sleduj\u00edc\u00ed slo\u017een\u00ed: 1. p\u0159edseda: Andr\u00e9 Menzel 2. p\u0159edseda: Helmut Deeg Pokladn\u00edk: Thomas Kriegel Tajemn\u00edk: Benjamin Marsel Krom\u011b t\u011bchto v\u00fdbor\u016f byly vytvo\u0159eny r\u016fzn\u00e9 pracovn\u00ed skupiny. Existuj\u00ed tyto pracovn\u00ed skupiny: Pracovn\u00ed skupina: Observato\u0159, odpov\u011bdn\u00fd Frithjof Helle Pracovn\u00ed skupina: Black Hole Show Mine, zodpov\u011bdn\u00fd Helmut [&hellip;]<\/p>\n","protected":false},"author":1,"featured_media":0,"parent":0,"menu_order":0,"comment_status":"closed","ping_status":"closed","template":"","meta":{"site-sidebar-layout":"no-sidebar","site-content-layout":"page-builder","ast-site-content-layout":"full-width-container","site-content-style":"unboxed","site-sidebar-style":"unboxed","ast-global-header-display":"","ast-banner-title-visibility":"","ast-main-header-display":"","ast-hfb-above-header-display":"","ast-hfb-below-header-display":"","ast-hfb-mobile-header-display":"","site-post-title":"disabled","ast-breadcrumbs-content":"","ast-featured-img":"disabled","footer-sml-layout":"","theme-transparent-header-meta":"enabled","adv-header-id-meta":"","stick-header-meta":"","header-above-stick-meta":"","header-main-stick-meta":"","header-below-stick-meta":"","astra-migrate-meta-layouts":"default","ast-page-background-enabled":"default","ast-page-background-meta":{"desktop":{"background-color":"var(--ast-global-color-4)","background-image":"","background-repeat":"repeat","background-position":"center center","background-size":"auto","background-attachment":"scroll","background-type":"","background-media":"","overlay-type":"","overlay-color":"","overlay-opacity":"","overlay-gradient":""},"tablet":{"background-color":"","background-image":"","background-repeat":"repeat","background-position":"center center","background-size":"auto","background-attachment":"scroll","background-type":"","background-media":"","overlay-type":"","overlay-color":"","overlay-opacity":"","overlay-gradient":""},"mobile":{"background-color":"","background-image":"","background-repeat":"repeat","background-position":"center center","background-size":"auto","background-attachment":"scroll","background-type":"","background-media":"","overlay-type":"","overlay-color":"","overlay-opacity":"","overlay-gradient":""}},"ast-content-background-meta":{"desktop":{"background-color":"var(--ast-global-color-5)","background-image":"","background-repeat":"repeat","background-position":"center center","background-size":"auto","background-attachment":"scroll","background-type":"","background-media":"","overlay-type":"","overlay-color":"","overlay-opacity":"","overlay-gradient":""},"tablet":{"background-color":"var(--ast-global-color-5)","background-image":"","background-repeat":"repeat","background-position":"center center","background-size":"auto","background-attachment":"scroll","background-type":"","background-media":"","overlay-type":"","overlay-color":"","overlay-opacity":"","overlay-gradient":""},"mobile":{"background-color":"var(--ast-global-color-5)","background-image":"","background-repeat":"repeat","background-position":"center center","background-size":"auto","background-attachment":"scroll","background-type":"","background-media":"","overlay-type":"","overlay-color":"","overlay-opacity":"","overlay-gradient":""}},"footnotes":""},"class_list":["post-5052","page","type-page","status-publish","hentry"],"yoast_head":"<!-- This site is optimized with the Yoast SEO plugin v24.5 - https:\/\/yoast.com\/wordpress\/plugins\/seo\/ -->\n<title>Klubov\u00fd \u017eivot | Jonsdorfer Gebirgsverein 1880 e.V.<\/title>\n<meta name=\"description\" content=\"V\u00edtejte - Jonsdorfer Gebirgsverein 1880 e.V. \u2713Dal\u0161\u00ed informace o \u017eivot\u011b klubu \u2713Na\u0161e klubov\u00e9 org\u00e1ny a pracovn\u00ed skupiny \u25bb Zobrazit nyn\u00ed\" \/>\n<meta name=\"robots\" content=\"index, follow, max-snippet:-1, max-image-preview:large, max-video-preview:-1\" \/>\n<link rel=\"canonical\" href=\"https:\/\/gebirgsverein1880ev.de\/cs\/klubovy-zivot\/\" \/>\n<meta property=\"og:locale\" content=\"cs_CZ\" \/>\n<meta property=\"og:type\" content=\"article\" \/>\n<meta property=\"og:title\" content=\"Klubov\u00fd \u017eivot | Jonsdorfer Gebirgsverein 1880 e.V.\" \/>\n<meta property=\"og:description\" content=\"V\u00edtejte - Jonsdorfer Gebirgsverein 1880 e.V. \u2713Dal\u0161\u00ed informace o \u017eivot\u011b klubu \u2713Na\u0161e klubov\u00e9 org\u00e1ny a pracovn\u00ed skupiny \u25bb Zobrazit nyn\u00ed\" \/>\n<meta property=\"og:url\" content=\"https:\/\/gebirgsverein1880ev.de\/cs\/klubovy-zivot\/\" \/>\n<meta property=\"og:site_name\" content=\"Jonsdorfer Gebirgsverein 1880 e.V.\" \/>\n<meta property=\"article:publisher\" content=\"https:\/\/www.facebook.com\/muehlsteinbrecher\/\" \/>\n<meta property=\"article:modified_time\" content=\"2025-04-13T08:10:15+00:00\" \/>\n<meta property=\"og:image\" content=\"https:\/\/gebirgsverein1880ev.de\/wp-content\/uploads\/Bowlen1-scaled-1.jpg\" \/>\n<meta name=\"twitter:card\" content=\"summary_large_image\" \/>\n<script type=\"application\/ld+json\" class=\"yoast-schema-graph\">{\"@context\":\"https:\/\/schema.org\",\"@graph\":[{\"@type\":\"WebPage\",\"@id\":\"https:\/\/gebirgsverein1880ev.de\/cs\/klubovy-zivot\/\",\"url\":\"https:\/\/gebirgsverein1880ev.de\/cs\/klubovy-zivot\/\",\"name\":\"Klubov\u00fd \u017eivot | Jonsdorfer Gebirgsverein 1880 e.V.\",\"isPartOf\":{\"@id\":\"https:\/\/gebirgsverein1880ev.de\/cs\/#website\"},\"primaryImageOfPage\":{\"@id\":\"https:\/\/gebirgsverein1880ev.de\/cs\/klubovy-zivot\/#primaryimage\"},\"image\":{\"@id\":\"https:\/\/gebirgsverein1880ev.de\/cs\/klubovy-zivot\/#primaryimage\"},\"thumbnailUrl\":\"https:\/\/gebirgsverein1880ev.de\/wp-content\/uploads\/Bowlen1-scaled-1.jpg\",\"datePublished\":\"2025-01-23T09:52:13+00:00\",\"dateModified\":\"2025-04-13T08:10:15+00:00\",\"description\":\"V\u00edtejte - Jonsdorfer Gebirgsverein 1880 e.V. \u2713Dal\u0161\u00ed informace o \u017eivot\u011b klubu \u2713Na\u0161e klubov\u00e9 org\u00e1ny a pracovn\u00ed skupiny \u25bb Zobrazit nyn\u00ed\",\"breadcrumb\":{\"@id\":\"https:\/\/gebirgsverein1880ev.de\/cs\/klubovy-zivot\/#breadcrumb\"},\"inLanguage\":\"cs\",\"potentialAction\":[{\"@type\":\"ReadAction\",\"target\":[\"https:\/\/gebirgsverein1880ev.de\/cs\/klubovy-zivot\/\"]}]},{\"@type\":\"ImageObject\",\"inLanguage\":\"cs\",\"@id\":\"https:\/\/gebirgsverein1880ev.de\/cs\/klubovy-zivot\/#primaryimage\",\"url\":\"https:\/\/gebirgsverein1880ev.de\/wp-content\/uploads\/Bowlen1-scaled-1.jpg\",\"contentUrl\":\"https:\/\/gebirgsverein1880ev.de\/wp-content\/uploads\/Bowlen1-scaled-1.jpg\"},{\"@type\":\"BreadcrumbList\",\"@id\":\"https:\/\/gebirgsverein1880ev.de\/cs\/klubovy-zivot\/#breadcrumb\",\"itemListElement\":[{\"@type\":\"ListItem\",\"position\":1,\"name\":\"Startseite\",\"item\":\"https:\/\/gebirgsverein1880ev.de\/cs\/\"},{\"@type\":\"ListItem\",\"position\":2,\"name\":\"Klubov\u00fd \u017eivot\"}]},{\"@type\":\"WebSite\",\"@id\":\"https:\/\/gebirgsverein1880ev.de\/cs\/#website\",\"url\":\"https:\/\/gebirgsverein1880ev.de\/cs\/\",\"name\":\"Jonsdorfer Gebirgsverein 1880 e.V.\",\"description\":\"\",\"publisher\":{\"@id\":\"https:\/\/gebirgsverein1880ev.de\/cs\/#organization\"},\"potentialAction\":[{\"@type\":\"SearchAction\",\"target\":{\"@type\":\"EntryPoint\",\"urlTemplate\":\"https:\/\/gebirgsverein1880ev.de\/cs\/?s={search_term_string}\"},\"query-input\":{\"@type\":\"PropertyValueSpecification\",\"valueRequired\":true,\"valueName\":\"search_term_string\"}}],\"inLanguage\":\"cs\"},{\"@type\":\"Organization\",\"@id\":\"https:\/\/gebirgsverein1880ev.de\/cs\/#organization\",\"name\":\"Jonsdorfer Gebirgsverein 1880 e.V.\",\"url\":\"https:\/\/gebirgsverein1880ev.de\/cs\/\",\"logo\":{\"@type\":\"ImageObject\",\"inLanguage\":\"cs\",\"@id\":\"https:\/\/gebirgsverein1880ev.de\/cs\/#\/schema\/logo\/image\/\",\"url\":\"https:\/\/gebirgsverein1880ev.de\/wp-content\/uploads\/logo_gebirgsverein.png\",\"contentUrl\":\"https:\/\/gebirgsverein1880ev.de\/wp-content\/uploads\/logo_gebirgsverein.png\",\"width\":283,\"height\":184,\"caption\":\"Jonsdorfer Gebirgsverein 1880 e.V.\"},\"image\":{\"@id\":\"https:\/\/gebirgsverein1880ev.de\/cs\/#\/schema\/logo\/image\/\"},\"sameAs\":[\"https:\/\/www.facebook.com\/muehlsteinbrecher\/\"]}]}<\/script>\n<!-- \/ Yoast SEO plugin. -->","yoast_head_json":{"title":"Klubov\u00fd \u017eivot | Jonsdorfer Gebirgsverein 1880 e.V.","description":"V\u00edtejte - Jonsdorfer Gebirgsverein 1880 e.V. \u2713Dal\u0161\u00ed informace o \u017eivot\u011b klubu \u2713Na\u0161e klubov\u00e9 org\u00e1ny a pracovn\u00ed skupiny \u25bb Zobrazit nyn\u00ed","robots":{"index":"index","follow":"follow","max-snippet":"max-snippet:-1","max-image-preview":"max-image-preview:large","max-video-preview":"max-video-preview:-1"},"canonical":"https:\/\/gebirgsverein1880ev.de\/cs\/klubovy-zivot\/","og_locale":"cs_CZ","og_type":"article","og_title":"Klubov\u00fd \u017eivot | Jonsdorfer Gebirgsverein 1880 e.V.","og_description":"V\u00edtejte - Jonsdorfer Gebirgsverein 1880 e.V. \u2713Dal\u0161\u00ed informace o \u017eivot\u011b klubu \u2713Na\u0161e klubov\u00e9 org\u00e1ny a pracovn\u00ed skupiny \u25bb Zobrazit nyn\u00ed","og_url":"https:\/\/gebirgsverein1880ev.de\/cs\/klubovy-zivot\/","og_site_name":"Jonsdorfer Gebirgsverein 1880 e.V.","article_publisher":"https:\/\/www.facebook.com\/muehlsteinbrecher\/","article_modified_time":"2025-04-13T08:10:15+00:00","og_image":[{"url":"https:\/\/gebirgsverein1880ev.de\/wp-content\/uploads\/Bowlen1-scaled-1.jpg","type":"","width":"","height":""}],"twitter_card":"summary_large_image","schema":{"@context":"https:\/\/schema.org","@graph":[{"@type":"WebPage","@id":"https:\/\/gebirgsverein1880ev.de\/cs\/klubovy-zivot\/","url":"https:\/\/gebirgsverein1880ev.de\/cs\/klubovy-zivot\/","name":"Klubov\u00fd \u017eivot | Jonsdorfer Gebirgsverein 1880 e.V.","isPartOf":{"@id":"https:\/\/gebirgsverein1880ev.de\/cs\/#website"},"primaryImageOfPage":{"@id":"https:\/\/gebirgsverein1880ev.de\/cs\/klubovy-zivot\/#primaryimage"},"image":{"@id":"https:\/\/gebirgsverein1880ev.de\/cs\/klubovy-zivot\/#primaryimage"},"thumbnailUrl":"https:\/\/gebirgsverein1880ev.de\/wp-content\/uploads\/Bowlen1-scaled-1.jpg","datePublished":"2025-01-23T09:52:13+00:00","dateModified":"2025-04-13T08:10:15+00:00","description":"V\u00edtejte - Jonsdorfer Gebirgsverein 1880 e.V. \u2713Dal\u0161\u00ed informace o \u017eivot\u011b klubu \u2713Na\u0161e klubov\u00e9 org\u00e1ny a pracovn\u00ed skupiny \u25bb Zobrazit nyn\u00ed","breadcrumb":{"@id":"https:\/\/gebirgsverein1880ev.de\/cs\/klubovy-zivot\/#breadcrumb"},"inLanguage":"cs","potentialAction":[{"@type":"ReadAction","target":["https:\/\/gebirgsverein1880ev.de\/cs\/klubovy-zivot\/"]}]},{"@type":"ImageObject","inLanguage":"cs","@id":"https:\/\/gebirgsverein1880ev.de\/cs\/klubovy-zivot\/#primaryimage","url":"https:\/\/gebirgsverein1880ev.de\/wp-content\/uploads\/Bowlen1-scaled-1.jpg","contentUrl":"https:\/\/gebirgsverein1880ev.de\/wp-content\/uploads\/Bowlen1-scaled-1.jpg"},{"@type":"BreadcrumbList","@id":"https:\/\/gebirgsverein1880ev.de\/cs\/klubovy-zivot\/#breadcrumb","itemListElement":[{"@type":"ListItem","position":1,"name":"Startseite","item":"https:\/\/gebirgsverein1880ev.de\/cs\/"},{"@type":"ListItem","position":2,"name":"Klubov\u00fd \u017eivot"}]},{"@type":"WebSite","@id":"https:\/\/gebirgsverein1880ev.de\/cs\/#website","url":"https:\/\/gebirgsverein1880ev.de\/cs\/","name":"Jonsdorfer Gebirgsverein 1880 e.V.","description":"","publisher":{"@id":"https:\/\/gebirgsverein1880ev.de\/cs\/#organization"},"potentialAction":[{"@type":"SearchAction","target":{"@type":"EntryPoint","urlTemplate":"https:\/\/gebirgsverein1880ev.de\/cs\/?s={search_term_string}"},"query-input":{"@type":"PropertyValueSpecification","valueRequired":true,"valueName":"search_term_string"}}],"inLanguage":"cs"},{"@type":"Organization","@id":"https:\/\/gebirgsverein1880ev.de\/cs\/#organization","name":"Jonsdorfer Gebirgsverein 1880 e.V.","url":"https:\/\/gebirgsverein1880ev.de\/cs\/","logo":{"@type":"ImageObject","inLanguage":"cs","@id":"https:\/\/gebirgsverein1880ev.de\/cs\/#\/schema\/logo\/image\/","url":"https:\/\/gebirgsverein1880ev.de\/wp-content\/uploads\/logo_gebirgsverein.png","contentUrl":"https:\/\/gebirgsverein1880ev.de\/wp-content\/uploads\/logo_gebirgsverein.png","width":283,"height":184,"caption":"Jonsdorfer Gebirgsverein 1880 e.V."},"image":{"@id":"https:\/\/gebirgsverein1880ev.de\/cs\/#\/schema\/logo\/image\/"},"sameAs":["https:\/\/www.facebook.com\/muehlsteinbrecher\/"]}]}},"_links":{"self":[{"href":"https:\/\/gebirgsverein1880ev.de\/cs\/wp-json\/wp\/v2\/pages\/5052","targetHints":{"allow":["GET"]}}],"collection":[{"href":"https:\/\/gebirgsverein1880ev.de\/cs\/wp-json\/wp\/v2\/pages"}],"about":[{"href":"https:\/\/gebirgsverein1880ev.de\/cs\/wp-json\/wp\/v2\/types\/page"}],"author":[{"embeddable":true,"href":"https:\/\/gebirgsverein1880ev.de\/cs\/wp-json\/wp\/v2\/users\/1"}],"replies":[{"embeddable":true,"href":"https:\/\/gebirgsverein1880ev.de\/cs\/wp-json\/wp\/v2\/comments?post=5052"}],"version-history":[{"count":2,"href":"https:\/\/gebirgsverein1880ev.de\/cs\/wp-json\/wp\/v2\/pages\/5052\/revisions"}],"predecessor-version":[{"id":5327,"href":"https:\/\/gebirgsverein1880ev.de\/cs\/wp-json\/wp\/v2\/pages\/5052\/revisions\/5327"}],"wp:attachment":[{"href":"https:\/\/gebirgsverein1880ev.de\/cs\/wp-json\/wp\/v2\/media?parent=5052"}],"curies":[{"name":"wp","href":"https:\/\/api.w.org\/{rel}","templated":true}]}}